{"id":563,"date":"2019-02-22T13:49:20","date_gmt":"2019-02-22T12:49:20","guid":{"rendered":"http:\/\/www.gut-geht-so.de\/03_wordpress\/?page_id=563"},"modified":"2019-02-22T14:23:28","modified_gmt":"2019-02-22T13:23:28","slug":"klangschale","status":"publish","type":"page","link":"http:\/\/www.gut-geht-so.de\/03_wordpress\/klangschale\/","title":{"rendered":"<font color=\"black\">Klangmassage"},"content":{"rendered":"<p><span style=\"color: #000000;\">Bei einer Klangmassage liegen Sie in wohliger Atmoshph\u00e4re entspannt und angezogen auf meiner Behandlungsliege. Unterst\u00fctzend setze ich hierbei hochwertige therapeutische \u00e4therische \u00d6le ein, im Sinne der Aromatherapie. Nacheinander stelle ich die verschiedenen Klangschalen auf Ihren K\u00f6rper auf und schlage diese sanft an. Da unser K\u00f6rper zum gro\u00dfen Teil aus Fl\u00fcssigkeiten besteht, \u00fcbertragen sich die Kl\u00e4nge und Schwingungen auf K\u00f6rper und Seele und bringen die Zellen wieder in Einklang und Harmonie. Das wirkt wie eine innere Massage, ein inneres Streicheln. Stress, Anspannung, \u00c4ngste oder Trauer k\u00f6nnen sich l\u00f6sen, die Energie kann wieder frei flie\u00dfen. Wohlgef\u00fchl, Erleichterung und Tiefenentspannung werden m\u00f6glich. Neue Kraft, Mut und Ausgeglichenheit k\u00f6nnen folgen.<\/span><\/p>\n<p><img decoding=\"async\" loading=\"lazy\" class=\"aligncenter size-full wp-image-257\" src=\"http:\/\/www.gut-geht-so.de\/03_wordpress\/wp-content\/uploads\/2016\/07\/Klangschale1.jpg\" alt=\"\" width=\"480\" height=\"510\" srcset=\"http:\/\/www.gut-geht-so.de\/03_wordpress\/wp-content\/uploads\/2016\/07\/Klangschale1.jpg 480w, http:\/\/www.gut-geht-so.de\/03_wordpress\/wp-content\/uploads\/2016\/07\/Klangschale1-282x300.jpg 282w\" sizes=\"(max-width: 480px) 100vw, 480px\" \/><\/p>\n<p><span style=\"color: #000000;\">Rufen Sie mich gern an:<\/span><\/p>\n<p><span style=\"color: #000000;\">Tel.: +49 (0) 174 471 1257<\/span><\/p>\n<p>\u00a0<\/p>\n\n\n<h4 class=\"wp-block-heading\"><a href=\"http:\/\/www.gut-geht-so.de\/03_wordpress\/\"><br>zur\u00fcck<\/a><\/h4>\n","protected":false},"excerpt":{"rendered":"<p>Bei einer Klangmassage liegen Sie in wohliger Atmoshph\u00e4re entspannt und angezogen auf meiner Behandlungsliege. Unterst\u00fctzend setze ich hierbei hochwertige therapeutische \u00e4therische \u00d6le ein, im Sinne der Aromatherapie. Nacheinander stelle ich die verschiedenen Klangschalen auf Ihren K\u00f6rper auf und schlage diese sanft an. Da unser K\u00f6rper zum gro\u00dfen Teil aus Fl\u00fcssigkeiten besteht, \u00fcbertragen sich die Kl\u00e4nge [&hellip;]<\/p>\n","protected":false},"author":1,"featured_media":0,"parent":0,"menu_order":0,"comment_status":"closed","ping_status":"closed","template":"page-full-width.php","meta":{"footnotes":""},"yoast_head":"<!-- This site is optimized with the Yoast SEO plugin v18.9 - https:\/\/yoast.com\/wordpress\/plugins\/seo\/ -->\n<title>Klangmassage - Karen Thielert-Kr\u00f6mer<\/title>\n<meta name=\"description\" content=\"Karen Thielert-Kr\u00f6mer Klangmassage\" \/>\n<meta name=\"robots\" content=\"index, follow, max-snippet:-1, max-image-preview:large, max-video-preview:-1\" \/>\n<link rel=\"canonical\" href=\"http:\/\/www.gut-geht-so.de\/03_wordpress\/klangschale\/\" \/>\n<meta property=\"og:locale\" content=\"de_DE\" \/>\n<meta property=\"og:type\" content=\"article\" \/>\n<meta property=\"og:title\" content=\"Klangmassage - Karen Thielert-Kr\u00f6mer\" \/>\n<meta property=\"og:description\" content=\"Karen Thielert-Kr\u00f6mer &lt;font color=&quot;black&quot;&gt;Klangmassage\" \/>\n<meta property=\"og:url\" content=\"http:\/\/www.gut-geht-so.de\/03_wordpress\/klangschale\/\" \/>\n<meta property=\"og:site_name\" content=\"Karen Thielert-Kr\u00f6mer\" \/>\n<meta property=\"article:modified_time\" content=\"2019-02-22T13:23:28+00:00\" \/>\n<meta property=\"og:image\" content=\"http:\/\/www.gut-geht-so.de\/03_wordpress\/wp-content\/uploads\/2016\/07\/Klangschale1.jpg\" \/>\n<meta name=\"twitter:card\" content=\"summary_large_image\" \/>\n<meta name=\"twitter:label1\" content=\"Gesch\u00e4tzte Lesezeit\" \/>\n\t<meta name=\"twitter:data1\" content=\"1\u00a0Minute\" \/>\n<script type=\"application\/ld+json\" class=\"yoast-schema-graph\">{\"@context\":\"https:\/\/schema.org\",\"@graph\":[{\"@type\":[\"Person\",\"Organization\"],\"@id\":\"http:\/\/www.gut-geht-so.de\/03_wordpress\/#\/schema\/person\/193693457f65a6eacf7406f39ae38821\",\"name\":\"Karen.Thielert-Kr\u00f6mer\",\"image\":{\"@type\":\"ImageObject\",\"inLanguage\":\"de\",\"@id\":\"http:\/\/www.gut-geht-so.de\/03_wordpress\/#\/schema\/person\/image\/\",\"url\":\"http:\/\/1.gravatar.com\/avatar\/ddf0d52816badacff52d22e89cdaa4d4?s=96&d=mm&r=g\",\"contentUrl\":\"http:\/\/1.gravatar.com\/avatar\/ddf0d52816badacff52d22e89cdaa4d4?s=96&d=mm&r=g\",\"caption\":\"Karen.Thielert-Kr\u00f6mer\"},\"logo\":{\"@id\":\"http:\/\/www.gut-geht-so.de\/03_wordpress\/#\/schema\/person\/image\/\"},\"sameAs\":[\"http:\/\/www.gut-geht-so.de\"]},{\"@type\":\"WebSite\",\"@id\":\"http:\/\/www.gut-geht-so.de\/03_wordpress\/#website\",\"url\":\"http:\/\/www.gut-geht-so.de\/03_wordpress\/\",\"name\":\"Karen Thielert-Kr\u00f6mer\",\"description\":\"Gut-geht-so\",\"publisher\":{\"@id\":\"http:\/\/www.gut-geht-so.de\/03_wordpress\/#\/schema\/person\/193693457f65a6eacf7406f39ae38821\"},\"potentialAction\":[{\"@type\":\"SearchAction\",\"target\":{\"@type\":\"EntryPoint\",\"urlTemplate\":\"http:\/\/www.gut-geht-so.de\/03_wordpress\/?s={search_term_string}\"},\"query-input\":\"required name=search_term_string\"}],\"inLanguage\":\"de\"},{\"@type\":\"ImageObject\",\"inLanguage\":\"de\",\"@id\":\"http:\/\/www.gut-geht-so.de\/03_wordpress\/klangschale\/#primaryimage\",\"url\":\"http:\/\/www.gut-geht-so.de\/03_wordpress\/wp-content\/uploads\/2016\/07\/Klangschale1.jpg\",\"contentUrl\":\"http:\/\/www.gut-geht-so.de\/03_wordpress\/wp-content\/uploads\/2016\/07\/Klangschale1.jpg\",\"width\":480,\"height\":510},{\"@type\":\"WebPage\",\"@id\":\"http:\/\/www.gut-geht-so.de\/03_wordpress\/klangschale\/#webpage\",\"url\":\"http:\/\/www.gut-geht-so.de\/03_wordpress\/klangschale\/\",\"name\":\"Klangmassage - Karen Thielert-Kr\u00f6mer\",\"isPartOf\":{\"@id\":\"http:\/\/www.gut-geht-so.de\/03_wordpress\/#website\"},\"primaryImageOfPage\":{\"@id\":\"http:\/\/www.gut-geht-so.de\/03_wordpress\/klangschale\/#primaryimage\"},\"datePublished\":\"2019-02-22T12:49:20+00:00\",\"dateModified\":\"2019-02-22T13:23:28+00:00\",\"description\":\"Karen Thielert-Kr\u00f6mer Klangmassage\",\"breadcrumb\":{\"@id\":\"http:\/\/www.gut-geht-so.de\/03_wordpress\/klangschale\/#breadcrumb\"},\"inLanguage\":\"de\",\"potentialAction\":[{\"@type\":\"ReadAction\",\"target\":[\"http:\/\/www.gut-geht-so.de\/03_wordpress\/klangschale\/\"]}]},{\"@type\":\"BreadcrumbList\",\"@id\":\"http:\/\/www.gut-geht-so.de\/03_wordpress\/klangschale\/#breadcrumb\",\"itemListElement\":[{\"@type\":\"ListItem\",\"position\":1,\"name\":\"Startseite\",\"item\":\"http:\/\/www.gut-geht-so.de\/03_wordpress\/\"},{\"@type\":\"ListItem\",\"position\":2,\"name\":\"Klangmassage\"}]}]}<\/script>\n<!-- \/ Yoast SEO plugin. -->","yoast_head_json":{"title":"Klangmassage - Karen Thielert-Kr\u00f6mer","description":"Karen Thielert-Kr\u00f6mer Klangmassage","robots":{"index":"index","follow":"follow","max-snippet":"max-snippet:-1","max-image-preview":"max-image-preview:large","max-video-preview":"max-video-preview:-1"},"canonical":"http:\/\/www.gut-geht-so.de\/03_wordpress\/klangschale\/","og_locale":"de_DE","og_type":"article","og_title":"Klangmassage - Karen Thielert-Kr\u00f6mer","og_description":"Karen Thielert-Kr\u00f6mer <font color=\"black\">Klangmassage","og_url":"http:\/\/www.gut-geht-so.de\/03_wordpress\/klangschale\/","og_site_name":"Karen Thielert-Kr\u00f6mer","article_modified_time":"2019-02-22T13:23:28+00:00","og_image":[{"url":"http:\/\/www.gut-geht-so.de\/03_wordpress\/wp-content\/uploads\/2016\/07\/Klangschale1.jpg"}],"twitter_card":"summary_large_image","twitter_misc":{"Gesch\u00e4tzte Lesezeit":"1\u00a0Minute"},"schema":{"@context":"https:\/\/schema.org","@graph":[{"@type":["Person","Organization"],"@id":"http:\/\/www.gut-geht-so.de\/03_wordpress\/#\/schema\/person\/193693457f65a6eacf7406f39ae38821","name":"Karen.Thielert-Kr\u00f6mer","image":{"@type":"ImageObject","inLanguage":"de","@id":"http:\/\/www.gut-geht-so.de\/03_wordpress\/#\/schema\/person\/image\/","url":"http:\/\/1.gravatar.com\/avatar\/ddf0d52816badacff52d22e89cdaa4d4?s=96&d=mm&r=g","contentUrl":"http:\/\/1.gravatar.com\/avatar\/ddf0d52816badacff52d22e89cdaa4d4?s=96&d=mm&r=g","caption":"Karen.Thielert-Kr\u00f6mer"},"logo":{"@id":"http:\/\/www.gut-geht-so.de\/03_wordpress\/#\/schema\/person\/image\/"},"sameAs":["http:\/\/www.gut-geht-so.de"]},{"@type":"WebSite","@id":"http:\/\/www.gut-geht-so.de\/03_wordpress\/#website","url":"http:\/\/www.gut-geht-so.de\/03_wordpress\/","name":"Karen Thielert-Kr\u00f6mer","description":"Gut-geht-so","publisher":{"@id":"http:\/\/www.gut-geht-so.de\/03_wordpress\/#\/schema\/person\/193693457f65a6eacf7406f39ae38821"},"potentialAction":[{"@type":"SearchAction","target":{"@type":"EntryPoint","urlTemplate":"http:\/\/www.gut-geht-so.de\/03_wordpress\/?s={search_term_string}"},"query-input":"required name=search_term_string"}],"inLanguage":"de"},{"@type":"ImageObject","inLanguage":"de","@id":"http:\/\/www.gut-geht-so.de\/03_wordpress\/klangschale\/#primaryimage","url":"http:\/\/www.gut-geht-so.de\/03_wordpress\/wp-content\/uploads\/2016\/07\/Klangschale1.jpg","contentUrl":"http:\/\/www.gut-geht-so.de\/03_wordpress\/wp-content\/uploads\/2016\/07\/Klangschale1.jpg","width":480,"height":510},{"@type":"WebPage","@id":"http:\/\/www.gut-geht-so.de\/03_wordpress\/klangschale\/#webpage","url":"http:\/\/www.gut-geht-so.de\/03_wordpress\/klangschale\/","name":"Klangmassage - Karen Thielert-Kr\u00f6mer","isPartOf":{"@id":"http:\/\/www.gut-geht-so.de\/03_wordpress\/#website"},"primaryImageOfPage":{"@id":"http:\/\/www.gut-geht-so.de\/03_wordpress\/klangschale\/#primaryimage"},"datePublished":"2019-02-22T12:49:20+00:00","dateModified":"2019-02-22T13:23:28+00:00","description":"Karen Thielert-Kr\u00f6mer Klangmassage","breadcrumb":{"@id":"http:\/\/www.gut-geht-so.de\/03_wordpress\/klangschale\/#breadcrumb"},"inLanguage":"de","potentialAction":[{"@type":"ReadAction","target":["http:\/\/www.gut-geht-so.de\/03_wordpress\/klangschale\/"]}]},{"@type":"BreadcrumbList","@id":"http:\/\/www.gut-geht-so.de\/03_wordpress\/klangschale\/#breadcrumb","itemListElement":[{"@type":"ListItem","position":1,"name":"Startseite","item":"http:\/\/www.gut-geht-so.de\/03_wordpress\/"},{"@type":"ListItem","position":2,"name":"Klangmassage"}]}]}},"_links":{"self":[{"href":"http:\/\/www.gut-geht-so.de\/03_wordpress\/wp-json\/wp\/v2\/pages\/563"}],"collection":[{"href":"http:\/\/www.gut-geht-so.de\/03_wordpress\/wp-json\/wp\/v2\/pages"}],"about":[{"href":"http:\/\/www.gut-geht-so.de\/03_wordpress\/wp-json\/wp\/v2\/types\/page"}],"author":[{"embeddable":true,"href":"http:\/\/www.gut-geht-so.de\/03_wordpress\/wp-json\/wp\/v2\/users\/1"}],"replies":[{"embeddable":true,"href":"http:\/\/www.gut-geht-so.de\/03_wordpress\/wp-json\/wp\/v2\/comments?post=563"}],"version-history":[{"count":12,"href":"http:\/\/www.gut-geht-so.de\/03_wordpress\/wp-json\/wp\/v2\/pages\/563\/revisions"}],"predecessor-version":[{"id":582,"href":"http:\/\/www.gut-geht-so.de\/03_wordpress\/wp-json\/wp\/v2\/pages\/563\/revisions\/582"}],"wp:attachment":[{"href":"http:\/\/www.gut-geht-so.de\/03_wordpress\/wp-json\/wp\/v2\/media?parent=563"}],"curies":[{"name":"wp","href":"https:\/\/api.w.org\/{rel}","templated":true}]}}