{"id":480,"date":"2019-01-27T18:17:05","date_gmt":"2019-01-27T17:17:05","guid":{"rendered":"http:\/\/www.gut-geht-so.de\/03_wordpress\/?page_id=480"},"modified":"2023-08-15T21:12:33","modified_gmt":"2023-08-15T19:12:33","slug":"nachhilfe-und-lerntherapie","status":"publish","type":"page","link":"http:\/\/www.gut-geht-so.de\/03_wordpress\/nachhilfe-und-lerntherapie\/","title":{"rendered":"<font color=\"black\">Nachhilfe und Lerntherapie"},"content":{"rendered":"\n<div class=\"wp-block-image\"><figure class=\"alignright size-large is-resized\"><a href=\"http:\/\/www.gut-geht-so.de\/03_wordpress\/wp-content\/uploads\/2023\/08\/Lerntherapie_gut-geht-so-rotated.jpg\"><img decoding=\"async\" loading=\"lazy\" src=\"http:\/\/www.gut-geht-so.de\/03_wordpress\/wp-content\/uploads\/2023\/08\/Lerntherapie_gut-geht-so-768x1024.jpg\" alt=\"\" class=\"wp-image-803\" width=\"319\" height=\"425\" srcset=\"http:\/\/www.gut-geht-so.de\/03_wordpress\/wp-content\/uploads\/2023\/08\/Lerntherapie_gut-geht-so-768x1024.jpg 768w, http:\/\/www.gut-geht-so.de\/03_wordpress\/wp-content\/uploads\/2023\/08\/Lerntherapie_gut-geht-so-225x300.jpg 225w, http:\/\/www.gut-geht-so.de\/03_wordpress\/wp-content\/uploads\/2023\/08\/Lerntherapie_gut-geht-so-1152x1536.jpg 1152w, http:\/\/www.gut-geht-so.de\/03_wordpress\/wp-content\/uploads\/2023\/08\/Lerntherapie_gut-geht-so-rotated.jpg 1512w\" sizes=\"(max-width: 319px) 100vw, 319px\" \/><\/a><\/figure><\/div>\n\n\n\n<p class=\"has-text-color\" style=\"color:#000000\">Manchmal reicht Struktur und gezielte Nachhilfe aus, um die Schulnoten zu verbessern. In anderen F\u00e4llen ist es notwendig, zun\u00e4chst einmal herauszufinden, in welchen Teilleistungsbereichen Defizite bestehen, um dann andere Lernkan\u00e4le und individuelle Interventionen der Lerntherapie hilfreich einzusetzen, um dem Kind \/ Jugendlichen Erfolgserlebnisse und nachhaltiges Lernen zu erm\u00f6glichen. Oft ist es sinnvoll, beide Varianten miteinander zu verbinden. <\/p>\n\n\n\n<p class=\"has-text-color\" style=\"color:#000000\">Ich biete Ihnen und Ihrem Kind Unterst\u00fctzung an bei:<\/p>\n\n\n\n<p class=\"has-text-color\" style=\"color:#000000\">&#8211; Legasthenie \/ Dyskalkulie<br>&#8211; Konzentrationsproblemen<br>&#8211; Wahrnehmungsst\u00f6rungen<br>&#8211; Lese-, Rechtschreib-, Rechenschw\u00e4che<br>&#8211; Defiziten in einzelnen Teilleistungsbereichen<\/p>\n\n\n\n<p><\/p>\n\n\n\n<p class=\"has-text-color\" style=\"color:#000000\">Anhand verschiedener Diagnostikm\u00f6glichkeiten\/Testungen und im gemeinsamen Gespr\u00e4ch mit Ihnen finde ich heraus, welche Unterst\u00fctzung f\u00fcr Ihr Kind sinnvoll ist und erstelle einen individuellen Lernplan, der dann in w\u00f6chentlichen Lerneinheiten (Einzelstunden oder Kleingruppen mit max. 3 Personen) kreativ und abwechslungsreich umgesetzt wird. Hierbei wird besonders auf das Erleben und Lernen mit allen Sinnen geachtet, damit eine langfristige Verankerung des Gelernten gelingen kann.<\/p>\n\n\n\n<p class=\"has-text-color\" style=\"color:#000000\">Sprechen Sie mich an &#8211; ich berate Sie gern!<\/p>\n\n\n\n<p class=\"has-text-color\" style=\"color:#000000\">Tel.: +49 (0) 174 471 1257<\/p>\n\n\n\n<h4 class=\"wp-block-heading\"><a href=\"http:\/\/www.gut-geht-so.de\/03_wordpress\/\">zur\u00fcck<\/a><\/h4>\n","protected":false},"excerpt":{"rendered":"<p>Manchmal reicht Struktur und gezielte Nachhilfe aus, um die Schulnoten zu verbessern. In anderen F\u00e4llen ist es notwendig, zun\u00e4chst einmal herauszufinden, in welchen Teilleistungsbereichen Defizite bestehen, um dann andere Lernkan\u00e4le und individuelle Interventionen der Lerntherapie hilfreich einzusetzen, um dem Kind \/ Jugendlichen Erfolgserlebnisse und nachhaltiges Lernen zu erm\u00f6glichen. Oft ist es sinnvoll, beide Varianten miteinander [&hellip;]<\/p>\n","protected":false},"author":1,"featured_media":0,"parent":0,"menu_order":0,"comment_status":"closed","ping_status":"closed","template":"page-full-width.php","meta":{"footnotes":""},"yoast_head":"<!-- This site is optimized with the Yoast SEO plugin v18.9 - https:\/\/yoast.com\/wordpress\/plugins\/seo\/ -->\n<title>Nachhilfe und Lerntherapie - Karen Thielert-Kr\u00f6mer<\/title>\n<meta name=\"description\" content=\"Karen Thielert-Kr\u00f6mer Nachhilfe und Lerntherapie\" \/>\n<meta name=\"robots\" content=\"index, follow, max-snippet:-1, max-image-preview:large, max-video-preview:-1\" \/>\n<link rel=\"canonical\" href=\"http:\/\/www.gut-geht-so.de\/03_wordpress\/nachhilfe-und-lerntherapie\/\" \/>\n<meta property=\"og:locale\" content=\"de_DE\" \/>\n<meta property=\"og:type\" content=\"article\" \/>\n<meta property=\"og:title\" content=\"Nachhilfe und Lerntherapie - Karen Thielert-Kr\u00f6mer\" \/>\n<meta property=\"og:description\" content=\"Karen Thielert-Kr\u00f6mer &lt;font color=&quot;black&quot;&gt;Nachhilfe und Lerntherapie\" \/>\n<meta property=\"og:url\" content=\"http:\/\/www.gut-geht-so.de\/03_wordpress\/nachhilfe-und-lerntherapie\/\" \/>\n<meta property=\"og:site_name\" content=\"Karen Thielert-Kr\u00f6mer\" \/>\n<meta property=\"article:modified_time\" content=\"2023-08-15T19:12:33+00:00\" \/>\n<meta property=\"og:image\" content=\"http:\/\/www.gut-geht-so.de\/03_wordpress\/wp-content\/uploads\/2023\/08\/Lerntherapie_gut-geht-so-768x1024.jpg\" \/>\n<meta name=\"twitter:card\" content=\"summary_large_image\" \/>\n<meta name=\"twitter:label1\" content=\"Gesch\u00e4tzte Lesezeit\" \/>\n\t<meta name=\"twitter:data1\" content=\"2\u00a0Minuten\" \/>\n<script type=\"application\/ld+json\" class=\"yoast-schema-graph\">{\"@context\":\"https:\/\/schema.org\",\"@graph\":[{\"@type\":[\"Person\",\"Organization\"],\"@id\":\"http:\/\/www.gut-geht-so.de\/03_wordpress\/#\/schema\/person\/193693457f65a6eacf7406f39ae38821\",\"name\":\"Karen.Thielert-Kr\u00f6mer\",\"image\":{\"@type\":\"ImageObject\",\"inLanguage\":\"de\",\"@id\":\"http:\/\/www.gut-geht-so.de\/03_wordpress\/#\/schema\/person\/image\/\",\"url\":\"http:\/\/1.gravatar.com\/avatar\/ddf0d52816badacff52d22e89cdaa4d4?s=96&d=mm&r=g\",\"contentUrl\":\"http:\/\/1.gravatar.com\/avatar\/ddf0d52816badacff52d22e89cdaa4d4?s=96&d=mm&r=g\",\"caption\":\"Karen.Thielert-Kr\u00f6mer\"},\"logo\":{\"@id\":\"http:\/\/www.gut-geht-so.de\/03_wordpress\/#\/schema\/person\/image\/\"},\"sameAs\":[\"http:\/\/www.gut-geht-so.de\"]},{\"@type\":\"WebSite\",\"@id\":\"http:\/\/www.gut-geht-so.de\/03_wordpress\/#website\",\"url\":\"http:\/\/www.gut-geht-so.de\/03_wordpress\/\",\"name\":\"Karen Thielert-Kr\u00f6mer\",\"description\":\"Gut-geht-so\",\"publisher\":{\"@id\":\"http:\/\/www.gut-geht-so.de\/03_wordpress\/#\/schema\/person\/193693457f65a6eacf7406f39ae38821\"},\"potentialAction\":[{\"@type\":\"SearchAction\",\"target\":{\"@type\":\"EntryPoint\",\"urlTemplate\":\"http:\/\/www.gut-geht-so.de\/03_wordpress\/?s={search_term_string}\"},\"query-input\":\"required name=search_term_string\"}],\"inLanguage\":\"de\"},{\"@type\":\"ImageObject\",\"inLanguage\":\"de\",\"@id\":\"http:\/\/www.gut-geht-so.de\/03_wordpress\/nachhilfe-und-lerntherapie\/#primaryimage\",\"url\":\"http:\/\/www.gut-geht-so.de\/03_wordpress\/wp-content\/uploads\/2023\/08\/Lerntherapie_gut-geht-so-rotated.jpg\",\"contentUrl\":\"http:\/\/www.gut-geht-so.de\/03_wordpress\/wp-content\/uploads\/2023\/08\/Lerntherapie_gut-geht-so-rotated.jpg\",\"width\":1512,\"height\":2016},{\"@type\":\"WebPage\",\"@id\":\"http:\/\/www.gut-geht-so.de\/03_wordpress\/nachhilfe-und-lerntherapie\/#webpage\",\"url\":\"http:\/\/www.gut-geht-so.de\/03_wordpress\/nachhilfe-und-lerntherapie\/\",\"name\":\"Nachhilfe und Lerntherapie - Karen Thielert-Kr\u00f6mer\",\"isPartOf\":{\"@id\":\"http:\/\/www.gut-geht-so.de\/03_wordpress\/#website\"},\"primaryImageOfPage\":{\"@id\":\"http:\/\/www.gut-geht-so.de\/03_wordpress\/nachhilfe-und-lerntherapie\/#primaryimage\"},\"datePublished\":\"2019-01-27T17:17:05+00:00\",\"dateModified\":\"2023-08-15T19:12:33+00:00\",\"description\":\"Karen Thielert-Kr\u00f6mer Nachhilfe und Lerntherapie\",\"breadcrumb\":{\"@id\":\"http:\/\/www.gut-geht-so.de\/03_wordpress\/nachhilfe-und-lerntherapie\/#breadcrumb\"},\"inLanguage\":\"de\",\"potentialAction\":[{\"@type\":\"ReadAction\",\"target\":[\"http:\/\/www.gut-geht-so.de\/03_wordpress\/nachhilfe-und-lerntherapie\/\"]}]},{\"@type\":\"BreadcrumbList\",\"@id\":\"http:\/\/www.gut-geht-so.de\/03_wordpress\/nachhilfe-und-lerntherapie\/#breadcrumb\",\"itemListElement\":[{\"@type\":\"ListItem\",\"position\":1,\"name\":\"Startseite\",\"item\":\"http:\/\/www.gut-geht-so.de\/03_wordpress\/\"},{\"@type\":\"ListItem\",\"position\":2,\"name\":\"Nachhilfe und Lerntherapie\"}]}]}<\/script>\n<!-- \/ Yoast SEO plugin. -->","yoast_head_json":{"title":"Nachhilfe und Lerntherapie - Karen Thielert-Kr\u00f6mer","description":"Karen Thielert-Kr\u00f6mer Nachhilfe und Lerntherapie","robots":{"index":"index","follow":"follow","max-snippet":"max-snippet:-1","max-image-preview":"max-image-preview:large","max-video-preview":"max-video-preview:-1"},"canonical":"http:\/\/www.gut-geht-so.de\/03_wordpress\/nachhilfe-und-lerntherapie\/","og_locale":"de_DE","og_type":"article","og_title":"Nachhilfe und Lerntherapie - Karen Thielert-Kr\u00f6mer","og_description":"Karen Thielert-Kr\u00f6mer <font color=\"black\">Nachhilfe und Lerntherapie","og_url":"http:\/\/www.gut-geht-so.de\/03_wordpress\/nachhilfe-und-lerntherapie\/","og_site_name":"Karen Thielert-Kr\u00f6mer","article_modified_time":"2023-08-15T19:12:33+00:00","og_image":[{"url":"http:\/\/www.gut-geht-so.de\/03_wordpress\/wp-content\/uploads\/2023\/08\/Lerntherapie_gut-geht-so-768x1024.jpg"}],"twitter_card":"summary_large_image","twitter_misc":{"Gesch\u00e4tzte Lesezeit":"2\u00a0Minuten"},"schema":{"@context":"https:\/\/schema.org","@graph":[{"@type":["Person","Organization"],"@id":"http:\/\/www.gut-geht-so.de\/03_wordpress\/#\/schema\/person\/193693457f65a6eacf7406f39ae38821","name":"Karen.Thielert-Kr\u00f6mer","image":{"@type":"ImageObject","inLanguage":"de","@id":"http:\/\/www.gut-geht-so.de\/03_wordpress\/#\/schema\/person\/image\/","url":"http:\/\/1.gravatar.com\/avatar\/ddf0d52816badacff52d22e89cdaa4d4?s=96&d=mm&r=g","contentUrl":"http:\/\/1.gravatar.com\/avatar\/ddf0d52816badacff52d22e89cdaa4d4?s=96&d=mm&r=g","caption":"Karen.Thielert-Kr\u00f6mer"},"logo":{"@id":"http:\/\/www.gut-geht-so.de\/03_wordpress\/#\/schema\/person\/image\/"},"sameAs":["http:\/\/www.gut-geht-so.de"]},{"@type":"WebSite","@id":"http:\/\/www.gut-geht-so.de\/03_wordpress\/#website","url":"http:\/\/www.gut-geht-so.de\/03_wordpress\/","name":"Karen Thielert-Kr\u00f6mer","description":"Gut-geht-so","publisher":{"@id":"http:\/\/www.gut-geht-so.de\/03_wordpress\/#\/schema\/person\/193693457f65a6eacf7406f39ae38821"},"potentialAction":[{"@type":"SearchAction","target":{"@type":"EntryPoint","urlTemplate":"http:\/\/www.gut-geht-so.de\/03_wordpress\/?s={search_term_string}"},"query-input":"required name=search_term_string"}],"inLanguage":"de"},{"@type":"ImageObject","inLanguage":"de","@id":"http:\/\/www.gut-geht-so.de\/03_wordpress\/nachhilfe-und-lerntherapie\/#primaryimage","url":"http:\/\/www.gut-geht-so.de\/03_wordpress\/wp-content\/uploads\/2023\/08\/Lerntherapie_gut-geht-so-rotated.jpg","contentUrl":"http:\/\/www.gut-geht-so.de\/03_wordpress\/wp-content\/uploads\/2023\/08\/Lerntherapie_gut-geht-so-rotated.jpg","width":1512,"height":2016},{"@type":"WebPage","@id":"http:\/\/www.gut-geht-so.de\/03_wordpress\/nachhilfe-und-lerntherapie\/#webpage","url":"http:\/\/www.gut-geht-so.de\/03_wordpress\/nachhilfe-und-lerntherapie\/","name":"Nachhilfe und Lerntherapie - Karen Thielert-Kr\u00f6mer","isPartOf":{"@id":"http:\/\/www.gut-geht-so.de\/03_wordpress\/#website"},"primaryImageOfPage":{"@id":"http:\/\/www.gut-geht-so.de\/03_wordpress\/nachhilfe-und-lerntherapie\/#primaryimage"},"datePublished":"2019-01-27T17:17:05+00:00","dateModified":"2023-08-15T19:12:33+00:00","description":"Karen Thielert-Kr\u00f6mer Nachhilfe und Lerntherapie","breadcrumb":{"@id":"http:\/\/www.gut-geht-so.de\/03_wordpress\/nachhilfe-und-lerntherapie\/#breadcrumb"},"inLanguage":"de","potentialAction":[{"@type":"ReadAction","target":["http:\/\/www.gut-geht-so.de\/03_wordpress\/nachhilfe-und-lerntherapie\/"]}]},{"@type":"BreadcrumbList","@id":"http:\/\/www.gut-geht-so.de\/03_wordpress\/nachhilfe-und-lerntherapie\/#breadcrumb","itemListElement":[{"@type":"ListItem","position":1,"name":"Startseite","item":"http:\/\/www.gut-geht-so.de\/03_wordpress\/"},{"@type":"ListItem","position":2,"name":"Nachhilfe und Lerntherapie"}]}]}},"_links":{"self":[{"href":"http:\/\/www.gut-geht-so.de\/03_wordpress\/wp-json\/wp\/v2\/pages\/480"}],"collection":[{"href":"http:\/\/www.gut-geht-so.de\/03_wordpress\/wp-json\/wp\/v2\/pages"}],"about":[{"href":"http:\/\/www.gut-geht-so.de\/03_wordpress\/wp-json\/wp\/v2\/types\/page"}],"author":[{"embeddable":true,"href":"http:\/\/www.gut-geht-so.de\/03_wordpress\/wp-json\/wp\/v2\/users\/1"}],"replies":[{"embeddable":true,"href":"http:\/\/www.gut-geht-so.de\/03_wordpress\/wp-json\/wp\/v2\/comments?post=480"}],"version-history":[{"count":29,"href":"http:\/\/www.gut-geht-so.de\/03_wordpress\/wp-json\/wp\/v2\/pages\/480\/revisions"}],"predecessor-version":[{"id":823,"href":"http:\/\/www.gut-geht-so.de\/03_wordpress\/wp-json\/wp\/v2\/pages\/480\/revisions\/823"}],"wp:attachment":[{"href":"http:\/\/www.gut-geht-so.de\/03_wordpress\/wp-json\/wp\/v2\/media?parent=480"}],"curies":[{"name":"wp","href":"https:\/\/api.w.org\/{rel}","templated":true}]}}