{"id":472,"date":"2019-01-27T16:56:28","date_gmt":"2019-01-27T15:56:28","guid":{"rendered":"http:\/\/www.gut-geht-so.de\/03_wordpress\/?page_id=472"},"modified":"2023-08-15T17:34:26","modified_gmt":"2023-08-15T15:34:26","slug":"rit-reflexintegration","status":"publish","type":"page","link":"http:\/\/www.gut-geht-so.de\/03_wordpress\/rit-reflexintegration\/","title":{"rendered":"<font color=\"black\">RIT-Reflexintegration"},"content":{"rendered":"<div id=\"main\">\n<div id=\"cnt\" class=\" mdm\">\n<div class=\"mw\">\n<div id=\"rcnt\">\n<div class=\"col\">\n<div id=\"center_col\">\n<div id=\"res\" class=\"med\" role=\"main\">\n<div id=\"search\">\n<div data-ved=\"0ahUKEwid0PCxqY7gAhUFEVAKHUdYCBMQGggp\">\n<div id=\"ires\" data-async-context=\"query:rit%20reflexintegration\">\n<div id=\"rso\">\n<div class=\"bkWMgd\">\n<div class=\"srg\">\n<div class=\"g\">\n<div data-ved=\"2ahUKEwid0PCxqY7gAhUFEVAKHUdYCBMQFSgAMAB6BAgPEAA\" data-hveid=\"CA8QAA\">\n<div class=\"rc\">\n<div class=\"r\">\n<h3 class=\"LC20lb\"><span style=\"color: #000000;\">Reflexintegration<\/span><\/h3>\n<p><span style=\"color: #000000;\">bei Lern- und Verhaltensproblemen in Schule und Familienalltag<\/span><\/p>\n<p><span style=\"color: #000000;\">Kennen Sie das auch von Ihrem Kind?<\/span><\/p>\n<ul>\n<li><span style=\"color: #000000;\">Stillsitzen f\u00e4llt schwer<\/span><\/li>\n<\/ul>\n<ul>\n<li><span style=\"color: #000000;\">Wutausbr\u00fcche, Verweigerung, schwieriges Sozialverhalten<\/span><\/li>\n<\/ul>\n<ul>\n<li><span style=\"color: #000000;\">ADHS \/ ADS<\/span><\/li>\n<\/ul>\n<ul>\n<li><span style=\"color: #000000;\">Legasthenie \/ Dyskalkulie<\/span><\/li>\n<\/ul>\n<ul>\n<li><span style=\"color: #000000;\">Lese-, Rechtschreib-, Rechenschw\u00e4che<\/span><\/li>\n<\/ul>\n<ul>\n<li><span style=\"color: #000000;\">Konzentrationsst\u00f6rungen<\/span><\/li>\n<\/ul>\n<ul>\n<li><span style=\"color: #000000;\">leichte Ablenkbarkeit, schnelle Erm\u00fcdung beim Lesen<\/span><\/li>\n<\/ul>\n<ul>\n<li><span style=\"color: #000000;\">Ungeschicklichkeit, schlechte K\u00f6rperkoordination<\/span><\/li>\n<\/ul>\n<ul>\n<li><span style=\"color: #000000;\">Chaos in Ranzen und Zimmer<\/span><\/li>\n<\/ul>\n<ul>\n<li><span style=\"color: #000000;\">Verdrehen von Zahlen und Buchstaben (39 statt 93 oder b statt d)<\/span><\/li>\n<\/ul>\n<ul>\n<li><span style=\"color: #000000;\">mangelndes Selbstbewusstsein<\/span><\/li>\n<\/ul>\n<p><span style=\"color: #000000;\">Dann k\u00f6nnte die Reflexintegration eine wirkungsvolle Unterst\u00fctzung sein!<\/span><\/p>\n<p><span style=\"color: #000000;\">Bei Lern- und Verhaltensproblemen sind oftmals noch die fr\u00fchkindlichen Reflexe aktiv, die eigentlich w\u00e4hrend der ersten drei Lebensjahre gehemmt bzw. integriert werden. Geschieht dies nicht (aus vielen unterschiedlichen Gr\u00fcnden), so bleiben diese nicht steuerbaren Urreflexe aktiv. Den Kindern wird oft Unrecht getan, denn f\u00fcr sie ist es so, als liefe im Hintergrund rund um die Uhr ein veraltetes und energieraubendes Programm, das unvermittelt einfach in viele Lebensbereiche hineinfunkt und so verschiedene Verhaltensweisen hervorruft bzw. Lernm\u00f6glichkeiten verhindert.<\/span><\/p>\n<p><span style=\"color: #000000;\">Hier setzt die Bewegungstherapie der RIT-Reflexintegration an. Schon nach 6 &#8211; 8 Einheiten (1 x \/ Monat) k\u00f6nnen gute Verbesserungen m\u00f6glich sein und somit eine leichtere Schulzeit und ein stressfreieres Familienleben unterst\u00fctzen.<\/span><\/p>\n<p><span style=\"color: #000000;\">Sprechen Sie mich an &#8211; ich berate Sie gern!<\/span><\/p>\n<\/div>\n<\/div>\n<\/div>\n<\/div>\n<\/div>\n<\/div>\n<\/div>\n<\/div>\n<\/div>\n<\/div>\n<\/div>\n<\/div>\n<\/div>\n<\/div>\n<\/div>\n<\/div>\n<\/div>\n\n\n<p class=\"has-text-color\" style=\"color:#000000\">Tel.: +49 (0) 174 471 1257<\/p>\n\n\n\n<h4 class=\"wp-block-heading\"><a href=\"http:\/\/www.gut-geht-so.de\/03_wordpress\/\">zur\u00fcck<\/a><\/h4>\n","protected":false},"excerpt":{"rendered":"<p>Reflexintegration bei Lern- und Verhaltensproblemen in Schule und Familienalltag Kennen Sie das auch von Ihrem Kind? Stillsitzen f\u00e4llt schwer Wutausbr\u00fcche, Verweigerung, schwieriges Sozialverhalten ADHS \/ ADS Legasthenie \/ Dyskalkulie Lese-, Rechtschreib-, Rechenschw\u00e4che Konzentrationsst\u00f6rungen leichte Ablenkbarkeit, schnelle Erm\u00fcdung beim Lesen Ungeschicklichkeit, schlechte K\u00f6rperkoordination Chaos in Ranzen und Zimmer Verdrehen von Zahlen und Buchstaben (39 statt 93 [&hellip;]<\/p>\n","protected":false},"author":1,"featured_media":0,"parent":0,"menu_order":0,"comment_status":"closed","ping_status":"closed","template":"page-full-width.php","meta":{"footnotes":""},"yoast_head":"<!-- This site is optimized with the Yoast SEO plugin v18.9 - https:\/\/yoast.com\/wordpress\/plugins\/seo\/ -->\n<title>RIT-Reflexintegration - Karen Thielert-Kr\u00f6mer<\/title>\n<meta name=\"description\" content=\"Karen Thielert-Kr\u00f6mer RIT-Reflexintegration\" \/>\n<meta name=\"robots\" content=\"index, follow, max-snippet:-1, max-image-preview:large, max-video-preview:-1\" \/>\n<link rel=\"canonical\" href=\"http:\/\/www.gut-geht-so.de\/03_wordpress\/rit-reflexintegration\/\" \/>\n<meta property=\"og:locale\" content=\"de_DE\" \/>\n<meta property=\"og:type\" content=\"article\" \/>\n<meta property=\"og:title\" content=\"RIT-Reflexintegration - Karen Thielert-Kr\u00f6mer\" \/>\n<meta property=\"og:description\" content=\"Karen Thielert-Kr\u00f6mer &lt;font color=&quot;black&quot;&gt;RIT-Reflexintegration\" \/>\n<meta property=\"og:url\" content=\"http:\/\/www.gut-geht-so.de\/03_wordpress\/rit-reflexintegration\/\" \/>\n<meta property=\"og:site_name\" content=\"Karen Thielert-Kr\u00f6mer\" \/>\n<meta property=\"article:modified_time\" content=\"2023-08-15T15:34:26+00:00\" \/>\n<meta name=\"twitter:card\" content=\"summary_large_image\" \/>\n<meta name=\"twitter:label1\" content=\"Gesch\u00e4tzte Lesezeit\" \/>\n\t<meta name=\"twitter:data1\" content=\"2\u00a0Minuten\" \/>\n<script type=\"application\/ld+json\" class=\"yoast-schema-graph\">{\"@context\":\"https:\/\/schema.org\",\"@graph\":[{\"@type\":[\"Person\",\"Organization\"],\"@id\":\"http:\/\/www.gut-geht-so.de\/03_wordpress\/#\/schema\/person\/193693457f65a6eacf7406f39ae38821\",\"name\":\"Karen.Thielert-Kr\u00f6mer\",\"image\":{\"@type\":\"ImageObject\",\"inLanguage\":\"de\",\"@id\":\"http:\/\/www.gut-geht-so.de\/03_wordpress\/#\/schema\/person\/image\/\",\"url\":\"http:\/\/1.gravatar.com\/avatar\/ddf0d52816badacff52d22e89cdaa4d4?s=96&d=mm&r=g\",\"contentUrl\":\"http:\/\/1.gravatar.com\/avatar\/ddf0d52816badacff52d22e89cdaa4d4?s=96&d=mm&r=g\",\"caption\":\"Karen.Thielert-Kr\u00f6mer\"},\"logo\":{\"@id\":\"http:\/\/www.gut-geht-so.de\/03_wordpress\/#\/schema\/person\/image\/\"},\"sameAs\":[\"http:\/\/www.gut-geht-so.de\"]},{\"@type\":\"WebSite\",\"@id\":\"http:\/\/www.gut-geht-so.de\/03_wordpress\/#website\",\"url\":\"http:\/\/www.gut-geht-so.de\/03_wordpress\/\",\"name\":\"Karen Thielert-Kr\u00f6mer\",\"description\":\"Gut-geht-so\",\"publisher\":{\"@id\":\"http:\/\/www.gut-geht-so.de\/03_wordpress\/#\/schema\/person\/193693457f65a6eacf7406f39ae38821\"},\"potentialAction\":[{\"@type\":\"SearchAction\",\"target\":{\"@type\":\"EntryPoint\",\"urlTemplate\":\"http:\/\/www.gut-geht-so.de\/03_wordpress\/?s={search_term_string}\"},\"query-input\":\"required name=search_term_string\"}],\"inLanguage\":\"de\"},{\"@type\":\"WebPage\",\"@id\":\"http:\/\/www.gut-geht-so.de\/03_wordpress\/rit-reflexintegration\/#webpage\",\"url\":\"http:\/\/www.gut-geht-so.de\/03_wordpress\/rit-reflexintegration\/\",\"name\":\"RIT-Reflexintegration - Karen Thielert-Kr\u00f6mer\",\"isPartOf\":{\"@id\":\"http:\/\/www.gut-geht-so.de\/03_wordpress\/#website\"},\"datePublished\":\"2019-01-27T15:56:28+00:00\",\"dateModified\":\"2023-08-15T15:34:26+00:00\",\"description\":\"Karen Thielert-Kr\u00f6mer RIT-Reflexintegration\",\"breadcrumb\":{\"@id\":\"http:\/\/www.gut-geht-so.de\/03_wordpress\/rit-reflexintegration\/#breadcrumb\"},\"inLanguage\":\"de\",\"potentialAction\":[{\"@type\":\"ReadAction\",\"target\":[\"http:\/\/www.gut-geht-so.de\/03_wordpress\/rit-reflexintegration\/\"]}]},{\"@type\":\"BreadcrumbList\",\"@id\":\"http:\/\/www.gut-geht-so.de\/03_wordpress\/rit-reflexintegration\/#breadcrumb\",\"itemListElement\":[{\"@type\":\"ListItem\",\"position\":1,\"name\":\"Startseite\",\"item\":\"http:\/\/www.gut-geht-so.de\/03_wordpress\/\"},{\"@type\":\"ListItem\",\"position\":2,\"name\":\"RIT-Reflexintegration\"}]}]}<\/script>\n<!-- \/ Yoast SEO plugin. -->","yoast_head_json":{"title":"RIT-Reflexintegration - Karen Thielert-Kr\u00f6mer","description":"Karen Thielert-Kr\u00f6mer RIT-Reflexintegration","robots":{"index":"index","follow":"follow","max-snippet":"max-snippet:-1","max-image-preview":"max-image-preview:large","max-video-preview":"max-video-preview:-1"},"canonical":"http:\/\/www.gut-geht-so.de\/03_wordpress\/rit-reflexintegration\/","og_locale":"de_DE","og_type":"article","og_title":"RIT-Reflexintegration - Karen Thielert-Kr\u00f6mer","og_description":"Karen Thielert-Kr\u00f6mer <font color=\"black\">RIT-Reflexintegration","og_url":"http:\/\/www.gut-geht-so.de\/03_wordpress\/rit-reflexintegration\/","og_site_name":"Karen Thielert-Kr\u00f6mer","article_modified_time":"2023-08-15T15:34:26+00:00","twitter_card":"summary_large_image","twitter_misc":{"Gesch\u00e4tzte Lesezeit":"2\u00a0Minuten"},"schema":{"@context":"https:\/\/schema.org","@graph":[{"@type":["Person","Organization"],"@id":"http:\/\/www.gut-geht-so.de\/03_wordpress\/#\/schema\/person\/193693457f65a6eacf7406f39ae38821","name":"Karen.Thielert-Kr\u00f6mer","image":{"@type":"ImageObject","inLanguage":"de","@id":"http:\/\/www.gut-geht-so.de\/03_wordpress\/#\/schema\/person\/image\/","url":"http:\/\/1.gravatar.com\/avatar\/ddf0d52816badacff52d22e89cdaa4d4?s=96&d=mm&r=g","contentUrl":"http:\/\/1.gravatar.com\/avatar\/ddf0d52816badacff52d22e89cdaa4d4?s=96&d=mm&r=g","caption":"Karen.Thielert-Kr\u00f6mer"},"logo":{"@id":"http:\/\/www.gut-geht-so.de\/03_wordpress\/#\/schema\/person\/image\/"},"sameAs":["http:\/\/www.gut-geht-so.de"]},{"@type":"WebSite","@id":"http:\/\/www.gut-geht-so.de\/03_wordpress\/#website","url":"http:\/\/www.gut-geht-so.de\/03_wordpress\/","name":"Karen Thielert-Kr\u00f6mer","description":"Gut-geht-so","publisher":{"@id":"http:\/\/www.gut-geht-so.de\/03_wordpress\/#\/schema\/person\/193693457f65a6eacf7406f39ae38821"},"potentialAction":[{"@type":"SearchAction","target":{"@type":"EntryPoint","urlTemplate":"http:\/\/www.gut-geht-so.de\/03_wordpress\/?s={search_term_string}"},"query-input":"required name=search_term_string"}],"inLanguage":"de"},{"@type":"WebPage","@id":"http:\/\/www.gut-geht-so.de\/03_wordpress\/rit-reflexintegration\/#webpage","url":"http:\/\/www.gut-geht-so.de\/03_wordpress\/rit-reflexintegration\/","name":"RIT-Reflexintegration - Karen Thielert-Kr\u00f6mer","isPartOf":{"@id":"http:\/\/www.gut-geht-so.de\/03_wordpress\/#website"},"datePublished":"2019-01-27T15:56:28+00:00","dateModified":"2023-08-15T15:34:26+00:00","description":"Karen Thielert-Kr\u00f6mer RIT-Reflexintegration","breadcrumb":{"@id":"http:\/\/www.gut-geht-so.de\/03_wordpress\/rit-reflexintegration\/#breadcrumb"},"inLanguage":"de","potentialAction":[{"@type":"ReadAction","target":["http:\/\/www.gut-geht-so.de\/03_wordpress\/rit-reflexintegration\/"]}]},{"@type":"BreadcrumbList","@id":"http:\/\/www.gut-geht-so.de\/03_wordpress\/rit-reflexintegration\/#breadcrumb","itemListElement":[{"@type":"ListItem","position":1,"name":"Startseite","item":"http:\/\/www.gut-geht-so.de\/03_wordpress\/"},{"@type":"ListItem","position":2,"name":"RIT-Reflexintegration"}]}]}},"_links":{"self":[{"href":"http:\/\/www.gut-geht-so.de\/03_wordpress\/wp-json\/wp\/v2\/pages\/472"}],"collection":[{"href":"http:\/\/www.gut-geht-so.de\/03_wordpress\/wp-json\/wp\/v2\/pages"}],"about":[{"href":"http:\/\/www.gut-geht-so.de\/03_wordpress\/wp-json\/wp\/v2\/types\/page"}],"author":[{"embeddable":true,"href":"http:\/\/www.gut-geht-so.de\/03_wordpress\/wp-json\/wp\/v2\/users\/1"}],"replies":[{"embeddable":true,"href":"http:\/\/www.gut-geht-so.de\/03_wordpress\/wp-json\/wp\/v2\/comments?post=472"}],"version-history":[{"count":15,"href":"http:\/\/www.gut-geht-so.de\/03_wordpress\/wp-json\/wp\/v2\/pages\/472\/revisions"}],"predecessor-version":[{"id":742,"href":"http:\/\/www.gut-geht-so.de\/03_wordpress\/wp-json\/wp\/v2\/pages\/472\/revisions\/742"}],"wp:attachment":[{"href":"http:\/\/www.gut-geht-so.de\/03_wordpress\/wp-json\/wp\/v2\/media?parent=472"}],"curies":[{"name":"wp","href":"https:\/\/api.w.org\/{rel}","templated":true}]}}