{"id":454,"date":"2018-05-23T20:19:06","date_gmt":"2018-05-23T18:19:06","guid":{"rendered":"http:\/\/www.gut-geht-so.de\/03_wordpress\/?page_id=454"},"modified":"2023-08-15T20:28:21","modified_gmt":"2023-08-15T18:28:21","slug":"datenschutz","status":"publish","type":"page","link":"http:\/\/www.gut-geht-so.de\/03_wordpress\/datenschutz\/","title":{"rendered":"<font color=\"black\">Datenschutz"},"content":{"rendered":"<p><span style=\"color: #000000;\"><b>Datenschutzerkl\u00e4rung <\/b><\/span><\/p>\n<p><span style=\"color: #000000;\">Ich freue mich \u00fcber Ihren Besuch auf meiner Webseite.<\/span><\/p>\n<p><span style=\"color: #000000;\">Ich nehme den Schutz Ihrer pers\u00f6nlichen Daten ernst und halte mich an die Regeln der gesetzlichen Vorgaben, insbesondere der Datenschutzgesetze. Die in dieser Erkl\u00e4rung verwendeten Begrifflichkeiten sind geschlechtsneutral zu verstehen und umfassen jeweils wertfrei alle Formen des menschlichen Daseins.<br \/>\n<\/span><\/p>\n<p><span style=\"color: #000000;\"><b>1. Informationen \u00fcber die Erhebung personenbezogener Daten <\/b><\/span><\/p>\n<p><span style=\"color: #000000;\">1.1 In dieser Datenschutzerkl\u00e4rung informiere ich Sie \u00fcber die Erhebung personenbezogener Daten bei Nutzung meiner Internetseite. Personenbezogene Daten sind alle Daten, die auf Sie pers\u00f6nlich beziehbar sind, beispielsweise Ihr Name, Ihre Anschrift oder Ihre E-Mail-Adresse.<\/span><\/p>\n<p><span style=\"color: #000000;\">1.2 Verantwortlich gem. Art.4 Abs.7 EU-Datenschutz-Grundverordnung (DS-GVO) bin ich, Heilpraktikerin f\u00fcr Psychotherapie Karen Thielert-Kr\u00f6mer, Lessingstrasse 6, 24576 Bad Bramstedt <a style=\"color: #000000;\">(Karen.Thielert-Kroemer(at)gut-geht-so.de)<\/a><\/span><\/p>\n<p><span style=\"color: #000000;\">Alle Angaben \u00fcber mich finden Sie in meinem Impressum.<\/span><\/p>\n<p><span style=\"color: #000000;\">1.3. F\u00fcr eine Kontaktaufnahme k\u00f6nnen Sie mir eine E-Mail senden. Dabei ist die Angabe einer g\u00fcltigen E-Mail-Adresse erforderlich, um Ihre Anfrage beantworten zu k\u00f6nnen. Sofern Sie dies w\u00fcnschen, k\u00f6nnen Sie hierzu eine Mailadresse verwenden, die keine R\u00fcckschl\u00fcsse auf Ihre Person zul\u00e4sst. Wenn Sie mir eine E-Mail schreiben, speichere ich die von Ihnen mitgeteilten Daten (Mailadresse, ggf. Namen und Telefonnummer), um Ihre Frage zu beantworten. Ist eine Speicherung nicht mehr erforderlich, l\u00f6sche ich die erhobenen personenbezogenen Daten. Falls eine gesetzliche Aufbewahrungspflicht besteht, schr\u00e4nke ich die Verarbeitung ein. Die Rechtsgrundlage f\u00fcr die Datenverarbeitung zum Zwecke der Kontaktaufnahme bildet Art.6 Abs.1 S.1 lit. f DS-GVO.<\/span><\/p>\n<p><span style=\"color: #000000;\">1.4 Ich m\u00f6chte Sie darauf hinweisen, dass eine Daten\u00fcbertragung per E-Mail Sicherheitsl\u00fccken aufweisen kann. Ein l\u00fcckenloser Schutz der Daten vorm dem Zugriff durch Dritte ist hier nicht m\u00f6glich. Ich empfehle deshalb, gesundheitsbezogene Daten nicht per E-Mail zu \u00fcbermitteln. Sofern Sie an einer verschl\u00fcsselten E-Mail-Korrespondenz interessiert sind, teilen Sie mir dies bitte mit.<\/span><\/p>\n<p><span style=\"color: #000000;\"><b>2. Erhebung und Speicherung personenbezogener Daten bei Aufruf meiner Webseite<br \/>\n<\/b><\/span><\/p>\n<p><span style=\"color: #000000;\">2.1 Wenn Sie meine Internetseite zur Information nutzen, also lediglich betrachten, erhebe ich bei deren Aufruf diejenigen personenbezogenen Daten, die Ihr Browser automatisch an den Server meiner Webseite \u00fcbermittelt. Diese Informationen werden tempor\u00e4r in einem sogenannten Logfile gespeichert. Folgende Informationen werden dabei ohne Ihr Zutun erfasst und bis zur automatisierten L\u00f6schung gespeichert:<\/span><\/p>\n<p><span style=\"color: #000000;\">&#8211; IP-Adresse des anfragenden Rechners<\/span><\/p>\n<p><span style=\"color: #000000;\">&#8211; Datum und Uhrzeit der Anfrage bzw. des Zugriffs<\/span><\/p>\n<p><span style=\"color: #000000;\">&#8211; Zeitzonendifferenz zur Greenwich Mean Time (GMT)<\/span><\/p>\n<p><span style=\"color: #000000;\">&#8211; Inhalt der Anforderung (konkrete Seite)<\/span><\/p>\n<p><span style=\"color: #000000;\">&#8211; Name und URL der abgerufenen Datei<\/span><\/p>\n<p><span style=\"color: #000000;\">&#8211; Zugriffsstatus\/HTTP-Statuscode<\/span><\/p>\n<p><span style=\"color: #000000;\">&#8211; jeweils \u00fcbertragene Datenmenge<\/span><\/p>\n<p><span style=\"color: #000000;\">&#8211; Webseite, von der die Anforderung bzw. der Zugriff erfolgt (Referrer-URL)<\/span><\/p>\n<p><span style=\"color: #000000;\">&#8211; verwendeter Browser<\/span><\/p>\n<p><span style=\"color: #000000;\">&#8211; Betriebssystem Ihres Rechners und dessen Oberfl\u00e4che sowie der Name Ihres Access-Providers<\/span><\/p>\n<p><span style=\"color: #000000;\">&#8211; Sprache und Version der Browsersoftware<\/span><\/p>\n<p><span style=\"color: #000000;\">2.2 Die genannten Daten verarbeite ich, um Ihnen meine Webseite anzuzeigen und dabei Stabilit\u00e4t und Sicherheit zu gew\u00e4hrleisten. Insbesondere um einen reibungslosen Verbindungsaufbau und eine komfortable Nutzung meiner Webseite sicherzustellen sowie f\u00fcr eine Auswertung der Systemsicherheit bzw. Systemstabilit\u00e4t und zu weiteren administrative Zwecken.<\/span><\/p>\n<p><span style=\"color: #000000;\">2.3 Die Rechtsgrundlage f\u00fcr die Datenverarbeitung bildet Art. 6 Abs. 1 S. 1 lit. f DS-GVO. Unser berechtigtes Interesse folgt aus den vorstehend aufgelisteten Zwecken zur Datenerhebung.<\/span><\/p>\n<p><span style=\"color: #000000;\"><b>3. Weitergabe von Daten \/ Daten\u00fcbermittlung<\/b><\/span><\/p>\n<p><span style=\"color: #000000;\">Ich \u00fcbermittle Ihre pers\u00f6nlichen Daten an Dritte ausschlie\u00dflich zu folgenden Zwecken:<\/span><\/p>\n<p><span style=\"color: #000000;\">3.1 Nach Erteilung einer ausdr\u00fccklichen Einwilligung gem. Art 6 Abs.1 S.1 lit. a DSGVO<\/span><\/p>\n<p><span style=\"color: #000000;\">3.2 Die Weitergabe ist nach Art 6 Abs. 1 S. 1 lit. f DSGVO zur Geltendmachung, Aus\u00fcbung oder Verteidigung von Rechtsanspr\u00fcchen erforderlich und es besteht kein Grund zur Annahme, dass Sie ein \u00fcberwiegendes schutzw\u00fcrdiges Interesse an der Nichtweitergabe Ihrer Daten haben.<\/span><\/p>\n<p><span style=\"color: #000000;\">3.3 Falls f\u00fcr die Weitergabe nach Art. 6 Abs. 1 S. 1 lit. c DSGVO eine gesetzliche Verpflichtung besteht.<\/span><\/p>\n<p><span style=\"color: #000000;\">3.4 Sofern dies gesetzlich zul\u00e4ssig und nach Art. 6 Abs. 1 S. 1 lit. b DSGVO f\u00fcr die Abwicklung von Vertragsverh\u00e4ltnissen mit Ihnen erforderlich ist.<\/span><\/p>\n<p><span style=\"color: #000000;\"><b>4. Ihre Rechte<\/b><\/span><\/p>\n<p><span style=\"color: #000000;\">Sie haben gegen\u00fcber mir Rechte hinsichtlich der Sie betreffenden personenbezogenen Daten.<\/span><\/p>\n<p><span style=\"color: #000000;\">Hierbei handelt es sich um das<\/span><\/p>\n<p><span style=\"color: #000000;\">4.1 Recht auf Auskunft: gem. Art 15 DSGVO k\u00f6nnen Sie Auskunft \u00fcber Ihre von mir verarbeiteten personenbezogenen Daten verlangen.<\/span><\/p>\n<p><span style=\"color: #000000;\">4.2. Recht auf Berichtigung. Gem. Art. 16. DSGVO k\u00f6nnen Sie unverz\u00fcglich die Berichtigung unrichtiger oder Vervollst\u00e4ndigung Ihrer bei mir gespeicherten personenbezogenen Daten verlangen.<\/span><\/p>\n<p><span style=\"color: #000000;\">4.3. Recht auf L\u00f6schung. Gem\u00e4\u00df Art. 17 DSGVO k\u00f6nnen Sie die L\u00f6schung Ihrer bei mir gespeicherten personenbezogenen Daten verlangen.<\/span><\/p>\n<p><span style=\"color: #000000;\">4.4. Recht auf Einschr\u00e4nkung der Verarbeitung. Gem. Art. 18 DSGVO k\u00f6nnen Sie die Einschr\u00e4nkung der Verarbeitung Ihrer bei mir gespeicherten Daten verlangen.<\/span><\/p>\n<p><span style=\"color: #000000;\">4.5 Recht auf Widerspruch gegen die Verarbeitung. Gem. Art. 7 Abs. 3 DSGVO k\u00f6nnen Sie Ihre einmal erteilte Einwilligung jederzeit gegen\u00fcber mir widerrufen.<\/span><\/p>\n<p><span style=\"color: #000000;\">4.6 Recht auf Daten\u00fcbertragbarkeit. Gem. Art. 20 DSGVO k\u00f6nnen Sie verlangen, Ihre personenbezogenen Daten, die Sie mir bereitgestellt haben, in einem strukturierten, g\u00e4ngigen und maschinenlesbaren Format zu erhalten oder die \u00dcbermittlung an einen anderen Verantwortlichen verlangen.<\/span><\/p>\n<p><span style=\"color: #000000;\">4.7 Sie haben gem. Art 77 DSGVO zudem das Recht, sich bei einer Datenschutz-Aufsichtsbeh\u00f6rde \u00fcber die Verarbeitung Ihrer personenbezogenen Daten durch ich zu beschweren.<\/span><\/p>\n<p><span style=\"color: #000000;\"><b>5. Cookies<\/b><\/span><\/p>\n<p><span style=\"color: #000000;\">5.1 Neben den in Punkt 2 genannten Daten werden bei Ihrer Nutzung meiner Webseite ggf. sogenannte Cookies auf Ihrem Endger\u00e4t (Laptop, Tablet, Smartphone o.\u00e4.) gespeichert. Dies sind kleine Textdateien, die auf Ihrer Festplatte dem von Ihnen verwendeten Browser zugeordnet gespeichert werden; durch Cookies erh\u00e4lt die Stelle, die den Cookie setzt, bestimmte Informationen. Cookies dienen dazu, mein Internetangebot nutzerfreundlicher und effektiver zu machen. Ich erhalte durch Cookies nicht unmittelbar Kenntnis von Ihrer Identit\u00e4t. Cookies k\u00f6nnen keine Programme ausf\u00fchren oder Viren auf Ihren Computer \u00fcbertragen.<\/span><\/p>\n<p><span style=\"color: #000000;\">5.2 Sie k\u00f6nnen meine Webseite auch ohne Cookies besuchen. Sie m\u00fcssen hierzu Ihre Browser-Einsstellung so konfigurieren, dass die Annahme von Cookies unterbleibt. In diesem Fall k\u00f6nnen Sie m\u00f6glicherweise nicht alle Funktionen meiner Webseite nutzen.<\/span><\/p>\n<p><span style=\"color: #000000;\">5.3 Die durch Cookies verarbeiteten Daten sind f\u00fcr die genannten Zecke zur Wahrung unserer berechtigten Interessen sowie der Dritter nach Art. 6 Abs. 1 S. 1 lit. f DSGVO erforderlich.<\/span><\/p>\n<p><span style=\"color: #000000;\">6. Widerspruch oder Widerruf gegen die Verarbeitung Ihrer Daten<\/span><\/p>\n<p><span style=\"color: #000000;\">6.1 Sofern ich Ihre personenbezogenen Daten auf Grundlage von berechtigten Interessen gem. Art. 6 Abs. 1 S. 1 lit. f. DSGVO verarbeite, k\u00f6nnen Sie gem. Art. 21 DSGVO Widerspruch gegen die Verarbeitung Ihrer personenbezogenen Daten einlegen. In diesem Fall teilen Sie mir bitte die Gr\u00fcnde\u00a0 &#8211; die sich aus Ihrer besonderen Situation ergeben &#8211; mit, aufgrund derer ich Ihre personenbezogenen Datne nicht verarbeiten soll. Nach Pr\u00fcfung Ihres Widerspruchs stelle ich entweder die Datenverarbeitung ein, passe diese an oder f\u00fchre die Verarbeitung fort. In zuletzt genanntem Fall lege ich Ihnen meine zwingenden schutzw\u00fcrdigen Gr\u00fcnde dar.<\/span><\/p>\n<p><span style=\"color: #000000;\">6.2 Der Verarbeitung Ihrer personenbezogenen Daten f\u00fcr Zwecke der Werbung und\/oder Datenanalyse k\u00f6nnen Sie jederzeit ohne Angabe von Gr\u00fcnden widersprechen. Ihr diesbez\u00fcgliches Widerspruch setze ich um.<\/span><\/p>\n<p><span style=\"color: #000000;\">6.3 Falls Sie eine Einwilligung zur Verarbeitung Ihrer Daten erteilt haben, k\u00f6nnen Sie diese jederzeit mit Wirkung f\u00fcr die Zukunft widerrufen.<\/span><\/p>\n<p><span style=\"color: #000000;\">6.4 Zur Aus\u00fcbung Ihres Widerrufs- oder Widerspruchsrechts richten Sie eine E-Mail an folgende Adresse: Karen.Thielert-Kroemer<a style=\"color: #000000;\">(at)gut-geht-so.de<\/a><\/span><\/p>\n<p><span style=\"color: #000000;\"><b>7. Weitere Fragen<\/b><\/span><\/p>\n<p><span style=\"color: #000000;\">Konnte meine Datenschutzerkl\u00e4rung eine Ihrer Fragen nicht beantworten? W\u00fcnschen Sie zu einem Punkt weitere Informationen ? Ich gebe Ihnen gerne weitere Auskunft. F\u00fcr alle Anfragen zum Datenschutz wenden Sie sich bitte an folgende E-Mail-Adresse: Karen.Thielert-Kroemer<a style=\"color: #000000;\">(at)gut-geht-so.de<\/a><\/span><\/p>\n","protected":false},"excerpt":{"rendered":"<p>Datenschutzerkl\u00e4rung Ich freue mich \u00fcber Ihren Besuch auf meiner Webseite. Ich nehme den Schutz Ihrer pers\u00f6nlichen Daten ernst und halte mich an die Regeln der gesetzlichen Vorgaben, insbesondere der Datenschutzgesetze. Die in dieser Erkl\u00e4rung verwendeten Begrifflichkeiten sind geschlechtsneutral zu verstehen und umfassen jeweils wertfrei alle Formen des menschlichen Daseins. 1. Informationen \u00fcber die Erhebung personenbezogener [&hellip;]<\/p>\n","protected":false},"author":1,"featured_media":0,"parent":0,"menu_order":0,"comment_status":"closed","ping_status":"closed","template":"page-full-width.php","meta":{"footnotes":""},"yoast_head":"<!-- This site is optimized with the Yoast SEO plugin v18.9 - https:\/\/yoast.com\/wordpress\/plugins\/seo\/ -->\n<title>Datenschutz - Karen Thielert-Kr\u00f6mer<\/title>\n<meta name=\"description\" content=\"Karen Thielert-Kr\u00f6mer Datenschutz\" \/>\n<meta name=\"robots\" content=\"index, follow, max-snippet:-1, max-image-preview:large, max-video-preview:-1\" \/>\n<link rel=\"canonical\" href=\"http:\/\/www.gut-geht-so.de\/03_wordpress\/datenschutz\/\" \/>\n<meta property=\"og:locale\" content=\"de_DE\" \/>\n<meta property=\"og:type\" content=\"article\" \/>\n<meta property=\"og:title\" content=\"Datenschutz - Karen Thielert-Kr\u00f6mer\" \/>\n<meta property=\"og:description\" content=\"Karen Thielert-Kr\u00f6mer &lt;font color=&quot;black&quot;&gt;Datenschutz\" \/>\n<meta property=\"og:url\" content=\"http:\/\/www.gut-geht-so.de\/03_wordpress\/datenschutz\/\" \/>\n<meta property=\"og:site_name\" content=\"Karen Thielert-Kr\u00f6mer\" \/>\n<meta property=\"article:modified_time\" content=\"2023-08-15T18:28:21+00:00\" \/>\n<meta name=\"twitter:card\" content=\"summary_large_image\" \/>\n<meta name=\"twitter:label1\" content=\"Gesch\u00e4tzte Lesezeit\" \/>\n\t<meta name=\"twitter:data1\" content=\"7\u00a0Minuten\" \/>\n<script type=\"application\/ld+json\" class=\"yoast-schema-graph\">{\"@context\":\"https:\/\/schema.org\",\"@graph\":[{\"@type\":[\"Person\",\"Organization\"],\"@id\":\"http:\/\/www.gut-geht-so.de\/03_wordpress\/#\/schema\/person\/193693457f65a6eacf7406f39ae38821\",\"name\":\"Karen.Thielert-Kr\u00f6mer\",\"image\":{\"@type\":\"ImageObject\",\"inLanguage\":\"de\",\"@id\":\"http:\/\/www.gut-geht-so.de\/03_wordpress\/#\/schema\/person\/image\/\",\"url\":\"http:\/\/1.gravatar.com\/avatar\/ddf0d52816badacff52d22e89cdaa4d4?s=96&d=mm&r=g\",\"contentUrl\":\"http:\/\/1.gravatar.com\/avatar\/ddf0d52816badacff52d22e89cdaa4d4?s=96&d=mm&r=g\",\"caption\":\"Karen.Thielert-Kr\u00f6mer\"},\"logo\":{\"@id\":\"http:\/\/www.gut-geht-so.de\/03_wordpress\/#\/schema\/person\/image\/\"},\"sameAs\":[\"http:\/\/www.gut-geht-so.de\"]},{\"@type\":\"WebSite\",\"@id\":\"http:\/\/www.gut-geht-so.de\/03_wordpress\/#website\",\"url\":\"http:\/\/www.gut-geht-so.de\/03_wordpress\/\",\"name\":\"Karen Thielert-Kr\u00f6mer\",\"description\":\"Gut-geht-so\",\"publisher\":{\"@id\":\"http:\/\/www.gut-geht-so.de\/03_wordpress\/#\/schema\/person\/193693457f65a6eacf7406f39ae38821\"},\"potentialAction\":[{\"@type\":\"SearchAction\",\"target\":{\"@type\":\"EntryPoint\",\"urlTemplate\":\"http:\/\/www.gut-geht-so.de\/03_wordpress\/?s={search_term_string}\"},\"query-input\":\"required name=search_term_string\"}],\"inLanguage\":\"de\"},{\"@type\":\"WebPage\",\"@id\":\"http:\/\/www.gut-geht-so.de\/03_wordpress\/datenschutz\/#webpage\",\"url\":\"http:\/\/www.gut-geht-so.de\/03_wordpress\/datenschutz\/\",\"name\":\"Datenschutz - Karen Thielert-Kr\u00f6mer\",\"isPartOf\":{\"@id\":\"http:\/\/www.gut-geht-so.de\/03_wordpress\/#website\"},\"datePublished\":\"2018-05-23T18:19:06+00:00\",\"dateModified\":\"2023-08-15T18:28:21+00:00\",\"description\":\"Karen Thielert-Kr\u00f6mer Datenschutz\",\"breadcrumb\":{\"@id\":\"http:\/\/www.gut-geht-so.de\/03_wordpress\/datenschutz\/#breadcrumb\"},\"inLanguage\":\"de\",\"potentialAction\":[{\"@type\":\"ReadAction\",\"target\":[\"http:\/\/www.gut-geht-so.de\/03_wordpress\/datenschutz\/\"]}]},{\"@type\":\"BreadcrumbList\",\"@id\":\"http:\/\/www.gut-geht-so.de\/03_wordpress\/datenschutz\/#breadcrumb\",\"itemListElement\":[{\"@type\":\"ListItem\",\"position\":1,\"name\":\"Startseite\",\"item\":\"http:\/\/www.gut-geht-so.de\/03_wordpress\/\"},{\"@type\":\"ListItem\",\"position\":2,\"name\":\"Datenschutz\"}]}]}<\/script>\n<!-- \/ Yoast SEO plugin. -->","yoast_head_json":{"title":"Datenschutz - Karen Thielert-Kr\u00f6mer","description":"Karen Thielert-Kr\u00f6mer Datenschutz","robots":{"index":"index","follow":"follow","max-snippet":"max-snippet:-1","max-image-preview":"max-image-preview:large","max-video-preview":"max-video-preview:-1"},"canonical":"http:\/\/www.gut-geht-so.de\/03_wordpress\/datenschutz\/","og_locale":"de_DE","og_type":"article","og_title":"Datenschutz - Karen Thielert-Kr\u00f6mer","og_description":"Karen Thielert-Kr\u00f6mer <font color=\"black\">Datenschutz","og_url":"http:\/\/www.gut-geht-so.de\/03_wordpress\/datenschutz\/","og_site_name":"Karen Thielert-Kr\u00f6mer","article_modified_time":"2023-08-15T18:28:21+00:00","twitter_card":"summary_large_image","twitter_misc":{"Gesch\u00e4tzte Lesezeit":"7\u00a0Minuten"},"schema":{"@context":"https:\/\/schema.org","@graph":[{"@type":["Person","Organization"],"@id":"http:\/\/www.gut-geht-so.de\/03_wordpress\/#\/schema\/person\/193693457f65a6eacf7406f39ae38821","name":"Karen.Thielert-Kr\u00f6mer","image":{"@type":"ImageObject","inLanguage":"de","@id":"http:\/\/www.gut-geht-so.de\/03_wordpress\/#\/schema\/person\/image\/","url":"http:\/\/1.gravatar.com\/avatar\/ddf0d52816badacff52d22e89cdaa4d4?s=96&d=mm&r=g","contentUrl":"http:\/\/1.gravatar.com\/avatar\/ddf0d52816badacff52d22e89cdaa4d4?s=96&d=mm&r=g","caption":"Karen.Thielert-Kr\u00f6mer"},"logo":{"@id":"http:\/\/www.gut-geht-so.de\/03_wordpress\/#\/schema\/person\/image\/"},"sameAs":["http:\/\/www.gut-geht-so.de"]},{"@type":"WebSite","@id":"http:\/\/www.gut-geht-so.de\/03_wordpress\/#website","url":"http:\/\/www.gut-geht-so.de\/03_wordpress\/","name":"Karen Thielert-Kr\u00f6mer","description":"Gut-geht-so","publisher":{"@id":"http:\/\/www.gut-geht-so.de\/03_wordpress\/#\/schema\/person\/193693457f65a6eacf7406f39ae38821"},"potentialAction":[{"@type":"SearchAction","target":{"@type":"EntryPoint","urlTemplate":"http:\/\/www.gut-geht-so.de\/03_wordpress\/?s={search_term_string}"},"query-input":"required name=search_term_string"}],"inLanguage":"de"},{"@type":"WebPage","@id":"http:\/\/www.gut-geht-so.de\/03_wordpress\/datenschutz\/#webpage","url":"http:\/\/www.gut-geht-so.de\/03_wordpress\/datenschutz\/","name":"Datenschutz - Karen Thielert-Kr\u00f6mer","isPartOf":{"@id":"http:\/\/www.gut-geht-so.de\/03_wordpress\/#website"},"datePublished":"2018-05-23T18:19:06+00:00","dateModified":"2023-08-15T18:28:21+00:00","description":"Karen Thielert-Kr\u00f6mer Datenschutz","breadcrumb":{"@id":"http:\/\/www.gut-geht-so.de\/03_wordpress\/datenschutz\/#breadcrumb"},"inLanguage":"de","potentialAction":[{"@type":"ReadAction","target":["http:\/\/www.gut-geht-so.de\/03_wordpress\/datenschutz\/"]}]},{"@type":"BreadcrumbList","@id":"http:\/\/www.gut-geht-so.de\/03_wordpress\/datenschutz\/#breadcrumb","itemListElement":[{"@type":"ListItem","position":1,"name":"Startseite","item":"http:\/\/www.gut-geht-so.de\/03_wordpress\/"},{"@type":"ListItem","position":2,"name":"Datenschutz"}]}]}},"_links":{"self":[{"href":"http:\/\/www.gut-geht-so.de\/03_wordpress\/wp-json\/wp\/v2\/pages\/454"}],"collection":[{"href":"http:\/\/www.gut-geht-so.de\/03_wordpress\/wp-json\/wp\/v2\/pages"}],"about":[{"href":"http:\/\/www.gut-geht-so.de\/03_wordpress\/wp-json\/wp\/v2\/types\/page"}],"author":[{"embeddable":true,"href":"http:\/\/www.gut-geht-so.de\/03_wordpress\/wp-json\/wp\/v2\/users\/1"}],"replies":[{"embeddable":true,"href":"http:\/\/www.gut-geht-so.de\/03_wordpress\/wp-json\/wp\/v2\/comments?post=454"}],"version-history":[{"count":6,"href":"http:\/\/www.gut-geht-so.de\/03_wordpress\/wp-json\/wp\/v2\/pages\/454\/revisions"}],"predecessor-version":[{"id":786,"href":"http:\/\/www.gut-geht-so.de\/03_wordpress\/wp-json\/wp\/v2\/pages\/454\/revisions\/786"}],"wp:attachment":[{"href":"http:\/\/www.gut-geht-so.de\/03_wordpress\/wp-json\/wp\/v2\/media?parent=454"}],"curies":[{"name":"wp","href":"https:\/\/api.w.org\/{rel}","templated":true}]}}