{"id":365,"date":"2017-09-23T15:04:43","date_gmt":"2017-09-23T13:04:43","guid":{"rendered":"http:\/\/www.gut-geht-so.de\/03_wordpress\/?page_id=365"},"modified":"2019-02-22T15:30:38","modified_gmt":"2019-02-22T14:30:38","slug":"psych-coaching","status":"publish","type":"page","link":"http:\/\/www.gut-geht-so.de\/03_wordpress\/psych-coaching\/","title":{"rendered":"<font color=\"black\">Psychotherapeutisches Coaching"},"content":{"rendered":"<h3><span style=\"color: #000000;\"><strong>Psychotherapeutisches Coaching und \/ oder Psychotherapie (nach dem Heilpraktikergesetz)<\/strong><\/span><\/h3>\n<p><span style=\"color: #000000;\">Oftmals reicht ein psychotherapeutisches Coaching schon aus, um Themen und problematische Lebenssituationen in die Ver\u00e4nderung zu bringen, sich weiterzuentwickeln und Neues zu wagen.<br \/>\n<\/span><\/p>\n<p><img decoding=\"async\" loading=\"lazy\" class=\"wp-image-273 aligncenter\" src=\"http:\/\/www.gut-geht-so.de\/03_wordpress\/wp-content\/uploads\/2016\/07\/Eierschale1.jpg\" alt=\"\" width=\"490\" height=\"325\" srcset=\"http:\/\/www.gut-geht-so.de\/03_wordpress\/wp-content\/uploads\/2016\/07\/Eierschale1.jpg 640w, http:\/\/www.gut-geht-so.de\/03_wordpress\/wp-content\/uploads\/2016\/07\/Eierschale1-300x199.jpg 300w\" sizes=\"(max-width: 490px) 100vw, 490px\" \/><\/p>\n<p><span style=\"color: #000000;\">Fallen Ihre Anliegen und Befindlichkeiten jedoch eher in den Bereich der Psychotherapie (nach dem Heilpraktikergesetz), bin ich durch meine Zulassung als Heilpraktikerin f\u00fcr Psychotherapie und die Methoden, in denen ich aus- und fortgebildet bin (Traumatherapie (EMDR), Systemische Therapie, Gespr\u00e4chstherapie, K\u00f6rperpsychotherapie, Klopfakkupressur und verschiedene Entspannungsverfahren) nat\u00fcrlich gern bereit, Sie auf dieser Ebene professionell zu begleiten.<\/span><\/p>\n<p><span style=\"color: #000000;\">Diese Behandlungen k\u00f6nnen \u00fcber private Krankenversicherungen abgerechnet werden, sofern die \u00dcbernahme von Kosten f\u00fcr Heilpraktikerbehandlungen Psychotherapie Bestandteil Ihres Versicherungsvertrages ist.<\/span><\/p>\n<p><span style=\"color: #000000;\">Rufen Sie mich gern an, wir finden gemeinsam heraus, was f\u00fcr Sie das Richtige ist.<\/span><\/p>\n<p><span style=\"color: #000000;\">Tel.: +49 (0) 174 471 1257<\/span><\/p>\n<h4><a href=\"http:\/\/www.gut-geht-so.de\/03_wordpress\/\"><br \/>\nzur\u00fcck<\/a><\/h4>\n","protected":false},"excerpt":{"rendered":"<p>Psychotherapeutisches Coaching und \/ oder Psychotherapie (nach dem Heilpraktikergesetz) Oftmals reicht ein psychotherapeutisches Coaching schon aus, um Themen und problematische Lebenssituationen in die Ver\u00e4nderung zu bringen, sich weiterzuentwickeln und Neues zu wagen. Fallen Ihre Anliegen und Befindlichkeiten jedoch eher in den Bereich der Psychotherapie (nach dem Heilpraktikergesetz), bin ich durch meine Zulassung als Heilpraktikerin f\u00fcr [&hellip;]<\/p>\n","protected":false},"author":1,"featured_media":0,"parent":0,"menu_order":0,"comment_status":"closed","ping_status":"closed","template":"page-full-width.php","meta":{"footnotes":""},"yoast_head":"<!-- This site is optimized with the Yoast SEO plugin v18.9 - https:\/\/yoast.com\/wordpress\/plugins\/seo\/ -->\n<title>Psychotherapeutisches Coaching - Karen Thielert-Kr\u00f6mer<\/title>\n<meta name=\"description\" content=\"Karen Thielert-Kr\u00f6mer Psychotherapeutisches Coaching\" \/>\n<meta name=\"robots\" content=\"index, follow, max-snippet:-1, max-image-preview:large, max-video-preview:-1\" \/>\n<link rel=\"canonical\" href=\"http:\/\/www.gut-geht-so.de\/03_wordpress\/psych-coaching\/\" \/>\n<meta property=\"og:locale\" content=\"de_DE\" \/>\n<meta property=\"og:type\" content=\"article\" \/>\n<meta property=\"og:title\" content=\"Psychotherapeutisches Coaching - Karen Thielert-Kr\u00f6mer\" \/>\n<meta property=\"og:description\" content=\"Karen Thielert-Kr\u00f6mer &lt;font color=&quot;black&quot;&gt;Psychotherapeutisches Coaching\" \/>\n<meta property=\"og:url\" content=\"http:\/\/www.gut-geht-so.de\/03_wordpress\/psych-coaching\/\" \/>\n<meta property=\"og:site_name\" content=\"Karen Thielert-Kr\u00f6mer\" \/>\n<meta property=\"article:modified_time\" content=\"2019-02-22T14:30:38+00:00\" \/>\n<meta property=\"og:image\" content=\"http:\/\/www.gut-geht-so.de\/03_wordpress\/wp-content\/uploads\/2016\/07\/Eierschale1.jpg\" \/>\n<meta name=\"twitter:card\" content=\"summary_large_image\" \/>\n<meta name=\"twitter:label1\" content=\"Gesch\u00e4tzte Lesezeit\" \/>\n\t<meta name=\"twitter:data1\" content=\"1\u00a0Minute\" \/>\n<script type=\"application\/ld+json\" class=\"yoast-schema-graph\">{\"@context\":\"https:\/\/schema.org\",\"@graph\":[{\"@type\":[\"Person\",\"Organization\"],\"@id\":\"http:\/\/www.gut-geht-so.de\/03_wordpress\/#\/schema\/person\/193693457f65a6eacf7406f39ae38821\",\"name\":\"Karen.Thielert-Kr\u00f6mer\",\"image\":{\"@type\":\"ImageObject\",\"inLanguage\":\"de\",\"@id\":\"http:\/\/www.gut-geht-so.de\/03_wordpress\/#\/schema\/person\/image\/\",\"url\":\"http:\/\/1.gravatar.com\/avatar\/ddf0d52816badacff52d22e89cdaa4d4?s=96&d=mm&r=g\",\"contentUrl\":\"http:\/\/1.gravatar.com\/avatar\/ddf0d52816badacff52d22e89cdaa4d4?s=96&d=mm&r=g\",\"caption\":\"Karen.Thielert-Kr\u00f6mer\"},\"logo\":{\"@id\":\"http:\/\/www.gut-geht-so.de\/03_wordpress\/#\/schema\/person\/image\/\"},\"sameAs\":[\"http:\/\/www.gut-geht-so.de\"]},{\"@type\":\"WebSite\",\"@id\":\"http:\/\/www.gut-geht-so.de\/03_wordpress\/#website\",\"url\":\"http:\/\/www.gut-geht-so.de\/03_wordpress\/\",\"name\":\"Karen Thielert-Kr\u00f6mer\",\"description\":\"Gut-geht-so\",\"publisher\":{\"@id\":\"http:\/\/www.gut-geht-so.de\/03_wordpress\/#\/schema\/person\/193693457f65a6eacf7406f39ae38821\"},\"potentialAction\":[{\"@type\":\"SearchAction\",\"target\":{\"@type\":\"EntryPoint\",\"urlTemplate\":\"http:\/\/www.gut-geht-so.de\/03_wordpress\/?s={search_term_string}\"},\"query-input\":\"required name=search_term_string\"}],\"inLanguage\":\"de\"},{\"@type\":\"ImageObject\",\"inLanguage\":\"de\",\"@id\":\"http:\/\/www.gut-geht-so.de\/03_wordpress\/psych-coaching\/#primaryimage\",\"url\":\"http:\/\/www.gut-geht-so.de\/03_wordpress\/wp-content\/uploads\/2016\/07\/Eierschale1.jpg\",\"contentUrl\":\"http:\/\/www.gut-geht-so.de\/03_wordpress\/wp-content\/uploads\/2016\/07\/Eierschale1.jpg\",\"width\":640,\"height\":425},{\"@type\":\"WebPage\",\"@id\":\"http:\/\/www.gut-geht-so.de\/03_wordpress\/psych-coaching\/#webpage\",\"url\":\"http:\/\/www.gut-geht-so.de\/03_wordpress\/psych-coaching\/\",\"name\":\"Psychotherapeutisches Coaching - Karen Thielert-Kr\u00f6mer\",\"isPartOf\":{\"@id\":\"http:\/\/www.gut-geht-so.de\/03_wordpress\/#website\"},\"primaryImageOfPage\":{\"@id\":\"http:\/\/www.gut-geht-so.de\/03_wordpress\/psych-coaching\/#primaryimage\"},\"datePublished\":\"2017-09-23T13:04:43+00:00\",\"dateModified\":\"2019-02-22T14:30:38+00:00\",\"description\":\"Karen Thielert-Kr\u00f6mer Psychotherapeutisches Coaching\",\"breadcrumb\":{\"@id\":\"http:\/\/www.gut-geht-so.de\/03_wordpress\/psych-coaching\/#breadcrumb\"},\"inLanguage\":\"de\",\"potentialAction\":[{\"@type\":\"ReadAction\",\"target\":[\"http:\/\/www.gut-geht-so.de\/03_wordpress\/psych-coaching\/\"]}]},{\"@type\":\"BreadcrumbList\",\"@id\":\"http:\/\/www.gut-geht-so.de\/03_wordpress\/psych-coaching\/#breadcrumb\",\"itemListElement\":[{\"@type\":\"ListItem\",\"position\":1,\"name\":\"Startseite\",\"item\":\"http:\/\/www.gut-geht-so.de\/03_wordpress\/\"},{\"@type\":\"ListItem\",\"position\":2,\"name\":\"Psychotherapeutisches Coaching\"}]}]}<\/script>\n<!-- \/ Yoast SEO plugin. -->","yoast_head_json":{"title":"Psychotherapeutisches Coaching - Karen Thielert-Kr\u00f6mer","description":"Karen Thielert-Kr\u00f6mer Psychotherapeutisches Coaching","robots":{"index":"index","follow":"follow","max-snippet":"max-snippet:-1","max-image-preview":"max-image-preview:large","max-video-preview":"max-video-preview:-1"},"canonical":"http:\/\/www.gut-geht-so.de\/03_wordpress\/psych-coaching\/","og_locale":"de_DE","og_type":"article","og_title":"Psychotherapeutisches Coaching - Karen Thielert-Kr\u00f6mer","og_description":"Karen Thielert-Kr\u00f6mer <font color=\"black\">Psychotherapeutisches Coaching","og_url":"http:\/\/www.gut-geht-so.de\/03_wordpress\/psych-coaching\/","og_site_name":"Karen Thielert-Kr\u00f6mer","article_modified_time":"2019-02-22T14:30:38+00:00","og_image":[{"url":"http:\/\/www.gut-geht-so.de\/03_wordpress\/wp-content\/uploads\/2016\/07\/Eierschale1.jpg"}],"twitter_card":"summary_large_image","twitter_misc":{"Gesch\u00e4tzte Lesezeit":"1\u00a0Minute"},"schema":{"@context":"https:\/\/schema.org","@graph":[{"@type":["Person","Organization"],"@id":"http:\/\/www.gut-geht-so.de\/03_wordpress\/#\/schema\/person\/193693457f65a6eacf7406f39ae38821","name":"Karen.Thielert-Kr\u00f6mer","image":{"@type":"ImageObject","inLanguage":"de","@id":"http:\/\/www.gut-geht-so.de\/03_wordpress\/#\/schema\/person\/image\/","url":"http:\/\/1.gravatar.com\/avatar\/ddf0d52816badacff52d22e89cdaa4d4?s=96&d=mm&r=g","contentUrl":"http:\/\/1.gravatar.com\/avatar\/ddf0d52816badacff52d22e89cdaa4d4?s=96&d=mm&r=g","caption":"Karen.Thielert-Kr\u00f6mer"},"logo":{"@id":"http:\/\/www.gut-geht-so.de\/03_wordpress\/#\/schema\/person\/image\/"},"sameAs":["http:\/\/www.gut-geht-so.de"]},{"@type":"WebSite","@id":"http:\/\/www.gut-geht-so.de\/03_wordpress\/#website","url":"http:\/\/www.gut-geht-so.de\/03_wordpress\/","name":"Karen Thielert-Kr\u00f6mer","description":"Gut-geht-so","publisher":{"@id":"http:\/\/www.gut-geht-so.de\/03_wordpress\/#\/schema\/person\/193693457f65a6eacf7406f39ae38821"},"potentialAction":[{"@type":"SearchAction","target":{"@type":"EntryPoint","urlTemplate":"http:\/\/www.gut-geht-so.de\/03_wordpress\/?s={search_term_string}"},"query-input":"required name=search_term_string"}],"inLanguage":"de"},{"@type":"ImageObject","inLanguage":"de","@id":"http:\/\/www.gut-geht-so.de\/03_wordpress\/psych-coaching\/#primaryimage","url":"http:\/\/www.gut-geht-so.de\/03_wordpress\/wp-content\/uploads\/2016\/07\/Eierschale1.jpg","contentUrl":"http:\/\/www.gut-geht-so.de\/03_wordpress\/wp-content\/uploads\/2016\/07\/Eierschale1.jpg","width":640,"height":425},{"@type":"WebPage","@id":"http:\/\/www.gut-geht-so.de\/03_wordpress\/psych-coaching\/#webpage","url":"http:\/\/www.gut-geht-so.de\/03_wordpress\/psych-coaching\/","name":"Psychotherapeutisches Coaching - Karen Thielert-Kr\u00f6mer","isPartOf":{"@id":"http:\/\/www.gut-geht-so.de\/03_wordpress\/#website"},"primaryImageOfPage":{"@id":"http:\/\/www.gut-geht-so.de\/03_wordpress\/psych-coaching\/#primaryimage"},"datePublished":"2017-09-23T13:04:43+00:00","dateModified":"2019-02-22T14:30:38+00:00","description":"Karen Thielert-Kr\u00f6mer Psychotherapeutisches Coaching","breadcrumb":{"@id":"http:\/\/www.gut-geht-so.de\/03_wordpress\/psych-coaching\/#breadcrumb"},"inLanguage":"de","potentialAction":[{"@type":"ReadAction","target":["http:\/\/www.gut-geht-so.de\/03_wordpress\/psych-coaching\/"]}]},{"@type":"BreadcrumbList","@id":"http:\/\/www.gut-geht-so.de\/03_wordpress\/psych-coaching\/#breadcrumb","itemListElement":[{"@type":"ListItem","position":1,"name":"Startseite","item":"http:\/\/www.gut-geht-so.de\/03_wordpress\/"},{"@type":"ListItem","position":2,"name":"Psychotherapeutisches Coaching"}]}]}},"_links":{"self":[{"href":"http:\/\/www.gut-geht-so.de\/03_wordpress\/wp-json\/wp\/v2\/pages\/365"}],"collection":[{"href":"http:\/\/www.gut-geht-so.de\/03_wordpress\/wp-json\/wp\/v2\/pages"}],"about":[{"href":"http:\/\/www.gut-geht-so.de\/03_wordpress\/wp-json\/wp\/v2\/types\/page"}],"author":[{"embeddable":true,"href":"http:\/\/www.gut-geht-so.de\/03_wordpress\/wp-json\/wp\/v2\/users\/1"}],"replies":[{"embeddable":true,"href":"http:\/\/www.gut-geht-so.de\/03_wordpress\/wp-json\/wp\/v2\/comments?post=365"}],"version-history":[{"count":10,"href":"http:\/\/www.gut-geht-so.de\/03_wordpress\/wp-json\/wp\/v2\/pages\/365\/revisions"}],"predecessor-version":[{"id":561,"href":"http:\/\/www.gut-geht-so.de\/03_wordpress\/wp-json\/wp\/v2\/pages\/365\/revisions\/561"}],"wp:attachment":[{"href":"http:\/\/www.gut-geht-so.de\/03_wordpress\/wp-json\/wp\/v2\/media?parent=365"}],"curies":[{"name":"wp","href":"https:\/\/api.w.org\/{rel}","templated":true}]}}