{"id":363,"date":"2017-09-23T15:04:59","date_gmt":"2017-09-23T13:04:59","guid":{"rendered":"http:\/\/www.gut-geht-so.de\/03_wordpress\/?page_id=363"},"modified":"2023-08-15T20:38:26","modified_gmt":"2023-08-15T18:38:26","slug":"lerncoaching","status":"publish","type":"page","link":"http:\/\/www.gut-geht-so.de\/03_wordpress\/lerncoaching\/","title":{"rendered":"<font color=\"black\">Lern- und Pr\u00fcfungscoaching"},"content":{"rendered":"<h3><span style=\"color: #000000;\">Lern- und Pr\u00fcfungscoaching <\/span><\/h3>\n<p><span style=\"color: #000000;\"><strong>f\u00fcr die Bereiche Schule, Uni, Ausbildung und Fahrschule <\/strong><\/span><\/p>\n<p><span style=\"color: #000000;\">Unterst\u00fctzung bei Lernstress, LRS, Lernblockaden, Pr\u00fcfungsstress und Fahrpr\u00fcfung ( F\u00fchrerschein )<br \/>\n<\/span><\/p>\n<p><span style=\"color: #000000;\">Wenn es mit dem Lernen, der Motivation und der Konzentration einfach nicht gelingen will, der Druck und parallel dazu der Frust in der Schule zunimmt, Abi-Klausuren oder Zwischenpr\u00fcfungen in sichtbare N\u00e4he r\u00fccken oder die F\u00fchrerscheinpr\u00fcfung vor der T\u00fcr steht \u2013 w\u00e4re es dann nicht einfach gro\u00dfartig,<\/span><\/p>\n<ul>\n<li><span style=\"color: #000000;\">gute Lernstrategien und effektive Lerntechniken zur Hand zu haben?<\/span><\/li>\n<li><span style=\"color: #000000;\">ruhig und gelassen in die Pr\u00fcfung zu gehen?<\/span><\/li>\n<li><span style=\"color: #000000;\">einen klaren Fokus zu haben?<\/span><\/li>\n<li><span style=\"color: #000000;\">sich selbstsicher darauf zu verlassen, seine Kenntnisse im richtigen Moment <\/span><span style=\"color: #000000;\">abrufen zu k\u00f6nnen?<\/span><\/li>\n<li><span style=\"color: #000000;\">Motivation und Konzentration wunschgem\u00e4\u00df zu aktivieren?<\/span><\/li>\n<\/ul>\n<p><span style=\"color: #000000;\"><strong>Lern- und Pr\u00fcfungscoaching k\u00f6nnte f\u00fcr Sie oder Ihr Kind dann eine gute Unterst\u00fctzung sein!<\/strong><\/span><\/p>\n<p><span style=\"color: #000000;\"><strong>\u00a0<\/strong><\/span><\/p>\n<p><span style=\"color: #000000;\"><strong>Was ist der Unterschied zwischen Nachhilfe und Lerncoaching?<\/strong><\/span><\/p>\n<p><span style=\"color: #000000;\">Lerncoaching bedeutet hier: Hilfe zur Selbsthilfe.<\/span><\/p>\n<p><span style=\"color: #000000;\">Beim Lerncoaching wird herausgefunden, welcher Lerntyp vorliegt, welche Sinneskan\u00e4le vorrangig genutzt werden und wie man die anderen Kan\u00e4le trainieren kann, sodass alle vorhandenen Potenziale optimal genutzt werden k\u00f6nnen.Es wird auf die individuellen Begebenheiten eingegangen, Blockaden und Demotivatoren entlarvt und dann passende Lernstrategien entwickelt, mit denen sich Lernende den Lernstoff leichter und nachhaltiger erarbeiten k\u00f6nnen. Es geht also nicht um Lerninhalte, sondern darum, <strong><u>wie<\/u><\/strong> man sich die Inhalte effektiver erarbeitet und sie sp\u00e4ter zuverl\u00e4ssig abrufbar macht.<\/span><\/p>\n<p><span style=\"color: #000000;\">Wir k\u00fcmmern uns um Pr\u00fcfungs- und Klausurstress, mangelndes Selbstvertrauen, Aufschieberitis und Schwierigkeiten bei der m\u00fcndlichen Mitarbeit.<\/span><\/p>\n<p><span style=\"color: #000000;\">Die Motivation steigt von selbst, wenn uns Dinge leicht fallen. Leicht f\u00e4llt uns etwas, wenn wir wissen, wie es geht. Erst wenn wir Anforderungen sp\u00fcren und bew\u00e4ltigen und die Dinge dann gelingen, sich auf einmal Erfolgserlebnisse einstellen, haben wir Spa\u00df und Freude an dem, was wir tun.<\/span><\/p>\n<p><span style=\"color: #000000;\">Gute Erfahrungen werden gemacht, wenn man Lerncoaching der Nachhilfe vorschaltet oder es in enger Absprache parallel laufen l\u00e4sst. Man \u00f6ffnet quasi die T\u00fcr, dadurch sind alle Kan\u00e4le nutzbar, im Anschluss wird leichter und schneller gelernt und das Gelernte \u201esitzt\u201c.<\/span><\/p>\n<p><span style=\"color: #000000;\">Tel.: +49 (0) 174 471 1257<\/span><\/p>\n<h4><a href=\"http:\/\/www.gut-geht-so.de\/03_wordpress\/\">zur\u00fcck<\/a><\/h4>\n","protected":false},"excerpt":{"rendered":"<p>Lern- und Pr\u00fcfungscoaching f\u00fcr die Bereiche Schule, Uni, Ausbildung und Fahrschule Unterst\u00fctzung bei Lernstress, LRS, Lernblockaden, Pr\u00fcfungsstress und Fahrpr\u00fcfung ( F\u00fchrerschein ) Wenn es mit dem Lernen, der Motivation und der Konzentration einfach nicht gelingen will, der Druck und parallel dazu der Frust in der Schule zunimmt, Abi-Klausuren oder Zwischenpr\u00fcfungen in sichtbare N\u00e4he r\u00fccken oder [&hellip;]<\/p>\n","protected":false},"author":1,"featured_media":0,"parent":0,"menu_order":0,"comment_status":"closed","ping_status":"closed","template":"page-full-width.php","meta":{"footnotes":""},"yoast_head":"<!-- This site is optimized with the Yoast SEO plugin v18.9 - https:\/\/yoast.com\/wordpress\/plugins\/seo\/ -->\n<title>Lern- und Pr\u00fcfungscoaching - Karen Thielert-Kr\u00f6mer<\/title>\n<meta name=\"description\" content=\"Karen Thielert-Kr\u00f6mer Lern- und Pr\u00fcfungscoaching\" \/>\n<meta name=\"robots\" content=\"index, follow, max-snippet:-1, max-image-preview:large, max-video-preview:-1\" \/>\n<link rel=\"canonical\" href=\"http:\/\/www.gut-geht-so.de\/03_wordpress\/lerncoaching\/\" \/>\n<meta property=\"og:locale\" content=\"de_DE\" \/>\n<meta property=\"og:type\" content=\"article\" \/>\n<meta property=\"og:title\" content=\"Lern- und Pr\u00fcfungscoaching - Karen Thielert-Kr\u00f6mer\" \/>\n<meta property=\"og:description\" content=\"Karen Thielert-Kr\u00f6mer &lt;font color=&quot;black&quot;&gt;Lern- und Pr\u00fcfungscoaching\" \/>\n<meta property=\"og:url\" content=\"http:\/\/www.gut-geht-so.de\/03_wordpress\/lerncoaching\/\" \/>\n<meta property=\"og:site_name\" content=\"Karen Thielert-Kr\u00f6mer\" \/>\n<meta property=\"article:modified_time\" content=\"2023-08-15T18:38:26+00:00\" \/>\n<meta name=\"twitter:card\" content=\"summary_large_image\" \/>\n<meta name=\"twitter:label1\" content=\"Gesch\u00e4tzte Lesezeit\" \/>\n\t<meta name=\"twitter:data1\" content=\"2\u00a0Minuten\" \/>\n<script type=\"application\/ld+json\" class=\"yoast-schema-graph\">{\"@context\":\"https:\/\/schema.org\",\"@graph\":[{\"@type\":[\"Person\",\"Organization\"],\"@id\":\"http:\/\/www.gut-geht-so.de\/03_wordpress\/#\/schema\/person\/193693457f65a6eacf7406f39ae38821\",\"name\":\"Karen.Thielert-Kr\u00f6mer\",\"image\":{\"@type\":\"ImageObject\",\"inLanguage\":\"de\",\"@id\":\"http:\/\/www.gut-geht-so.de\/03_wordpress\/#\/schema\/person\/image\/\",\"url\":\"http:\/\/1.gravatar.com\/avatar\/ddf0d52816badacff52d22e89cdaa4d4?s=96&d=mm&r=g\",\"contentUrl\":\"http:\/\/1.gravatar.com\/avatar\/ddf0d52816badacff52d22e89cdaa4d4?s=96&d=mm&r=g\",\"caption\":\"Karen.Thielert-Kr\u00f6mer\"},\"logo\":{\"@id\":\"http:\/\/www.gut-geht-so.de\/03_wordpress\/#\/schema\/person\/image\/\"},\"sameAs\":[\"http:\/\/www.gut-geht-so.de\"]},{\"@type\":\"WebSite\",\"@id\":\"http:\/\/www.gut-geht-so.de\/03_wordpress\/#website\",\"url\":\"http:\/\/www.gut-geht-so.de\/03_wordpress\/\",\"name\":\"Karen Thielert-Kr\u00f6mer\",\"description\":\"Gut-geht-so\",\"publisher\":{\"@id\":\"http:\/\/www.gut-geht-so.de\/03_wordpress\/#\/schema\/person\/193693457f65a6eacf7406f39ae38821\"},\"potentialAction\":[{\"@type\":\"SearchAction\",\"target\":{\"@type\":\"EntryPoint\",\"urlTemplate\":\"http:\/\/www.gut-geht-so.de\/03_wordpress\/?s={search_term_string}\"},\"query-input\":\"required name=search_term_string\"}],\"inLanguage\":\"de\"},{\"@type\":\"WebPage\",\"@id\":\"http:\/\/www.gut-geht-so.de\/03_wordpress\/lerncoaching\/#webpage\",\"url\":\"http:\/\/www.gut-geht-so.de\/03_wordpress\/lerncoaching\/\",\"name\":\"Lern- und Pr\u00fcfungscoaching - Karen Thielert-Kr\u00f6mer\",\"isPartOf\":{\"@id\":\"http:\/\/www.gut-geht-so.de\/03_wordpress\/#website\"},\"datePublished\":\"2017-09-23T13:04:59+00:00\",\"dateModified\":\"2023-08-15T18:38:26+00:00\",\"description\":\"Karen Thielert-Kr\u00f6mer Lern- und Pr\u00fcfungscoaching\",\"breadcrumb\":{\"@id\":\"http:\/\/www.gut-geht-so.de\/03_wordpress\/lerncoaching\/#breadcrumb\"},\"inLanguage\":\"de\",\"potentialAction\":[{\"@type\":\"ReadAction\",\"target\":[\"http:\/\/www.gut-geht-so.de\/03_wordpress\/lerncoaching\/\"]}]},{\"@type\":\"BreadcrumbList\",\"@id\":\"http:\/\/www.gut-geht-so.de\/03_wordpress\/lerncoaching\/#breadcrumb\",\"itemListElement\":[{\"@type\":\"ListItem\",\"position\":1,\"name\":\"Startseite\",\"item\":\"http:\/\/www.gut-geht-so.de\/03_wordpress\/\"},{\"@type\":\"ListItem\",\"position\":2,\"name\":\"Lern- und Pr\u00fcfungscoaching\"}]}]}<\/script>\n<!-- \/ Yoast SEO plugin. -->","yoast_head_json":{"title":"Lern- und Pr\u00fcfungscoaching - Karen Thielert-Kr\u00f6mer","description":"Karen Thielert-Kr\u00f6mer Lern- und Pr\u00fcfungscoaching","robots":{"index":"index","follow":"follow","max-snippet":"max-snippet:-1","max-image-preview":"max-image-preview:large","max-video-preview":"max-video-preview:-1"},"canonical":"http:\/\/www.gut-geht-so.de\/03_wordpress\/lerncoaching\/","og_locale":"de_DE","og_type":"article","og_title":"Lern- und Pr\u00fcfungscoaching - Karen Thielert-Kr\u00f6mer","og_description":"Karen Thielert-Kr\u00f6mer <font color=\"black\">Lern- und Pr\u00fcfungscoaching","og_url":"http:\/\/www.gut-geht-so.de\/03_wordpress\/lerncoaching\/","og_site_name":"Karen Thielert-Kr\u00f6mer","article_modified_time":"2023-08-15T18:38:26+00:00","twitter_card":"summary_large_image","twitter_misc":{"Gesch\u00e4tzte Lesezeit":"2\u00a0Minuten"},"schema":{"@context":"https:\/\/schema.org","@graph":[{"@type":["Person","Organization"],"@id":"http:\/\/www.gut-geht-so.de\/03_wordpress\/#\/schema\/person\/193693457f65a6eacf7406f39ae38821","name":"Karen.Thielert-Kr\u00f6mer","image":{"@type":"ImageObject","inLanguage":"de","@id":"http:\/\/www.gut-geht-so.de\/03_wordpress\/#\/schema\/person\/image\/","url":"http:\/\/1.gravatar.com\/avatar\/ddf0d52816badacff52d22e89cdaa4d4?s=96&d=mm&r=g","contentUrl":"http:\/\/1.gravatar.com\/avatar\/ddf0d52816badacff52d22e89cdaa4d4?s=96&d=mm&r=g","caption":"Karen.Thielert-Kr\u00f6mer"},"logo":{"@id":"http:\/\/www.gut-geht-so.de\/03_wordpress\/#\/schema\/person\/image\/"},"sameAs":["http:\/\/www.gut-geht-so.de"]},{"@type":"WebSite","@id":"http:\/\/www.gut-geht-so.de\/03_wordpress\/#website","url":"http:\/\/www.gut-geht-so.de\/03_wordpress\/","name":"Karen Thielert-Kr\u00f6mer","description":"Gut-geht-so","publisher":{"@id":"http:\/\/www.gut-geht-so.de\/03_wordpress\/#\/schema\/person\/193693457f65a6eacf7406f39ae38821"},"potentialAction":[{"@type":"SearchAction","target":{"@type":"EntryPoint","urlTemplate":"http:\/\/www.gut-geht-so.de\/03_wordpress\/?s={search_term_string}"},"query-input":"required name=search_term_string"}],"inLanguage":"de"},{"@type":"WebPage","@id":"http:\/\/www.gut-geht-so.de\/03_wordpress\/lerncoaching\/#webpage","url":"http:\/\/www.gut-geht-so.de\/03_wordpress\/lerncoaching\/","name":"Lern- und Pr\u00fcfungscoaching - Karen Thielert-Kr\u00f6mer","isPartOf":{"@id":"http:\/\/www.gut-geht-so.de\/03_wordpress\/#website"},"datePublished":"2017-09-23T13:04:59+00:00","dateModified":"2023-08-15T18:38:26+00:00","description":"Karen Thielert-Kr\u00f6mer Lern- und Pr\u00fcfungscoaching","breadcrumb":{"@id":"http:\/\/www.gut-geht-so.de\/03_wordpress\/lerncoaching\/#breadcrumb"},"inLanguage":"de","potentialAction":[{"@type":"ReadAction","target":["http:\/\/www.gut-geht-so.de\/03_wordpress\/lerncoaching\/"]}]},{"@type":"BreadcrumbList","@id":"http:\/\/www.gut-geht-so.de\/03_wordpress\/lerncoaching\/#breadcrumb","itemListElement":[{"@type":"ListItem","position":1,"name":"Startseite","item":"http:\/\/www.gut-geht-so.de\/03_wordpress\/"},{"@type":"ListItem","position":2,"name":"Lern- und Pr\u00fcfungscoaching"}]}]}},"_links":{"self":[{"href":"http:\/\/www.gut-geht-so.de\/03_wordpress\/wp-json\/wp\/v2\/pages\/363"}],"collection":[{"href":"http:\/\/www.gut-geht-so.de\/03_wordpress\/wp-json\/wp\/v2\/pages"}],"about":[{"href":"http:\/\/www.gut-geht-so.de\/03_wordpress\/wp-json\/wp\/v2\/types\/page"}],"author":[{"embeddable":true,"href":"http:\/\/www.gut-geht-so.de\/03_wordpress\/wp-json\/wp\/v2\/users\/1"}],"replies":[{"embeddable":true,"href":"http:\/\/www.gut-geht-so.de\/03_wordpress\/wp-json\/wp\/v2\/comments?post=363"}],"version-history":[{"count":11,"href":"http:\/\/www.gut-geht-so.de\/03_wordpress\/wp-json\/wp\/v2\/pages\/363\/revisions"}],"predecessor-version":[{"id":791,"href":"http:\/\/www.gut-geht-so.de\/03_wordpress\/wp-json\/wp\/v2\/pages\/363\/revisions\/791"}],"wp:attachment":[{"href":"http:\/\/www.gut-geht-so.de\/03_wordpress\/wp-json\/wp\/v2\/media?parent=363"}],"curies":[{"name":"wp","href":"https:\/\/api.w.org\/{rel}","templated":true}]}}