{"id":358,"date":"2017-09-23T14:37:06","date_gmt":"2017-09-23T12:37:06","guid":{"rendered":"http:\/\/www.gut-geht-so.de\/03_wordpress\/?page_id=358"},"modified":"2023-08-15T20:36:50","modified_gmt":"2023-08-15T18:36:50","slug":"wingwave-emdr","status":"publish","type":"page","link":"http:\/\/www.gut-geht-so.de\/03_wordpress\/wingwave-emdr\/","title":{"rendered":"<font color=\"black\">wingwave\u00ae \/ EMDR"},"content":{"rendered":"<p><img decoding=\"async\" loading=\"lazy\" class=\"alignleft size-full wp-image-639\" src=\"http:\/\/www.gut-geht-so.de\/03_wordpress\/wp-content\/uploads\/2020\/03\/70123_csm_online_2020_8ba93d8682_6858fc7b47-e1585138345648.png\" alt=\"\" width=\"150\" height=\"150\" \/><\/p>\n<p><img decoding=\"async\" loading=\"lazy\" class=\"aligncenter wp-image-430 \" src=\"http:\/\/www.gut-geht-so.de\/03_wordpress\/wp-content\/uploads\/2017\/09\/wingwave_logo_breit.jpg\" alt=\"\" width=\"587\" height=\"89\" srcset=\"http:\/\/www.gut-geht-so.de\/03_wordpress\/wp-content\/uploads\/2017\/09\/wingwave_logo_breit.jpg 1252w, http:\/\/www.gut-geht-so.de\/03_wordpress\/wp-content\/uploads\/2017\/09\/wingwave_logo_breit-300x46.jpg 300w, http:\/\/www.gut-geht-so.de\/03_wordpress\/wp-content\/uploads\/2017\/09\/wingwave_logo_breit-768x117.jpg 768w, http:\/\/www.gut-geht-so.de\/03_wordpress\/wp-content\/uploads\/2017\/09\/wingwave_logo_breit-1024x156.jpg 1024w\" sizes=\"(max-width: 587px) 100vw, 587px\" \/><\/p>\n<h3><strong><span style=\"color: black;\">Karen Thielert-Kr\u00f6mer: Ihr wingwave\u00ae-Coach in Bad Bramstedt und Flintbek ( bei Kiel )<br \/><\/span><\/strong><\/h3>\n<p>\u00a0<\/p>\n<p><span style=\"color: #000000;\"><strong>Wingwave-Coaching <br \/><\/strong><\/span><\/p>\n<hr \/>\n<p><span style=\"color: #000000;\">Wingwave\u00ae ist das punktgenaue Turbo-Coaching bei Stress, Belastung, Konflikten und Blockaden \u2013 f\u00fcr mehr Gelassenheit, innere St\u00e4rke, Motivation und Erfolg!<\/span><\/p>\n<p><span style=\"color: #000000;\">Wingwave\u00ae ist eine effektive Kurzzeitmethode, die mit r\u00fcckgemeldetem Erfolg und Nachhaltigkeit von F\u00fchrungskr\u00e4ften, Lernenden, Studierenden und im Leistungssport genutzt wird. Es wird inzwischen weltweit angewendet und ist eine der am besten beforschten Coachingmethoden, deren Wirksamkeit durch verschiedene Studien, z. B. am UKE in Hamburg sowie\u00a0 an der Sporthochschule K\u00f6ln, belegt wurde.<\/span><\/p>\n<p><span style=\"color: #000000;\">Mit wingwave\u00ae k\u00f6nnen oft in erstaunlich kurzer Zeit sp\u00fcrbar schnell Ver\u00e4nderungen erreicht werden: Blockaden k\u00f6nnen sich l\u00f6sen, Potenziale k\u00f6nnen nutzbar werden, stressende Emotionen und belastende Themen k\u00f6nnen in neue Energie, Selbstvertrauen und Gelassenheit umgewandelt werden, der Weg wird frei und Ziele k\u00f6nnen erreichbar werden.<\/span><\/p>\n\n\n<h4 class=\"wp-block-heading\"> <br><span style=\"color: #000000;\"><strong><span style=\"color: black;\">M\u00f6gliche Anwendungsbereiche:<\/span><\/strong><\/span><\/h4>\n\n\n\n<div class=\"wp-block-image\"><figure class=\"alignright\"><img decoding=\"async\" loading=\"lazy\" width=\"300\" height=\"285\" src=\"http:\/\/www.gut-geht-so.de\/03_wordpress\/wp-content\/uploads\/2020\/03\/70123_csm_stamp_2020_de_c71758b505_4578a28ee0-300x285.png\" alt=\"\" class=\"wp-image-592\" srcset=\"http:\/\/www.gut-geht-so.de\/03_wordpress\/wp-content\/uploads\/2020\/03\/70123_csm_stamp_2020_de_c71758b505_4578a28ee0-300x285.png 300w, http:\/\/www.gut-geht-so.de\/03_wordpress\/wp-content\/uploads\/2020\/03\/70123_csm_stamp_2020_de_c71758b505_4578a28ee0-768x730.png 768w, http:\/\/www.gut-geht-so.de\/03_wordpress\/wp-content\/uploads\/2020\/03\/70123_csm_stamp_2020_de_c71758b505_4578a28ee0-1024x974.png 1024w, http:\/\/www.gut-geht-so.de\/03_wordpress\/wp-content\/uploads\/2020\/03\/70123_csm_stamp_2020_de_c71758b505_4578a28ee0.png 1120w\" sizes=\"(max-width: 300px) 100vw, 300px\" \/><\/figure><\/div>\n\n\n\n<p><span style=\"color: #000000;\">\n<\/span><\/p>\n\n\n\n<ul><li><span style=\"color: #000000;\">Stress und Leistungsdruck<\/span><\/li><\/ul>\n\n\n\n<ul><li><span style=\"color: #000000;\">Aufl\u00f6sung von Blockaden m\u00f6glich<\/span><\/li><\/ul>\n\n\n\n<ul><li><span style=\"color: #000000;\">bei Pr\u00fcfungs-, Pr\u00e4sentations-, oder Auftrittssituationen<\/span><\/li><\/ul>\n\n\n\n<ul><li><span style=\"color: #000000;\">bei Sch\u00fcchternheit und mangelndem Selbstvertrauen<\/span><\/li><\/ul>\n\n\n\n<ul><li><span style=\"color: #000000;\">bei belastenden Themen und Erinnerungen aus der Vergangenheit<\/span><\/li><\/ul>\n\n\n\n<ul><li><span style=\"color: #000000;\">bei Mobbing und weiteren sozialen  Belastungssituationen<\/span><\/li><\/ul>\n\n\n\n<ul><li><span style=\"color: #000000;\">bei Trennung \/ Scheidung \/ Verlusterfahrungen<\/span><\/li><\/ul>\n\n\n\n<p><\/p>\n\n\n\n<ul><li><span style=\"color: #000000;\">bei \u00fcberm\u00e4\u00dfigem Verlangen nach Genussmitteln, z.B. Zigaretten, S\u00fc\u00dfigkeiten<\/span><\/li><\/ul>\n\n\n\n<ul><li><span style=\"color: #000000;\">F\u00f6rderung von Lebensfreude und Vitalit\u00e4t<\/span><\/li><\/ul>\n\n\n\n<p><\/p>\n\n\n\n<p><span style=\"color: #000000;\"><strong>Wie wirkt Wingwave\u00ae?<\/strong><\/span><\/p>\n\n\n\n<p><span style=\"color: #000000;\">Im Wingwave\u00ae vereinen sich Anteile&nbsp; der seit\nvielen Jahren bew\u00e4hrten EMDR- Methode mit verschiedenen Strukturen&nbsp; aus\ndem NLP und einem Muskeltest: dem Myostatiktest. Durch verschiedene\nrechts-links-Reize wird eine bilaterale Hemisph\u00e4renstimulation des Gehirns\nerreicht, wodurch die sog. REM-Phasen im Wachzustand hergestellt werden, die\nwir Menschen sonst nur in n\u00e4chtlichen Traumschlafphasen durchlaufen. Dadurch\nwerden Stressausl\u00f6ser (belastende Gedanken, Erinnerungen, Emotionen) &nbsp;im\nlimbischen System des Gehirns erreichbar und k\u00f6nnen in einer wohltuenden und\nentlastenden Weise verarbeitet werden. Durch entsprechende zielgerichtete\nSprachmuster aus dem NLP sowie Testung mittels Myostatiktest wird direkt und\npunktgenau dort mit der Intervention angesetzt, wo sich der wirkliche\nStressausl\u00f6ser befindet. Und der l\u00e4sst sich dann oftmals ganz woanders finden,\nals man ihn eigentlich vermutet hat. Der Klient ist die ganze Zeit \u00fcber wach,\nansprechbar und kann den Prozess jederzeit unterbrechen oder ver\u00e4ndern.<\/span><\/p>\n\n\n\n<p><span style=\"color: #000000;\"><strong>Hier finden Sie weitere Informationen zum\nWingwave\u00ae-Coaching:<\/strong><\/span><\/p>\n\n\n\n<p><span style=\"color: #000000;\">Fernsehdokumentation SWR:<br>\nwww.youtube.com\/results?search_query=die+seelenfl%C3%BCsterer+-+turbo-coaching+gegen+stress+und+angst<span style=\"color: #000000;\"><\/span><\/span><\/p>\n\n\n\n<p><span style=\"color: #000000;\"><strong>Wingwave\u00ae bei belastenden Erinnerungen und Themen:<\/strong><\/span><\/p>\n\n\n\n<p><span style=\"color: #000000;\"> Mit folgenden \u00c4u\u00dferungen beschreiben Klienten die m\u00f6glichen Ver\u00e4nderung w\u00e4hrend und nach der Intervention mit Wingwave\u00ae oder EMDR:<\/span><\/p>\n\n\n\n<p><span style=\"color: #000000;\">&#8211; die Erinnerungen entfernen sich, verblassen und\nr\u00fccken in die Ferne; die negativen Empfindungen lassen an Intensit\u00e4t nach<\/span><\/p>\n\n\n\n<p><span style=\"color: #000000;\">&#8211; das Gef\u00fchl, sich von der Last und dem Druck des\nentsprechenden Themas\nbefreit zu haben<\/span><\/p>\n\n\n\n<p><span style=\"color: #000000;\">&#8211; Bewertung der Geschehnisse aus der Vergangenheit sind dann h\u00e4ufig aus einer anderen Perspektive m\u00f6glich, die Emotionen dazu ver\u00e4ndern sich \nentsprechend, werden oft \u201eerwachsener\u201c<\/span><\/p>\n\n\n\n<p><span style=\"color: #000000;\">&#8211; das Gef\u00fchl, den sich aufdr\u00e4ngenden Gef\u00fchlen und Erinnerungen nicht mehr ausgeliefert zu sein<\/span><\/p>\n\n\n\n<p><span style=\"color: #000000;\">&#8211; die damaligen Geschehnisse haben keine Macht mehr \u00fcber das heutige Empfinden, Denken und Handeln.<\/span><\/p>\n\n\n\n<p><span style=\"color: #000000;\"> <\/span><\/p>\n\n\n\n<p><\/p>\n\n\n\n<p><span style=\"color: #000000;\"><strong>Wingwave\u00ae f\u00fcr Kinder und Jugendliche:<\/strong><\/span><\/p>\n\n\n\n<p><span style=\"color: #000000;\">Durch die schnell sp\u00fcrbaren Ver\u00e4nderungen kann sich Wingwave\u00ae sehr gut f\u00fcr Kinder und Jugendliche eignen. Viele Themen k\u00f6nnen hier in Frage kommen:<\/span><\/p>\n\n\n\n<ul><li><span style=\"color: #000000;\">Aufregung vor Klassenarbeiten, Klausuren oder Pr\u00e4sentationen<\/span><\/li><\/ul>\n\n\n\n<ul><li><span style=\"color: #000000;\">Konflikte mit Lehrkr\u00e4ften oder<\/span> anderen Kindern<\/li><\/ul>\n\n\n\n<ul><li><span style=\"color: #000000;\">Sch\u00fcchternheit und Hemmungen<\/span><\/li><\/ul>\n\n\n\n<ul><li><span style=\"color: #000000;\">famili\u00e4re Belastungen wie z. B. Trennung der Eltern, Erkrankungen von Eltern oder Geschwistern<\/span><\/li><\/ul>\n\n\n\n<ul><li><span style=\"color: #000000;\">Aggressionen vermindern<\/span><\/li><\/ul>\n\n\n\n<ul><li><span style=\"color: #000000;\">eigene F\u00e4higkeiten und Ressourcen erkennen und nutzbar machen<\/span><\/li><\/ul>\n\n\n\n<ul><li><span style=\"color: #000000;\">Abbau von Lernschwierigkeiten, Konzentrationsst\u00f6rungen und Vermeidungsverhalten m\u00f6glich<\/span><\/li><\/ul>\n\n\n\n<ul><li><span style=\"color: #000000;\">Leistungsdruck und Stress<\/span><\/li><\/ul>\n\n\n\n<ul><li><span style=\"color: #000000;\">Mobbing in der Schule<\/span><\/li><\/ul>\n\n\n\n<ul><li><span style=\"color: #000000;\">Leistungssteigerung f\u00fcr Wettk\u00e4mpfe im Sport durch mentale St\u00e4rke m\u00f6glich<\/span><\/li><\/ul>\n\n\n\n<p><\/p>\n\n\n\n<p><\/p>\n\n\n\n<p><span style=\"color: #000000;\"><strong>Wingwave\u00ae oder EMDR nach belastenden Erlebnissen im Zusammenhang mit Geburt\/Entbindung<\/strong><\/span><\/p>\n\n\n\n<p><\/p>\n\n\n<p><span style=\"color: #000000;\">Nicht immer verl\u00e4uft die Geburt eines Kindes wie geplant und ohne Komplikationen. Auch hier kann eine Intervention mit Wingwave\u00ae oder EMDR eine gro\u00dfe Hilfe und Entlastung erm\u00f6glichen.<\/span><\/p>\n<p><strong><span style=\"color: #000000;\">Noch unsicher\u2026<\/span> <\/strong><\/p>\n<p><span style=\"color: #000000;\">ob ein Wingwave-Coaching f\u00fcr Sie das Richtige ist oder Sie mich vorab zun\u00e4chst kennenlernen m\u00f6chten? Dann vereinbaren Sie gern einen <strong>unverbindlichen kurzen Telefontermin<\/strong> mit mir. Wir kl\u00e4ren Ihr pers\u00f6nliches Anliegen und Sie entscheiden dann ganz in Ruhe, ob sich dieser Weg f\u00fcr Sie richtig anf\u00fchlt.<\/span><\/p>\n<p><span style=\"color: #000000;\">Melden Sie sich gern bei mir!<br>Tel.: +49 (0) 174 471 1257<\/span><\/p>\n<h4><a href=\"http:\/\/www.gut-geht-so.de\/03_wordpress\/\">zur\u00fcck<\/a><\/h4>","protected":false},"excerpt":{"rendered":"<p>Karen Thielert-Kr\u00f6mer: Ihr wingwave\u00ae-Coach in Bad Bramstedt und Flintbek ( bei Kiel ) \u00a0 Wingwave-Coaching Wingwave\u00ae ist das punktgenaue Turbo-Coaching bei Stress, Belastung, Konflikten und Blockaden \u2013 f\u00fcr mehr Gelassenheit, innere St\u00e4rke, Motivation und Erfolg! Wingwave\u00ae ist eine effektive Kurzzeitmethode, die mit r\u00fcckgemeldetem Erfolg und Nachhaltigkeit von F\u00fchrungskr\u00e4ften, Lernenden, Studierenden und im Leistungssport genutzt wird. [&hellip;]<\/p>\n","protected":false},"author":1,"featured_media":0,"parent":0,"menu_order":0,"comment_status":"closed","ping_status":"closed","template":"page-full-width.php","meta":{"footnotes":""},"yoast_head":"<!-- This site is optimized with the Yoast SEO plugin v18.9 - https:\/\/yoast.com\/wordpress\/plugins\/seo\/ -->\n<title>wingwave\u00ae \/ EMDR - Karen Thielert-Kr\u00f6mer<\/title>\n<meta name=\"description\" content=\"Karen Thielert-Kr\u00f6mer wingwave\u00ae \/ EMDR\" \/>\n<meta name=\"robots\" content=\"index, follow, max-snippet:-1, max-image-preview:large, max-video-preview:-1\" \/>\n<link rel=\"canonical\" href=\"http:\/\/www.gut-geht-so.de\/03_wordpress\/wingwave-emdr\/\" \/>\n<meta property=\"og:locale\" content=\"de_DE\" \/>\n<meta property=\"og:type\" content=\"article\" \/>\n<meta property=\"og:title\" content=\"wingwave\u00ae \/ EMDR - Karen Thielert-Kr\u00f6mer\" \/>\n<meta property=\"og:description\" content=\"Karen Thielert-Kr\u00f6mer &lt;font color=&quot;black&quot;&gt;wingwave\u00ae \/ EMDR\" \/>\n<meta property=\"og:url\" content=\"http:\/\/www.gut-geht-so.de\/03_wordpress\/wingwave-emdr\/\" \/>\n<meta property=\"og:site_name\" content=\"Karen Thielert-Kr\u00f6mer\" \/>\n<meta property=\"article:modified_time\" content=\"2023-08-15T18:36:50+00:00\" \/>\n<meta property=\"og:image\" content=\"http:\/\/www.gut-geht-so.de\/03_wordpress\/wp-content\/uploads\/2020\/03\/70123_csm_online_2020_8ba93d8682_6858fc7b47-e1585138345648.png\" \/>\n<meta name=\"twitter:card\" content=\"summary_large_image\" \/>\n<meta name=\"twitter:label1\" content=\"Gesch\u00e4tzte Lesezeit\" \/>\n\t<meta name=\"twitter:data1\" content=\"5\u00a0Minuten\" \/>\n<script type=\"application\/ld+json\" class=\"yoast-schema-graph\">{\"@context\":\"https:\/\/schema.org\",\"@graph\":[{\"@type\":[\"Person\",\"Organization\"],\"@id\":\"http:\/\/www.gut-geht-so.de\/03_wordpress\/#\/schema\/person\/193693457f65a6eacf7406f39ae38821\",\"name\":\"Karen.Thielert-Kr\u00f6mer\",\"image\":{\"@type\":\"ImageObject\",\"inLanguage\":\"de\",\"@id\":\"http:\/\/www.gut-geht-so.de\/03_wordpress\/#\/schema\/person\/image\/\",\"url\":\"http:\/\/1.gravatar.com\/avatar\/ddf0d52816badacff52d22e89cdaa4d4?s=96&d=mm&r=g\",\"contentUrl\":\"http:\/\/1.gravatar.com\/avatar\/ddf0d52816badacff52d22e89cdaa4d4?s=96&d=mm&r=g\",\"caption\":\"Karen.Thielert-Kr\u00f6mer\"},\"logo\":{\"@id\":\"http:\/\/www.gut-geht-so.de\/03_wordpress\/#\/schema\/person\/image\/\"},\"sameAs\":[\"http:\/\/www.gut-geht-so.de\"]},{\"@type\":\"WebSite\",\"@id\":\"http:\/\/www.gut-geht-so.de\/03_wordpress\/#website\",\"url\":\"http:\/\/www.gut-geht-so.de\/03_wordpress\/\",\"name\":\"Karen Thielert-Kr\u00f6mer\",\"description\":\"Gut-geht-so\",\"publisher\":{\"@id\":\"http:\/\/www.gut-geht-so.de\/03_wordpress\/#\/schema\/person\/193693457f65a6eacf7406f39ae38821\"},\"potentialAction\":[{\"@type\":\"SearchAction\",\"target\":{\"@type\":\"EntryPoint\",\"urlTemplate\":\"http:\/\/www.gut-geht-so.de\/03_wordpress\/?s={search_term_string}\"},\"query-input\":\"required name=search_term_string\"}],\"inLanguage\":\"de\"},{\"@type\":\"ImageObject\",\"inLanguage\":\"de\",\"@id\":\"http:\/\/www.gut-geht-so.de\/03_wordpress\/wingwave-emdr\/#primaryimage\",\"url\":\"http:\/\/www.gut-geht-so.de\/03_wordpress\/wp-content\/uploads\/2020\/03\/70123_csm_online_2020_8ba93d8682_6858fc7b47-e1585138345648.png\",\"contentUrl\":\"http:\/\/www.gut-geht-so.de\/03_wordpress\/wp-content\/uploads\/2020\/03\/70123_csm_online_2020_8ba93d8682_6858fc7b47-e1585138345648.png\",\"width\":150,\"height\":150},{\"@type\":\"WebPage\",\"@id\":\"http:\/\/www.gut-geht-so.de\/03_wordpress\/wingwave-emdr\/#webpage\",\"url\":\"http:\/\/www.gut-geht-so.de\/03_wordpress\/wingwave-emdr\/\",\"name\":\"wingwave\u00ae \/ EMDR - Karen Thielert-Kr\u00f6mer\",\"isPartOf\":{\"@id\":\"http:\/\/www.gut-geht-so.de\/03_wordpress\/#website\"},\"primaryImageOfPage\":{\"@id\":\"http:\/\/www.gut-geht-so.de\/03_wordpress\/wingwave-emdr\/#primaryimage\"},\"datePublished\":\"2017-09-23T12:37:06+00:00\",\"dateModified\":\"2023-08-15T18:36:50+00:00\",\"description\":\"Karen Thielert-Kr\u00f6mer wingwave\u00ae \/ EMDR\",\"breadcrumb\":{\"@id\":\"http:\/\/www.gut-geht-so.de\/03_wordpress\/wingwave-emdr\/#breadcrumb\"},\"inLanguage\":\"de\",\"potentialAction\":[{\"@type\":\"ReadAction\",\"target\":[\"http:\/\/www.gut-geht-so.de\/03_wordpress\/wingwave-emdr\/\"]}]},{\"@type\":\"BreadcrumbList\",\"@id\":\"http:\/\/www.gut-geht-so.de\/03_wordpress\/wingwave-emdr\/#breadcrumb\",\"itemListElement\":[{\"@type\":\"ListItem\",\"position\":1,\"name\":\"Startseite\",\"item\":\"http:\/\/www.gut-geht-so.de\/03_wordpress\/\"},{\"@type\":\"ListItem\",\"position\":2,\"name\":\"wingwave\u00ae \/ EMDR\"}]}]}<\/script>\n<!-- \/ Yoast SEO plugin. -->","yoast_head_json":{"title":"wingwave\u00ae \/ EMDR - Karen Thielert-Kr\u00f6mer","description":"Karen Thielert-Kr\u00f6mer wingwave\u00ae \/ EMDR","robots":{"index":"index","follow":"follow","max-snippet":"max-snippet:-1","max-image-preview":"max-image-preview:large","max-video-preview":"max-video-preview:-1"},"canonical":"http:\/\/www.gut-geht-so.de\/03_wordpress\/wingwave-emdr\/","og_locale":"de_DE","og_type":"article","og_title":"wingwave\u00ae \/ EMDR - Karen Thielert-Kr\u00f6mer","og_description":"Karen Thielert-Kr\u00f6mer <font color=\"black\">wingwave\u00ae \/ EMDR","og_url":"http:\/\/www.gut-geht-so.de\/03_wordpress\/wingwave-emdr\/","og_site_name":"Karen Thielert-Kr\u00f6mer","article_modified_time":"2023-08-15T18:36:50+00:00","og_image":[{"url":"http:\/\/www.gut-geht-so.de\/03_wordpress\/wp-content\/uploads\/2020\/03\/70123_csm_online_2020_8ba93d8682_6858fc7b47-e1585138345648.png"}],"twitter_card":"summary_large_image","twitter_misc":{"Gesch\u00e4tzte Lesezeit":"5\u00a0Minuten"},"schema":{"@context":"https:\/\/schema.org","@graph":[{"@type":["Person","Organization"],"@id":"http:\/\/www.gut-geht-so.de\/03_wordpress\/#\/schema\/person\/193693457f65a6eacf7406f39ae38821","name":"Karen.Thielert-Kr\u00f6mer","image":{"@type":"ImageObject","inLanguage":"de","@id":"http:\/\/www.gut-geht-so.de\/03_wordpress\/#\/schema\/person\/image\/","url":"http:\/\/1.gravatar.com\/avatar\/ddf0d52816badacff52d22e89cdaa4d4?s=96&d=mm&r=g","contentUrl":"http:\/\/1.gravatar.com\/avatar\/ddf0d52816badacff52d22e89cdaa4d4?s=96&d=mm&r=g","caption":"Karen.Thielert-Kr\u00f6mer"},"logo":{"@id":"http:\/\/www.gut-geht-so.de\/03_wordpress\/#\/schema\/person\/image\/"},"sameAs":["http:\/\/www.gut-geht-so.de"]},{"@type":"WebSite","@id":"http:\/\/www.gut-geht-so.de\/03_wordpress\/#website","url":"http:\/\/www.gut-geht-so.de\/03_wordpress\/","name":"Karen Thielert-Kr\u00f6mer","description":"Gut-geht-so","publisher":{"@id":"http:\/\/www.gut-geht-so.de\/03_wordpress\/#\/schema\/person\/193693457f65a6eacf7406f39ae38821"},"potentialAction":[{"@type":"SearchAction","target":{"@type":"EntryPoint","urlTemplate":"http:\/\/www.gut-geht-so.de\/03_wordpress\/?s={search_term_string}"},"query-input":"required name=search_term_string"}],"inLanguage":"de"},{"@type":"ImageObject","inLanguage":"de","@id":"http:\/\/www.gut-geht-so.de\/03_wordpress\/wingwave-emdr\/#primaryimage","url":"http:\/\/www.gut-geht-so.de\/03_wordpress\/wp-content\/uploads\/2020\/03\/70123_csm_online_2020_8ba93d8682_6858fc7b47-e1585138345648.png","contentUrl":"http:\/\/www.gut-geht-so.de\/03_wordpress\/wp-content\/uploads\/2020\/03\/70123_csm_online_2020_8ba93d8682_6858fc7b47-e1585138345648.png","width":150,"height":150},{"@type":"WebPage","@id":"http:\/\/www.gut-geht-so.de\/03_wordpress\/wingwave-emdr\/#webpage","url":"http:\/\/www.gut-geht-so.de\/03_wordpress\/wingwave-emdr\/","name":"wingwave\u00ae \/ EMDR - Karen Thielert-Kr\u00f6mer","isPartOf":{"@id":"http:\/\/www.gut-geht-so.de\/03_wordpress\/#website"},"primaryImageOfPage":{"@id":"http:\/\/www.gut-geht-so.de\/03_wordpress\/wingwave-emdr\/#primaryimage"},"datePublished":"2017-09-23T12:37:06+00:00","dateModified":"2023-08-15T18:36:50+00:00","description":"Karen Thielert-Kr\u00f6mer wingwave\u00ae \/ EMDR","breadcrumb":{"@id":"http:\/\/www.gut-geht-so.de\/03_wordpress\/wingwave-emdr\/#breadcrumb"},"inLanguage":"de","potentialAction":[{"@type":"ReadAction","target":["http:\/\/www.gut-geht-so.de\/03_wordpress\/wingwave-emdr\/"]}]},{"@type":"BreadcrumbList","@id":"http:\/\/www.gut-geht-so.de\/03_wordpress\/wingwave-emdr\/#breadcrumb","itemListElement":[{"@type":"ListItem","position":1,"name":"Startseite","item":"http:\/\/www.gut-geht-so.de\/03_wordpress\/"},{"@type":"ListItem","position":2,"name":"wingwave\u00ae \/ EMDR"}]}]}},"_links":{"self":[{"href":"http:\/\/www.gut-geht-so.de\/03_wordpress\/wp-json\/wp\/v2\/pages\/358"}],"collection":[{"href":"http:\/\/www.gut-geht-so.de\/03_wordpress\/wp-json\/wp\/v2\/pages"}],"about":[{"href":"http:\/\/www.gut-geht-so.de\/03_wordpress\/wp-json\/wp\/v2\/types\/page"}],"author":[{"embeddable":true,"href":"http:\/\/www.gut-geht-so.de\/03_wordpress\/wp-json\/wp\/v2\/users\/1"}],"replies":[{"embeddable":true,"href":"http:\/\/www.gut-geht-so.de\/03_wordpress\/wp-json\/wp\/v2\/comments?post=358"}],"version-history":[{"count":77,"href":"http:\/\/www.gut-geht-so.de\/03_wordpress\/wp-json\/wp\/v2\/pages\/358\/revisions"}],"predecessor-version":[{"id":789,"href":"http:\/\/www.gut-geht-so.de\/03_wordpress\/wp-json\/wp\/v2\/pages\/358\/revisions\/789"}],"wp:attachment":[{"href":"http:\/\/www.gut-geht-so.de\/03_wordpress\/wp-json\/wp\/v2\/media?parent=358"}],"curies":[{"name":"wp","href":"https:\/\/api.w.org\/{rel}","templated":true}]}}