{"id":34,"date":"2016-01-03T18:14:53","date_gmt":"2016-01-03T17:14:53","guid":{"rendered":"http:\/\/localhost\/03_wordpress\/?page_id=27"},"modified":"2023-08-15T22:03:21","modified_gmt":"2023-08-15T20:03:21","slug":"praxis-fuer-gesundheitsfoerderung","status":"publish","type":"page","link":"http:\/\/www.gut-geht-so.de\/03_wordpress\/","title":{"rendered":"<span style=\"color: #000000;\">Karen Thielert-Kr\u00f6mer &#8211; Praxis f\u00fcr Gesundheitsf\u00f6rderung"},"content":{"rendered":"<h4 class=\"has-text-align-left\"><br \/><span style=\"color: #000000;\">Herzlich Willkommen!<\/span><br \/><br \/><span style=\"color: #000000;\">Gut geht so \u2013 aber wie denn eigentlich genau?<\/span><br \/><br \/><span style=\"color: #000000;\">Gern begleite ich Sie bei diesem ganz individuellen Prozess. Mein vielf\u00e4ltiges Angebot bietet Ihnen zahlreiche M\u00f6glichkeiten, die wir ganz Ihren Bed\u00fcrfnissen und Anliegen entsprechend kombinieren k\u00f6nnen. Mit Herz und Verstand k\u00fcmmern wir uns dann gemeinsam um die Umsetzung.<\/span><br \/><br \/><span style=\"color: #000000;\">So geht gut! Es ist Ihr ganz eigener Weg.<\/span><br \/><br \/><span style=\"color: #000000;\">Karen Thielert-Kr\u00f6mer<\/span><\/h4>\n\n\n<h4 class=\"wp-block-heading\"><span style=\"color: #000000;\">Tel.: +49 (0) 174 471 1257<\/span><\/h4>\n\n\n\n<div class=\"wp-block-image\"><figure class=\"aligncenter is-resized\"><img decoding=\"async\" loading=\"lazy\" src=\"http:\/\/www.gut-geht-so.de\/03_wordpress\/wp-content\/uploads\/2016\/07\/Sonnenblume_lacht.jpg\" alt=\"Sonnenblume\" width=\"420\" height=\"512\"\/><\/figure><\/div>\n\n\n\n<p><\/p>\n","protected":false},"excerpt":{"rendered":"<p>Herzlich Willkommen! Gut geht so \u2013 aber wie denn eigentlich genau? Gern begleite ich Sie bei diesem ganz individuellen Prozess. Mein vielf\u00e4ltiges Angebot bietet Ihnen zahlreiche M\u00f6glichkeiten, die wir ganz Ihren Bed\u00fcrfnissen und Anliegen entsprechend kombinieren k\u00f6nnen. Mit Herz und Verstand k\u00fcmmern wir uns dann gemeinsam um die Umsetzung. So geht gut! Es ist Ihr [&hellip;]<\/p>\n","protected":false},"author":1,"featured_media":0,"parent":0,"menu_order":0,"comment_status":"closed","ping_status":"open","template":"page-full-width.php","meta":{"footnotes":""},"yoast_head":"<!-- This site is optimized with the Yoast SEO plugin v18.9 - https:\/\/yoast.com\/wordpress\/plugins\/seo\/ -->\n<title>Karen Thielert-Kr\u00f6mer - Praxis f\u00fcr Gesundheitsf\u00f6rderung - Karen Thielert-Kr\u00f6mer<\/title>\n<meta name=\"description\" content=\"Bad Bramstedt, Nachhilfe, Lerntherapie, Lerncoaching, RIT, Relexintegration, Wingwave, EMDR, Psychotherapeutisches Coaching, Heilpraktikerin f\u00fcr Psychotherapie, Online Termine\" \/>\n<meta name=\"robots\" content=\"index, follow, max-snippet:-1, max-image-preview:large, max-video-preview:-1\" \/>\n<link rel=\"canonical\" href=\"http:\/\/www.gut-geht-so.de\/03_wordpress\/\" \/>\n<meta property=\"og:locale\" content=\"de_DE\" \/>\n<meta property=\"og:type\" content=\"article\" \/>\n<meta property=\"og:title\" content=\"Karen Thielert-Kr\u00f6mer - Praxis f\u00fcr Gesundheitsf\u00f6rderung - Karen Thielert-Kr\u00f6mer\" \/>\n<meta property=\"og:description\" content=\"Bad Bramstedt, Nachhilfe, Lerntherapie, Lerncoaching, RIT, Relexintegration, Wingwave, EMDR, Psychotherapeutisches Coaching, Heilpraktikerin f\u00fcr Psychotherapie, Online Termine\" \/>\n<meta property=\"og:url\" content=\"http:\/\/www.gut-geht-so.de\/03_wordpress\/\" \/>\n<meta property=\"og:site_name\" content=\"Karen Thielert-Kr\u00f6mer\" \/>\n<meta property=\"article:modified_time\" content=\"2023-08-15T20:03:21+00:00\" \/>\n<meta property=\"og:image\" content=\"http:\/\/www.gut-geht-so.de\/03_wordpress\/wp-content\/uploads\/2016\/07\/Sonnenblume_lacht.jpg\" \/>\n<meta name=\"twitter:card\" content=\"summary_large_image\" \/>\n<meta name=\"twitter:label1\" content=\"Gesch\u00e4tzte Lesezeit\" \/>\n\t<meta name=\"twitter:data1\" content=\"1\u00a0Minute\" \/>\n<script type=\"application\/ld+json\" class=\"yoast-schema-graph\">{\"@context\":\"https:\/\/schema.org\",\"@graph\":[{\"@type\":[\"Person\",\"Organization\"],\"@id\":\"http:\/\/www.gut-geht-so.de\/03_wordpress\/#\/schema\/person\/193693457f65a6eacf7406f39ae38821\",\"name\":\"Karen.Thielert-Kr\u00f6mer\",\"image\":{\"@type\":\"ImageObject\",\"inLanguage\":\"de\",\"@id\":\"http:\/\/www.gut-geht-so.de\/03_wordpress\/#\/schema\/person\/image\/\",\"url\":\"http:\/\/1.gravatar.com\/avatar\/ddf0d52816badacff52d22e89cdaa4d4?s=96&d=mm&r=g\",\"contentUrl\":\"http:\/\/1.gravatar.com\/avatar\/ddf0d52816badacff52d22e89cdaa4d4?s=96&d=mm&r=g\",\"caption\":\"Karen.Thielert-Kr\u00f6mer\"},\"logo\":{\"@id\":\"http:\/\/www.gut-geht-so.de\/03_wordpress\/#\/schema\/person\/image\/\"},\"sameAs\":[\"http:\/\/www.gut-geht-so.de\"]},{\"@type\":\"WebSite\",\"@id\":\"http:\/\/www.gut-geht-so.de\/03_wordpress\/#website\",\"url\":\"http:\/\/www.gut-geht-so.de\/03_wordpress\/\",\"name\":\"Karen Thielert-Kr\u00f6mer\",\"description\":\"Gut-geht-so\",\"publisher\":{\"@id\":\"http:\/\/www.gut-geht-so.de\/03_wordpress\/#\/schema\/person\/193693457f65a6eacf7406f39ae38821\"},\"potentialAction\":[{\"@type\":\"SearchAction\",\"target\":{\"@type\":\"EntryPoint\",\"urlTemplate\":\"http:\/\/www.gut-geht-so.de\/03_wordpress\/?s={search_term_string}\"},\"query-input\":\"required name=search_term_string\"}],\"inLanguage\":\"de\"},{\"@type\":\"ImageObject\",\"inLanguage\":\"de\",\"@id\":\"http:\/\/www.gut-geht-so.de\/03_wordpress\/#primaryimage\",\"url\":\"http:\/\/www.gut-geht-so.de\/03_wordpress\/wp-content\/uploads\/2016\/07\/Sonnenblume_lacht.jpg\",\"contentUrl\":\"http:\/\/www.gut-geht-so.de\/03_wordpress\/wp-content\/uploads\/2016\/07\/Sonnenblume_lacht.jpg\"},{\"@type\":\"WebPage\",\"@id\":\"http:\/\/www.gut-geht-so.de\/03_wordpress\/#webpage\",\"url\":\"http:\/\/www.gut-geht-so.de\/03_wordpress\/\",\"name\":\"Karen Thielert-Kr\u00f6mer - Praxis f\u00fcr Gesundheitsf\u00f6rderung - Karen Thielert-Kr\u00f6mer\",\"isPartOf\":{\"@id\":\"http:\/\/www.gut-geht-so.de\/03_wordpress\/#website\"},\"primaryImageOfPage\":{\"@id\":\"http:\/\/www.gut-geht-so.de\/03_wordpress\/#primaryimage\"},\"datePublished\":\"2016-01-03T17:14:53+00:00\",\"dateModified\":\"2023-08-15T20:03:21+00:00\",\"description\":\"Bad Bramstedt, Nachhilfe, Lerntherapie, Lerncoaching, RIT, Relexintegration, Wingwave, EMDR, Psychotherapeutisches Coaching, Heilpraktikerin f\u00fcr Psychotherapie, Online Termine\",\"breadcrumb\":{\"@id\":\"http:\/\/www.gut-geht-so.de\/03_wordpress\/#breadcrumb\"},\"inLanguage\":\"de\",\"potentialAction\":[{\"@type\":\"ReadAction\",\"target\":[\"http:\/\/www.gut-geht-so.de\/03_wordpress\/\"]}]},{\"@type\":\"BreadcrumbList\",\"@id\":\"http:\/\/www.gut-geht-so.de\/03_wordpress\/#breadcrumb\",\"itemListElement\":[{\"@type\":\"ListItem\",\"position\":1,\"name\":\"Startseite\",\"item\":\"http:\/\/www.gut-geht-so.de\/03_wordpress\/\"},{\"@type\":\"ListItem\",\"position\":2,\"name\":\"Karen Thielert-Kr\u00f6mer &#8211; Praxis f\u00fcr Gesundheitsf\u00f6rderung\"}]}]}<\/script>\n<!-- \/ Yoast SEO plugin. -->","yoast_head_json":{"title":"Karen Thielert-Kr\u00f6mer - Praxis f\u00fcr Gesundheitsf\u00f6rderung - Karen Thielert-Kr\u00f6mer","description":"Bad Bramstedt, Nachhilfe, Lerntherapie, Lerncoaching, RIT, Relexintegration, Wingwave, EMDR, Psychotherapeutisches Coaching, Heilpraktikerin f\u00fcr Psychotherapie, Online Termine","robots":{"index":"index","follow":"follow","max-snippet":"max-snippet:-1","max-image-preview":"max-image-preview:large","max-video-preview":"max-video-preview:-1"},"canonical":"http:\/\/www.gut-geht-so.de\/03_wordpress\/","og_locale":"de_DE","og_type":"article","og_title":"Karen Thielert-Kr\u00f6mer - Praxis f\u00fcr Gesundheitsf\u00f6rderung - Karen Thielert-Kr\u00f6mer","og_description":"Bad Bramstedt, Nachhilfe, Lerntherapie, Lerncoaching, RIT, Relexintegration, Wingwave, EMDR, Psychotherapeutisches Coaching, Heilpraktikerin f\u00fcr Psychotherapie, Online Termine","og_url":"http:\/\/www.gut-geht-so.de\/03_wordpress\/","og_site_name":"Karen Thielert-Kr\u00f6mer","article_modified_time":"2023-08-15T20:03:21+00:00","og_image":[{"url":"http:\/\/www.gut-geht-so.de\/03_wordpress\/wp-content\/uploads\/2016\/07\/Sonnenblume_lacht.jpg"}],"twitter_card":"summary_large_image","twitter_misc":{"Gesch\u00e4tzte Lesezeit":"1\u00a0Minute"},"schema":{"@context":"https:\/\/schema.org","@graph":[{"@type":["Person","Organization"],"@id":"http:\/\/www.gut-geht-so.de\/03_wordpress\/#\/schema\/person\/193693457f65a6eacf7406f39ae38821","name":"Karen.Thielert-Kr\u00f6mer","image":{"@type":"ImageObject","inLanguage":"de","@id":"http:\/\/www.gut-geht-so.de\/03_wordpress\/#\/schema\/person\/image\/","url":"http:\/\/1.gravatar.com\/avatar\/ddf0d52816badacff52d22e89cdaa4d4?s=96&d=mm&r=g","contentUrl":"http:\/\/1.gravatar.com\/avatar\/ddf0d52816badacff52d22e89cdaa4d4?s=96&d=mm&r=g","caption":"Karen.Thielert-Kr\u00f6mer"},"logo":{"@id":"http:\/\/www.gut-geht-so.de\/03_wordpress\/#\/schema\/person\/image\/"},"sameAs":["http:\/\/www.gut-geht-so.de"]},{"@type":"WebSite","@id":"http:\/\/www.gut-geht-so.de\/03_wordpress\/#website","url":"http:\/\/www.gut-geht-so.de\/03_wordpress\/","name":"Karen Thielert-Kr\u00f6mer","description":"Gut-geht-so","publisher":{"@id":"http:\/\/www.gut-geht-so.de\/03_wordpress\/#\/schema\/person\/193693457f65a6eacf7406f39ae38821"},"potentialAction":[{"@type":"SearchAction","target":{"@type":"EntryPoint","urlTemplate":"http:\/\/www.gut-geht-so.de\/03_wordpress\/?s={search_term_string}"},"query-input":"required name=search_term_string"}],"inLanguage":"de"},{"@type":"ImageObject","inLanguage":"de","@id":"http:\/\/www.gut-geht-so.de\/03_wordpress\/#primaryimage","url":"http:\/\/www.gut-geht-so.de\/03_wordpress\/wp-content\/uploads\/2016\/07\/Sonnenblume_lacht.jpg","contentUrl":"http:\/\/www.gut-geht-so.de\/03_wordpress\/wp-content\/uploads\/2016\/07\/Sonnenblume_lacht.jpg"},{"@type":"WebPage","@id":"http:\/\/www.gut-geht-so.de\/03_wordpress\/#webpage","url":"http:\/\/www.gut-geht-so.de\/03_wordpress\/","name":"Karen Thielert-Kr\u00f6mer - Praxis f\u00fcr Gesundheitsf\u00f6rderung - Karen Thielert-Kr\u00f6mer","isPartOf":{"@id":"http:\/\/www.gut-geht-so.de\/03_wordpress\/#website"},"primaryImageOfPage":{"@id":"http:\/\/www.gut-geht-so.de\/03_wordpress\/#primaryimage"},"datePublished":"2016-01-03T17:14:53+00:00","dateModified":"2023-08-15T20:03:21+00:00","description":"Bad Bramstedt, Nachhilfe, Lerntherapie, Lerncoaching, RIT, Relexintegration, Wingwave, EMDR, Psychotherapeutisches Coaching, Heilpraktikerin f\u00fcr Psychotherapie, Online Termine","breadcrumb":{"@id":"http:\/\/www.gut-geht-so.de\/03_wordpress\/#breadcrumb"},"inLanguage":"de","potentialAction":[{"@type":"ReadAction","target":["http:\/\/www.gut-geht-so.de\/03_wordpress\/"]}]},{"@type":"BreadcrumbList","@id":"http:\/\/www.gut-geht-so.de\/03_wordpress\/#breadcrumb","itemListElement":[{"@type":"ListItem","position":1,"name":"Startseite","item":"http:\/\/www.gut-geht-so.de\/03_wordpress\/"},{"@type":"ListItem","position":2,"name":"Karen Thielert-Kr\u00f6mer &#8211; Praxis f\u00fcr Gesundheitsf\u00f6rderung"}]}]}},"_links":{"self":[{"href":"http:\/\/www.gut-geht-so.de\/03_wordpress\/wp-json\/wp\/v2\/pages\/34"}],"collection":[{"href":"http:\/\/www.gut-geht-so.de\/03_wordpress\/wp-json\/wp\/v2\/pages"}],"about":[{"href":"http:\/\/www.gut-geht-so.de\/03_wordpress\/wp-json\/wp\/v2\/types\/page"}],"author":[{"embeddable":true,"href":"http:\/\/www.gut-geht-so.de\/03_wordpress\/wp-json\/wp\/v2\/users\/1"}],"replies":[{"embeddable":true,"href":"http:\/\/www.gut-geht-so.de\/03_wordpress\/wp-json\/wp\/v2\/comments?post=34"}],"version-history":[{"count":80,"href":"http:\/\/www.gut-geht-so.de\/03_wordpress\/wp-json\/wp\/v2\/pages\/34\/revisions"}],"predecessor-version":[{"id":862,"href":"http:\/\/www.gut-geht-so.de\/03_wordpress\/wp-json\/wp\/v2\/pages\/34\/revisions\/862"}],"wp:attachment":[{"href":"http:\/\/www.gut-geht-so.de\/03_wordpress\/wp-json\/wp\/v2\/media?parent=34"}],"curies":[{"name":"wp","href":"https:\/\/api.w.org\/{rel}","templated":true}]}}