{"id":320,"date":"2016-08-21T17:02:10","date_gmt":"2016-08-21T15:02:10","guid":{"rendered":"http:\/\/www.gut-geht-so.de\/03_wordpress\/?page_id=320"},"modified":"2023-08-15T20:30:30","modified_gmt":"2023-08-15T18:30:30","slug":"kooperationspartner","status":"publish","type":"page","link":"http:\/\/www.gut-geht-so.de\/03_wordpress\/kooperationspartner\/","title":{"rendered":"<font color=\"black\">Kooperationspartner"},"content":{"rendered":"<h3><span style=\"color: #000000;\">Kooperationspartner:<\/span><\/h3>\n<p><span style=\"color: #000000;\">Frau Dr. rer. nat. Cathrine Herwartz, Flintbek<\/span><\/p>\n<p><span style=\"color: #000000;\">Raus in die Natur &#8211; Carsten Kr\u00f6mer (<\/span><span style=\"color: #000000;\"><a style=\"color: #000000;\" href=\"https:\/\/www.raus-in-die-natur.de\/\"><span style=\"color: #000000;\">https:\/\/www.raus-in-die-natur.de\/)<\/span><\/a><\/span><\/p>\n<p><span style=\"color: #000000;\">Sabine Hennig &#8211; Heilpraktikerin, Neum\u00fcnster-Einfeld<\/span><\/p>\n<p><span style=\"color: #000000;\">Anja Peters &#8211; Fach\u00e4rztin f\u00fcr Frauenheilkunde und Geburtshilfe, Bordesholm<br \/>\n<\/span><\/p>\n<p><span style=\"color: #000000;\">Naturheilpraxis Kirsten Hinz &#8211; Heilpraktikerin, Aarhus (D\u00e4nemark)<\/span><\/p>\n","protected":false},"excerpt":{"rendered":"<p>Kooperationspartner: Frau Dr. rer. nat. Cathrine Herwartz, Flintbek Raus in die Natur &#8211; Carsten Kr\u00f6mer (https:\/\/www.raus-in-die-natur.de\/) Sabine Hennig &#8211; Heilpraktikerin, Neum\u00fcnster-Einfeld Anja Peters &#8211; Fach\u00e4rztin f\u00fcr Frauenheilkunde und Geburtshilfe, Bordesholm Naturheilpraxis Kirsten Hinz &#8211; Heilpraktikerin, Aarhus (D\u00e4nemark)<\/p>\n","protected":false},"author":1,"featured_media":0,"parent":0,"menu_order":0,"comment_status":"closed","ping_status":"closed","template":"page-full-width.php","meta":{"footnotes":""},"yoast_head":"<!-- This site is optimized with the Yoast SEO plugin v18.9 - https:\/\/yoast.com\/wordpress\/plugins\/seo\/ -->\n<title>Kooperationspartner - Karen Thielert-Kr\u00f6mer<\/title>\n<meta name=\"description\" content=\"Karen Thielert-Kr\u00f6mer Kooperationspartner\" \/>\n<meta name=\"robots\" content=\"index, follow, max-snippet:-1, max-image-preview:large, max-video-preview:-1\" \/>\n<link rel=\"canonical\" href=\"http:\/\/www.gut-geht-so.de\/03_wordpress\/kooperationspartner\/\" \/>\n<meta property=\"og:locale\" content=\"de_DE\" \/>\n<meta property=\"og:type\" content=\"article\" \/>\n<meta property=\"og:title\" content=\"Kooperationspartner - Karen Thielert-Kr\u00f6mer\" \/>\n<meta property=\"og:description\" content=\"Karen Thielert-Kr\u00f6mer &lt;font color=&quot;black&quot;&gt;Kooperationspartner\" \/>\n<meta property=\"og:url\" content=\"http:\/\/www.gut-geht-so.de\/03_wordpress\/kooperationspartner\/\" \/>\n<meta property=\"og:site_name\" content=\"Karen Thielert-Kr\u00f6mer\" \/>\n<meta property=\"article:modified_time\" content=\"2023-08-15T18:30:30+00:00\" \/>\n<meta name=\"twitter:card\" content=\"summary_large_image\" \/>\n<meta name=\"twitter:label1\" content=\"Gesch\u00e4tzte Lesezeit\" \/>\n\t<meta name=\"twitter:data1\" content=\"1\u00a0Minute\" \/>\n<script type=\"application\/ld+json\" class=\"yoast-schema-graph\">{\"@context\":\"https:\/\/schema.org\",\"@graph\":[{\"@type\":[\"Person\",\"Organization\"],\"@id\":\"http:\/\/www.gut-geht-so.de\/03_wordpress\/#\/schema\/person\/193693457f65a6eacf7406f39ae38821\",\"name\":\"Karen.Thielert-Kr\u00f6mer\",\"image\":{\"@type\":\"ImageObject\",\"inLanguage\":\"de\",\"@id\":\"http:\/\/www.gut-geht-so.de\/03_wordpress\/#\/schema\/person\/image\/\",\"url\":\"http:\/\/1.gravatar.com\/avatar\/ddf0d52816badacff52d22e89cdaa4d4?s=96&d=mm&r=g\",\"contentUrl\":\"http:\/\/1.gravatar.com\/avatar\/ddf0d52816badacff52d22e89cdaa4d4?s=96&d=mm&r=g\",\"caption\":\"Karen.Thielert-Kr\u00f6mer\"},\"logo\":{\"@id\":\"http:\/\/www.gut-geht-so.de\/03_wordpress\/#\/schema\/person\/image\/\"},\"sameAs\":[\"http:\/\/www.gut-geht-so.de\"]},{\"@type\":\"WebSite\",\"@id\":\"http:\/\/www.gut-geht-so.de\/03_wordpress\/#website\",\"url\":\"http:\/\/www.gut-geht-so.de\/03_wordpress\/\",\"name\":\"Karen Thielert-Kr\u00f6mer\",\"description\":\"Gut-geht-so\",\"publisher\":{\"@id\":\"http:\/\/www.gut-geht-so.de\/03_wordpress\/#\/schema\/person\/193693457f65a6eacf7406f39ae38821\"},\"potentialAction\":[{\"@type\":\"SearchAction\",\"target\":{\"@type\":\"EntryPoint\",\"urlTemplate\":\"http:\/\/www.gut-geht-so.de\/03_wordpress\/?s={search_term_string}\"},\"query-input\":\"required name=search_term_string\"}],\"inLanguage\":\"de\"},{\"@type\":\"WebPage\",\"@id\":\"http:\/\/www.gut-geht-so.de\/03_wordpress\/kooperationspartner\/#webpage\",\"url\":\"http:\/\/www.gut-geht-so.de\/03_wordpress\/kooperationspartner\/\",\"name\":\"Kooperationspartner - Karen Thielert-Kr\u00f6mer\",\"isPartOf\":{\"@id\":\"http:\/\/www.gut-geht-so.de\/03_wordpress\/#website\"},\"datePublished\":\"2016-08-21T15:02:10+00:00\",\"dateModified\":\"2023-08-15T18:30:30+00:00\",\"description\":\"Karen Thielert-Kr\u00f6mer Kooperationspartner\",\"breadcrumb\":{\"@id\":\"http:\/\/www.gut-geht-so.de\/03_wordpress\/kooperationspartner\/#breadcrumb\"},\"inLanguage\":\"de\",\"potentialAction\":[{\"@type\":\"ReadAction\",\"target\":[\"http:\/\/www.gut-geht-so.de\/03_wordpress\/kooperationspartner\/\"]}]},{\"@type\":\"BreadcrumbList\",\"@id\":\"http:\/\/www.gut-geht-so.de\/03_wordpress\/kooperationspartner\/#breadcrumb\",\"itemListElement\":[{\"@type\":\"ListItem\",\"position\":1,\"name\":\"Startseite\",\"item\":\"http:\/\/www.gut-geht-so.de\/03_wordpress\/\"},{\"@type\":\"ListItem\",\"position\":2,\"name\":\"Kooperationspartner\"}]}]}<\/script>\n<!-- \/ Yoast SEO plugin. -->","yoast_head_json":{"title":"Kooperationspartner - Karen Thielert-Kr\u00f6mer","description":"Karen Thielert-Kr\u00f6mer Kooperationspartner","robots":{"index":"index","follow":"follow","max-snippet":"max-snippet:-1","max-image-preview":"max-image-preview:large","max-video-preview":"max-video-preview:-1"},"canonical":"http:\/\/www.gut-geht-so.de\/03_wordpress\/kooperationspartner\/","og_locale":"de_DE","og_type":"article","og_title":"Kooperationspartner - Karen Thielert-Kr\u00f6mer","og_description":"Karen Thielert-Kr\u00f6mer <font color=\"black\">Kooperationspartner","og_url":"http:\/\/www.gut-geht-so.de\/03_wordpress\/kooperationspartner\/","og_site_name":"Karen Thielert-Kr\u00f6mer","article_modified_time":"2023-08-15T18:30:30+00:00","twitter_card":"summary_large_image","twitter_misc":{"Gesch\u00e4tzte Lesezeit":"1\u00a0Minute"},"schema":{"@context":"https:\/\/schema.org","@graph":[{"@type":["Person","Organization"],"@id":"http:\/\/www.gut-geht-so.de\/03_wordpress\/#\/schema\/person\/193693457f65a6eacf7406f39ae38821","name":"Karen.Thielert-Kr\u00f6mer","image":{"@type":"ImageObject","inLanguage":"de","@id":"http:\/\/www.gut-geht-so.de\/03_wordpress\/#\/schema\/person\/image\/","url":"http:\/\/1.gravatar.com\/avatar\/ddf0d52816badacff52d22e89cdaa4d4?s=96&d=mm&r=g","contentUrl":"http:\/\/1.gravatar.com\/avatar\/ddf0d52816badacff52d22e89cdaa4d4?s=96&d=mm&r=g","caption":"Karen.Thielert-Kr\u00f6mer"},"logo":{"@id":"http:\/\/www.gut-geht-so.de\/03_wordpress\/#\/schema\/person\/image\/"},"sameAs":["http:\/\/www.gut-geht-so.de"]},{"@type":"WebSite","@id":"http:\/\/www.gut-geht-so.de\/03_wordpress\/#website","url":"http:\/\/www.gut-geht-so.de\/03_wordpress\/","name":"Karen Thielert-Kr\u00f6mer","description":"Gut-geht-so","publisher":{"@id":"http:\/\/www.gut-geht-so.de\/03_wordpress\/#\/schema\/person\/193693457f65a6eacf7406f39ae38821"},"potentialAction":[{"@type":"SearchAction","target":{"@type":"EntryPoint","urlTemplate":"http:\/\/www.gut-geht-so.de\/03_wordpress\/?s={search_term_string}"},"query-input":"required name=search_term_string"}],"inLanguage":"de"},{"@type":"WebPage","@id":"http:\/\/www.gut-geht-so.de\/03_wordpress\/kooperationspartner\/#webpage","url":"http:\/\/www.gut-geht-so.de\/03_wordpress\/kooperationspartner\/","name":"Kooperationspartner - Karen Thielert-Kr\u00f6mer","isPartOf":{"@id":"http:\/\/www.gut-geht-so.de\/03_wordpress\/#website"},"datePublished":"2016-08-21T15:02:10+00:00","dateModified":"2023-08-15T18:30:30+00:00","description":"Karen Thielert-Kr\u00f6mer Kooperationspartner","breadcrumb":{"@id":"http:\/\/www.gut-geht-so.de\/03_wordpress\/kooperationspartner\/#breadcrumb"},"inLanguage":"de","potentialAction":[{"@type":"ReadAction","target":["http:\/\/www.gut-geht-so.de\/03_wordpress\/kooperationspartner\/"]}]},{"@type":"BreadcrumbList","@id":"http:\/\/www.gut-geht-so.de\/03_wordpress\/kooperationspartner\/#breadcrumb","itemListElement":[{"@type":"ListItem","position":1,"name":"Startseite","item":"http:\/\/www.gut-geht-so.de\/03_wordpress\/"},{"@type":"ListItem","position":2,"name":"Kooperationspartner"}]}]}},"_links":{"self":[{"href":"http:\/\/www.gut-geht-so.de\/03_wordpress\/wp-json\/wp\/v2\/pages\/320"}],"collection":[{"href":"http:\/\/www.gut-geht-so.de\/03_wordpress\/wp-json\/wp\/v2\/pages"}],"about":[{"href":"http:\/\/www.gut-geht-so.de\/03_wordpress\/wp-json\/wp\/v2\/types\/page"}],"author":[{"embeddable":true,"href":"http:\/\/www.gut-geht-so.de\/03_wordpress\/wp-json\/wp\/v2\/users\/1"}],"replies":[{"embeddable":true,"href":"http:\/\/www.gut-geht-so.de\/03_wordpress\/wp-json\/wp\/v2\/comments?post=320"}],"version-history":[{"count":21,"href":"http:\/\/www.gut-geht-so.de\/03_wordpress\/wp-json\/wp\/v2\/pages\/320\/revisions"}],"predecessor-version":[{"id":787,"href":"http:\/\/www.gut-geht-so.de\/03_wordpress\/wp-json\/wp\/v2\/pages\/320\/revisions\/787"}],"wp:attachment":[{"href":"http:\/\/www.gut-geht-so.de\/03_wordpress\/wp-json\/wp\/v2\/media?parent=320"}],"curies":[{"name":"wp","href":"https:\/\/api.w.org\/{rel}","templated":true}]}}