{"id":286,"date":"2016-08-21T14:15:41","date_gmt":"2016-08-21T12:15:41","guid":{"rendered":"http:\/\/www.gut-geht-so.de\/03_wordpress\/?page_id=286"},"modified":"2023-08-15T21:28:16","modified_gmt":"2023-08-15T19:28:16","slug":"aktiv-fuers-leben","status":"publish","type":"page","link":"http:\/\/www.gut-geht-so.de\/03_wordpress\/aktiv-fuers-leben\/","title":{"rendered":"<font color=\"black\">Psychologische Hom\u00f6opathie"},"content":{"rendered":"\n<p><\/p>\n\n\n\n<p><font color=\"black\">Mit der psychologischen Hom\u00f6opathie kann besonders auf psychische Beschwerden und Ungleichgewichte eingegangen werden.<\/p>\n\n\n\n<div class=\"wp-block-image\"><figure class=\"alignright size-large is-resized\"><a href=\"http:\/\/www.gut-geht-so.de\/03_wordpress\/wp-content\/uploads\/2023\/08\/Homoeopathie_gut-geht-so.jpg\"><img decoding=\"async\" loading=\"lazy\" src=\"http:\/\/www.gut-geht-so.de\/03_wordpress\/wp-content\/uploads\/2023\/08\/Homoeopathie_gut-geht-so-1024x768.jpg\" alt=\"\" class=\"wp-image-826\" width=\"380\" height=\"285\" srcset=\"http:\/\/www.gut-geht-so.de\/03_wordpress\/wp-content\/uploads\/2023\/08\/Homoeopathie_gut-geht-so-1024x768.jpg 1024w, http:\/\/www.gut-geht-so.de\/03_wordpress\/wp-content\/uploads\/2023\/08\/Homoeopathie_gut-geht-so-300x225.jpg 300w, http:\/\/www.gut-geht-so.de\/03_wordpress\/wp-content\/uploads\/2023\/08\/Homoeopathie_gut-geht-so-768x576.jpg 768w, http:\/\/www.gut-geht-so.de\/03_wordpress\/wp-content\/uploads\/2023\/08\/Homoeopathie_gut-geht-so-1536x1152.jpg 1536w, http:\/\/www.gut-geht-so.de\/03_wordpress\/wp-content\/uploads\/2023\/08\/Homoeopathie_gut-geht-so.jpg 2016w\" sizes=\"(max-width: 380px) 100vw, 380px\" \/><\/a><\/figure><\/div>\n\n\n\n<p>Der Grundgedanke der Hom\u00f6opathie nach Dr. S. Hahnemann ist das \u00c4hnlichkeitprinzip und hei\u00dft so viel wie &#8220;\u00c4hnliches m\u00f6ge mit \u00c4hnlichem geheilt werden.&#8221;<\/p>\n\n\n\n<p>Dr. Hahnemann (1755 &#8211; 1843) war \u00fcberzeugt davon, dass jeder Mensch eine spezielle &#8220;Lebenskraft&#8221; besitzt, die f\u00fcr das harmonische Zusammenspiel der verschiedenen Organsysteme des K\u00f6rpers und auch f\u00fcr die Harmonie zwischen K\u00f6rper, Geist und Seele verantwortlich ist.<\/p>\n\n\n\n<p>Gibt es hier Dysbalancen und dadurch wahrnehmbare Alarmsignale (Symptome), k\u00f6nnen wir durch eine hom\u00f6opathische Behandlung dazu angeregt werden, mit dieser speziellen Lebenskraft in Kontakt zu kommen, sie entsprechend zu st\u00e4rken, dadurch die k\u00f6rperlich-geistig-seelische Kraft ins Geleichgewicht zu bringen und somit die Selbstheilungskr\u00e4fte zielgerichtet zu aktivieren.<\/p>\n\n\n\n<p>In der rein psychologischen Hom\u00f6opathie kommen bei mir spezielle Potenzen mit geringem Wirkstoffgehalt zum Einsatz: f\u00fcr eine sanfte Aktivierung der geistig-emotionalen Kr\u00e4fte ohne Nebenwirkungen.<\/p>\n\n\n\n<p>Ich bin immer wieder fasziniert von der Lehre Dr. Hahnemanns und davon, dass sich in der Natur f\u00fcr jedes Individuum eine Substanz finden l\u00e4sst, in der das jeweilige energetische, geistige und seelische Gleichgewicht seine Entsprechung findet.<\/p>\n\n\n\n<p>Bitte fragen Sie gern nach bei mir.<\/p>\n\n\n\n<p><\/p>\n","protected":false},"excerpt":{"rendered":"<p>Mit der psychologischen Hom\u00f6opathie kann besonders auf psychische Beschwerden und Ungleichgewichte eingegangen werden. Der Grundgedanke der Hom\u00f6opathie nach Dr. S. Hahnemann ist das \u00c4hnlichkeitprinzip und hei\u00dft so viel wie &#8220;\u00c4hnliches m\u00f6ge mit \u00c4hnlichem geheilt werden.&#8221; Dr. Hahnemann (1755 &#8211; 1843) war \u00fcberzeugt davon, dass jeder Mensch eine spezielle &#8220;Lebenskraft&#8221; besitzt, die f\u00fcr das harmonische Zusammenspiel [&hellip;]<\/p>\n","protected":false},"author":1,"featured_media":0,"parent":0,"menu_order":0,"comment_status":"closed","ping_status":"closed","template":"page-full-width.php","meta":{"footnotes":""},"yoast_head":"<!-- This site is optimized with the Yoast SEO plugin v18.9 - https:\/\/yoast.com\/wordpress\/plugins\/seo\/ -->\n<title>Psychologische Hom\u00f6opathie - Karen Thielert-Kr\u00f6mer<\/title>\n<meta name=\"description\" content=\"Karen Thielert-Kr\u00f6mer Psychologische Hom\u00f6opathie\" \/>\n<meta name=\"robots\" content=\"index, follow, max-snippet:-1, max-image-preview:large, max-video-preview:-1\" \/>\n<link rel=\"canonical\" href=\"http:\/\/www.gut-geht-so.de\/03_wordpress\/aktiv-fuers-leben\/\" \/>\n<meta property=\"og:locale\" content=\"de_DE\" \/>\n<meta property=\"og:type\" content=\"article\" \/>\n<meta property=\"og:title\" content=\"Psychologische Hom\u00f6opathie - Karen Thielert-Kr\u00f6mer\" \/>\n<meta property=\"og:description\" content=\"Karen Thielert-Kr\u00f6mer &lt;font color=&quot;black&quot;&gt;Psychologische Hom\u00f6opathie\" \/>\n<meta property=\"og:url\" content=\"http:\/\/www.gut-geht-so.de\/03_wordpress\/aktiv-fuers-leben\/\" \/>\n<meta property=\"og:site_name\" content=\"Karen Thielert-Kr\u00f6mer\" \/>\n<meta property=\"article:modified_time\" content=\"2023-08-15T19:28:16+00:00\" \/>\n<meta property=\"og:image\" content=\"http:\/\/www.gut-geht-so.de\/03_wordpress\/wp-content\/uploads\/2023\/08\/Homoeopathie_gut-geht-so-1024x768.jpg\" \/>\n<meta name=\"twitter:card\" content=\"summary_large_image\" \/>\n<meta name=\"twitter:label1\" content=\"Gesch\u00e4tzte Lesezeit\" \/>\n\t<meta name=\"twitter:data1\" content=\"2\u00a0Minuten\" \/>\n<script type=\"application\/ld+json\" class=\"yoast-schema-graph\">{\"@context\":\"https:\/\/schema.org\",\"@graph\":[{\"@type\":[\"Person\",\"Organization\"],\"@id\":\"http:\/\/www.gut-geht-so.de\/03_wordpress\/#\/schema\/person\/193693457f65a6eacf7406f39ae38821\",\"name\":\"Karen.Thielert-Kr\u00f6mer\",\"image\":{\"@type\":\"ImageObject\",\"inLanguage\":\"de\",\"@id\":\"http:\/\/www.gut-geht-so.de\/03_wordpress\/#\/schema\/person\/image\/\",\"url\":\"http:\/\/1.gravatar.com\/avatar\/ddf0d52816badacff52d22e89cdaa4d4?s=96&d=mm&r=g\",\"contentUrl\":\"http:\/\/1.gravatar.com\/avatar\/ddf0d52816badacff52d22e89cdaa4d4?s=96&d=mm&r=g\",\"caption\":\"Karen.Thielert-Kr\u00f6mer\"},\"logo\":{\"@id\":\"http:\/\/www.gut-geht-so.de\/03_wordpress\/#\/schema\/person\/image\/\"},\"sameAs\":[\"http:\/\/www.gut-geht-so.de\"]},{\"@type\":\"WebSite\",\"@id\":\"http:\/\/www.gut-geht-so.de\/03_wordpress\/#website\",\"url\":\"http:\/\/www.gut-geht-so.de\/03_wordpress\/\",\"name\":\"Karen Thielert-Kr\u00f6mer\",\"description\":\"Gut-geht-so\",\"publisher\":{\"@id\":\"http:\/\/www.gut-geht-so.de\/03_wordpress\/#\/schema\/person\/193693457f65a6eacf7406f39ae38821\"},\"potentialAction\":[{\"@type\":\"SearchAction\",\"target\":{\"@type\":\"EntryPoint\",\"urlTemplate\":\"http:\/\/www.gut-geht-so.de\/03_wordpress\/?s={search_term_string}\"},\"query-input\":\"required name=search_term_string\"}],\"inLanguage\":\"de\"},{\"@type\":\"ImageObject\",\"inLanguage\":\"de\",\"@id\":\"http:\/\/www.gut-geht-so.de\/03_wordpress\/aktiv-fuers-leben\/#primaryimage\",\"url\":\"http:\/\/www.gut-geht-so.de\/03_wordpress\/wp-content\/uploads\/2023\/08\/Homoeopathie_gut-geht-so.jpg\",\"contentUrl\":\"http:\/\/www.gut-geht-so.de\/03_wordpress\/wp-content\/uploads\/2023\/08\/Homoeopathie_gut-geht-so.jpg\",\"width\":2016,\"height\":1512},{\"@type\":\"WebPage\",\"@id\":\"http:\/\/www.gut-geht-so.de\/03_wordpress\/aktiv-fuers-leben\/#webpage\",\"url\":\"http:\/\/www.gut-geht-so.de\/03_wordpress\/aktiv-fuers-leben\/\",\"name\":\"Psychologische Hom\u00f6opathie - Karen Thielert-Kr\u00f6mer\",\"isPartOf\":{\"@id\":\"http:\/\/www.gut-geht-so.de\/03_wordpress\/#website\"},\"primaryImageOfPage\":{\"@id\":\"http:\/\/www.gut-geht-so.de\/03_wordpress\/aktiv-fuers-leben\/#primaryimage\"},\"datePublished\":\"2016-08-21T12:15:41+00:00\",\"dateModified\":\"2023-08-15T19:28:16+00:00\",\"description\":\"Karen Thielert-Kr\u00f6mer Psychologische Hom\u00f6opathie\",\"breadcrumb\":{\"@id\":\"http:\/\/www.gut-geht-so.de\/03_wordpress\/aktiv-fuers-leben\/#breadcrumb\"},\"inLanguage\":\"de\",\"potentialAction\":[{\"@type\":\"ReadAction\",\"target\":[\"http:\/\/www.gut-geht-so.de\/03_wordpress\/aktiv-fuers-leben\/\"]}]},{\"@type\":\"BreadcrumbList\",\"@id\":\"http:\/\/www.gut-geht-so.de\/03_wordpress\/aktiv-fuers-leben\/#breadcrumb\",\"itemListElement\":[{\"@type\":\"ListItem\",\"position\":1,\"name\":\"Startseite\",\"item\":\"http:\/\/www.gut-geht-so.de\/03_wordpress\/\"},{\"@type\":\"ListItem\",\"position\":2,\"name\":\"Psychologische Hom\u00f6opathie\"}]}]}<\/script>\n<!-- \/ Yoast SEO plugin. -->","yoast_head_json":{"title":"Psychologische Hom\u00f6opathie - Karen Thielert-Kr\u00f6mer","description":"Karen Thielert-Kr\u00f6mer Psychologische Hom\u00f6opathie","robots":{"index":"index","follow":"follow","max-snippet":"max-snippet:-1","max-image-preview":"max-image-preview:large","max-video-preview":"max-video-preview:-1"},"canonical":"http:\/\/www.gut-geht-so.de\/03_wordpress\/aktiv-fuers-leben\/","og_locale":"de_DE","og_type":"article","og_title":"Psychologische Hom\u00f6opathie - Karen Thielert-Kr\u00f6mer","og_description":"Karen Thielert-Kr\u00f6mer <font color=\"black\">Psychologische Hom\u00f6opathie","og_url":"http:\/\/www.gut-geht-so.de\/03_wordpress\/aktiv-fuers-leben\/","og_site_name":"Karen Thielert-Kr\u00f6mer","article_modified_time":"2023-08-15T19:28:16+00:00","og_image":[{"url":"http:\/\/www.gut-geht-so.de\/03_wordpress\/wp-content\/uploads\/2023\/08\/Homoeopathie_gut-geht-so-1024x768.jpg"}],"twitter_card":"summary_large_image","twitter_misc":{"Gesch\u00e4tzte Lesezeit":"2\u00a0Minuten"},"schema":{"@context":"https:\/\/schema.org","@graph":[{"@type":["Person","Organization"],"@id":"http:\/\/www.gut-geht-so.de\/03_wordpress\/#\/schema\/person\/193693457f65a6eacf7406f39ae38821","name":"Karen.Thielert-Kr\u00f6mer","image":{"@type":"ImageObject","inLanguage":"de","@id":"http:\/\/www.gut-geht-so.de\/03_wordpress\/#\/schema\/person\/image\/","url":"http:\/\/1.gravatar.com\/avatar\/ddf0d52816badacff52d22e89cdaa4d4?s=96&d=mm&r=g","contentUrl":"http:\/\/1.gravatar.com\/avatar\/ddf0d52816badacff52d22e89cdaa4d4?s=96&d=mm&r=g","caption":"Karen.Thielert-Kr\u00f6mer"},"logo":{"@id":"http:\/\/www.gut-geht-so.de\/03_wordpress\/#\/schema\/person\/image\/"},"sameAs":["http:\/\/www.gut-geht-so.de"]},{"@type":"WebSite","@id":"http:\/\/www.gut-geht-so.de\/03_wordpress\/#website","url":"http:\/\/www.gut-geht-so.de\/03_wordpress\/","name":"Karen Thielert-Kr\u00f6mer","description":"Gut-geht-so","publisher":{"@id":"http:\/\/www.gut-geht-so.de\/03_wordpress\/#\/schema\/person\/193693457f65a6eacf7406f39ae38821"},"potentialAction":[{"@type":"SearchAction","target":{"@type":"EntryPoint","urlTemplate":"http:\/\/www.gut-geht-so.de\/03_wordpress\/?s={search_term_string}"},"query-input":"required name=search_term_string"}],"inLanguage":"de"},{"@type":"ImageObject","inLanguage":"de","@id":"http:\/\/www.gut-geht-so.de\/03_wordpress\/aktiv-fuers-leben\/#primaryimage","url":"http:\/\/www.gut-geht-so.de\/03_wordpress\/wp-content\/uploads\/2023\/08\/Homoeopathie_gut-geht-so.jpg","contentUrl":"http:\/\/www.gut-geht-so.de\/03_wordpress\/wp-content\/uploads\/2023\/08\/Homoeopathie_gut-geht-so.jpg","width":2016,"height":1512},{"@type":"WebPage","@id":"http:\/\/www.gut-geht-so.de\/03_wordpress\/aktiv-fuers-leben\/#webpage","url":"http:\/\/www.gut-geht-so.de\/03_wordpress\/aktiv-fuers-leben\/","name":"Psychologische Hom\u00f6opathie - Karen Thielert-Kr\u00f6mer","isPartOf":{"@id":"http:\/\/www.gut-geht-so.de\/03_wordpress\/#website"},"primaryImageOfPage":{"@id":"http:\/\/www.gut-geht-so.de\/03_wordpress\/aktiv-fuers-leben\/#primaryimage"},"datePublished":"2016-08-21T12:15:41+00:00","dateModified":"2023-08-15T19:28:16+00:00","description":"Karen Thielert-Kr\u00f6mer Psychologische Hom\u00f6opathie","breadcrumb":{"@id":"http:\/\/www.gut-geht-so.de\/03_wordpress\/aktiv-fuers-leben\/#breadcrumb"},"inLanguage":"de","potentialAction":[{"@type":"ReadAction","target":["http:\/\/www.gut-geht-so.de\/03_wordpress\/aktiv-fuers-leben\/"]}]},{"@type":"BreadcrumbList","@id":"http:\/\/www.gut-geht-so.de\/03_wordpress\/aktiv-fuers-leben\/#breadcrumb","itemListElement":[{"@type":"ListItem","position":1,"name":"Startseite","item":"http:\/\/www.gut-geht-so.de\/03_wordpress\/"},{"@type":"ListItem","position":2,"name":"Psychologische Hom\u00f6opathie"}]}]}},"_links":{"self":[{"href":"http:\/\/www.gut-geht-so.de\/03_wordpress\/wp-json\/wp\/v2\/pages\/286"}],"collection":[{"href":"http:\/\/www.gut-geht-so.de\/03_wordpress\/wp-json\/wp\/v2\/pages"}],"about":[{"href":"http:\/\/www.gut-geht-so.de\/03_wordpress\/wp-json\/wp\/v2\/types\/page"}],"author":[{"embeddable":true,"href":"http:\/\/www.gut-geht-so.de\/03_wordpress\/wp-json\/wp\/v2\/users\/1"}],"replies":[{"embeddable":true,"href":"http:\/\/www.gut-geht-so.de\/03_wordpress\/wp-json\/wp\/v2\/comments?post=286"}],"version-history":[{"count":49,"href":"http:\/\/www.gut-geht-so.de\/03_wordpress\/wp-json\/wp\/v2\/pages\/286\/revisions"}],"predecessor-version":[{"id":832,"href":"http:\/\/www.gut-geht-so.de\/03_wordpress\/wp-json\/wp\/v2\/pages\/286\/revisions\/832"}],"wp:attachment":[{"href":"http:\/\/www.gut-geht-so.de\/03_wordpress\/wp-json\/wp\/v2\/media?parent=286"}],"curies":[{"name":"wp","href":"https:\/\/api.w.org\/{rel}","templated":true}]}}