{"id":154,"date":"2016-01-13T18:02:57","date_gmt":"2016-01-13T17:02:57","guid":{"rendered":"http:\/\/www.gut-geht-so.de\/03_wordpress\/?page_id=154"},"modified":"2023-08-15T21:09:42","modified_gmt":"2023-08-15T19:09:42","slug":"karen-thielert-kroemer-2","status":"publish","type":"page","link":"http:\/\/www.gut-geht-so.de\/03_wordpress\/karen-thielert-kroemer-2\/","title":{"rendered":"<font color=\"black\">Meine Qualifikation"},"content":{"rendered":"<ul>\n<li><span style=\"color: #000000;\">Integrative Lerntherapeutin<\/span><\/li>\n<li><span style=\"color: #000000;\">Entspannungsp\u00e4dagogin<br \/>\n<\/span><\/li>\n<li><span style=\"color: #000000;\">Heilpraktikerin f\u00fcr Psychotherapie<\/span><\/li>\n<li><span style=\"color: #000000;\">zertifizierte EMDR-Therapeutin (VDH \/ DGMT)<\/span><\/li>\n<li><span style=\"color: #000000;\">Wingwave\u00ae-Coach und Wingwave\u00ae-Trainerin<\/span><\/li>\n<li><span style=\"color: #000000;\">R.I.T.\u00ae-Reflexintegration &#8211; Expertin<\/span><\/li>\n<li><span style=\"color: #000000;\">Trainerin f\u00fcr berufsbezogenes Stressmanagement<\/span><\/li>\n<li><span style=\"color: #000000;\">zertifizierter Lerncoach (nlpaed)<\/span><\/li>\n<li><span style=\"color: #000000;\">zertifizierte Trainerin B-Lizenz<\/span><br \/>\n<span style=\"color: #000000;\">Gesundheitssport \/ Pr\u00e4vention<\/span><\/li>\n<\/ul>\n<h4><span style=\"color: #000000;\"><strong>Aus- bzw. Fortbildungen auf folgenden Gebieten:<\/strong><\/span><\/h4>\n<ul>\n<li><span style=\"color: #000000;\">EMDR-Traumatherapie<\/span><\/li>\n<li><span style=\"color: #000000;\">Systemische Therapie<\/span><\/li>\n<li><span style=\"color: #000000;\">Gespr\u00e4chstherapie nach Rogers<\/span><\/li>\n<li><span style=\"color: #000000;\">K\u00f6rperpsychotherapie<\/span><\/li>\n<li><span style=\"color: #000000;\">Integrative Lerntherapie<\/span><\/li>\n<li><span style=\"color: #000000;\">RIT- Reflexintegration<\/span><\/li>\n<li><span style=\"color: #000000;\">Biofeedbackverfahren<\/span><\/li>\n<li><span style=\"color: #000000;\">Wingwave\u00ae-Coaching und Wingwave\u00ae-Training<\/span><\/li>\n<li><span style=\"color: #000000;\">Training berufsbezogenes Stressmanagement (gehirngerechte Entspannung, HRV,Resilienzf\u00f6rderung)<\/span><\/li>\n<li><span style=\"color: #000000;\">NLP (Neuro-Linguistisches Programmieren)<\/span><\/li>\n<li><span style=\"color: #000000;\">Kinesiologie<\/span><\/li>\n<li><span style=\"color: #000000;\">zertifizierte Ausbildung &#8220;Psychologische Hom\u00f6opathie&#8221;<\/span><\/li>\n<li><span style=\"color: #000000;\">Bioresonanztherapie- und Testfverfahren<\/span><\/li>\n<li><span style=\"color: #000000;\">Family Group Conference (Familienrat)<\/span><\/li>\n<li><span style=\"color: #000000;\">Guolin &#8211; Qigong<\/span><\/li>\n<li><span style=\"color: #000000;\">Imaginative Familien- und Organisationsaufstellung<\/span><\/li>\n<\/ul>\n<h4><a href=\"http:\/\/www.gut-geht-so.de\/03_wordpress\/\">zur\u00fcck<\/a><\/h4>\n","protected":false},"excerpt":{"rendered":"<p>Integrative Lerntherapeutin Entspannungsp\u00e4dagogin Heilpraktikerin f\u00fcr Psychotherapie zertifizierte EMDR-Therapeutin (VDH \/ DGMT) Wingwave\u00ae-Coach und Wingwave\u00ae-Trainerin R.I.T.\u00ae-Reflexintegration &#8211; Expertin Trainerin f\u00fcr berufsbezogenes Stressmanagement zertifizierter Lerncoach (nlpaed) zertifizierte Trainerin B-Lizenz Gesundheitssport \/ Pr\u00e4vention Aus- bzw. Fortbildungen auf folgenden Gebieten: EMDR-Traumatherapie Systemische Therapie Gespr\u00e4chstherapie nach Rogers K\u00f6rperpsychotherapie Integrative Lerntherapie RIT- Reflexintegration Biofeedbackverfahren Wingwave\u00ae-Coaching und Wingwave\u00ae-Training Training berufsbezogenes Stressmanagement (gehirngerechte [&hellip;]<\/p>\n","protected":false},"author":1,"featured_media":0,"parent":0,"menu_order":0,"comment_status":"open","ping_status":"open","template":"page-full-width.php","meta":{"footnotes":""},"yoast_head":"<!-- This site is optimized with the Yoast SEO plugin v18.9 - https:\/\/yoast.com\/wordpress\/plugins\/seo\/ -->\n<title>Meine Qualifikation - Karen Thielert-Kr\u00f6mer<\/title>\n<meta name=\"description\" content=\"Karen Thielert-Kr\u00f6mer Meine Qualifikation\" \/>\n<meta name=\"robots\" content=\"index, follow, max-snippet:-1, max-image-preview:large, max-video-preview:-1\" \/>\n<link rel=\"canonical\" href=\"http:\/\/www.gut-geht-so.de\/03_wordpress\/karen-thielert-kroemer-2\/\" \/>\n<meta property=\"og:locale\" content=\"de_DE\" \/>\n<meta property=\"og:type\" content=\"article\" \/>\n<meta property=\"og:title\" content=\"Meine Qualifikation - Karen Thielert-Kr\u00f6mer\" \/>\n<meta property=\"og:description\" content=\"Karen Thielert-Kr\u00f6mer &lt;font color=&quot;black&quot;&gt;Meine Qualifikation\" \/>\n<meta property=\"og:url\" content=\"http:\/\/www.gut-geht-so.de\/03_wordpress\/karen-thielert-kroemer-2\/\" \/>\n<meta property=\"og:site_name\" content=\"Karen Thielert-Kr\u00f6mer\" \/>\n<meta property=\"article:modified_time\" content=\"2023-08-15T19:09:42+00:00\" \/>\n<meta name=\"twitter:card\" content=\"summary_large_image\" \/>\n<meta name=\"twitter:label1\" content=\"Gesch\u00e4tzte Lesezeit\" \/>\n\t<meta name=\"twitter:data1\" content=\"1\u00a0Minute\" \/>\n<script type=\"application\/ld+json\" class=\"yoast-schema-graph\">{\"@context\":\"https:\/\/schema.org\",\"@graph\":[{\"@type\":[\"Person\",\"Organization\"],\"@id\":\"http:\/\/www.gut-geht-so.de\/03_wordpress\/#\/schema\/person\/193693457f65a6eacf7406f39ae38821\",\"name\":\"Karen.Thielert-Kr\u00f6mer\",\"image\":{\"@type\":\"ImageObject\",\"inLanguage\":\"de\",\"@id\":\"http:\/\/www.gut-geht-so.de\/03_wordpress\/#\/schema\/person\/image\/\",\"url\":\"http:\/\/1.gravatar.com\/avatar\/ddf0d52816badacff52d22e89cdaa4d4?s=96&d=mm&r=g\",\"contentUrl\":\"http:\/\/1.gravatar.com\/avatar\/ddf0d52816badacff52d22e89cdaa4d4?s=96&d=mm&r=g\",\"caption\":\"Karen.Thielert-Kr\u00f6mer\"},\"logo\":{\"@id\":\"http:\/\/www.gut-geht-so.de\/03_wordpress\/#\/schema\/person\/image\/\"},\"sameAs\":[\"http:\/\/www.gut-geht-so.de\"]},{\"@type\":\"WebSite\",\"@id\":\"http:\/\/www.gut-geht-so.de\/03_wordpress\/#website\",\"url\":\"http:\/\/www.gut-geht-so.de\/03_wordpress\/\",\"name\":\"Karen Thielert-Kr\u00f6mer\",\"description\":\"Gut-geht-so\",\"publisher\":{\"@id\":\"http:\/\/www.gut-geht-so.de\/03_wordpress\/#\/schema\/person\/193693457f65a6eacf7406f39ae38821\"},\"potentialAction\":[{\"@type\":\"SearchAction\",\"target\":{\"@type\":\"EntryPoint\",\"urlTemplate\":\"http:\/\/www.gut-geht-so.de\/03_wordpress\/?s={search_term_string}\"},\"query-input\":\"required name=search_term_string\"}],\"inLanguage\":\"de\"},{\"@type\":\"WebPage\",\"@id\":\"http:\/\/www.gut-geht-so.de\/03_wordpress\/karen-thielert-kroemer-2\/#webpage\",\"url\":\"http:\/\/www.gut-geht-so.de\/03_wordpress\/karen-thielert-kroemer-2\/\",\"name\":\"Meine Qualifikation - Karen Thielert-Kr\u00f6mer\",\"isPartOf\":{\"@id\":\"http:\/\/www.gut-geht-so.de\/03_wordpress\/#website\"},\"datePublished\":\"2016-01-13T17:02:57+00:00\",\"dateModified\":\"2023-08-15T19:09:42+00:00\",\"description\":\"Karen Thielert-Kr\u00f6mer Meine Qualifikation\",\"breadcrumb\":{\"@id\":\"http:\/\/www.gut-geht-so.de\/03_wordpress\/karen-thielert-kroemer-2\/#breadcrumb\"},\"inLanguage\":\"de\",\"potentialAction\":[{\"@type\":\"ReadAction\",\"target\":[\"http:\/\/www.gut-geht-so.de\/03_wordpress\/karen-thielert-kroemer-2\/\"]}]},{\"@type\":\"BreadcrumbList\",\"@id\":\"http:\/\/www.gut-geht-so.de\/03_wordpress\/karen-thielert-kroemer-2\/#breadcrumb\",\"itemListElement\":[{\"@type\":\"ListItem\",\"position\":1,\"name\":\"Startseite\",\"item\":\"http:\/\/www.gut-geht-so.de\/03_wordpress\/\"},{\"@type\":\"ListItem\",\"position\":2,\"name\":\"Meine Qualifikation\"}]}]}<\/script>\n<!-- \/ Yoast SEO plugin. -->","yoast_head_json":{"title":"Meine Qualifikation - Karen Thielert-Kr\u00f6mer","description":"Karen Thielert-Kr\u00f6mer Meine Qualifikation","robots":{"index":"index","follow":"follow","max-snippet":"max-snippet:-1","max-image-preview":"max-image-preview:large","max-video-preview":"max-video-preview:-1"},"canonical":"http:\/\/www.gut-geht-so.de\/03_wordpress\/karen-thielert-kroemer-2\/","og_locale":"de_DE","og_type":"article","og_title":"Meine Qualifikation - Karen Thielert-Kr\u00f6mer","og_description":"Karen Thielert-Kr\u00f6mer <font color=\"black\">Meine Qualifikation","og_url":"http:\/\/www.gut-geht-so.de\/03_wordpress\/karen-thielert-kroemer-2\/","og_site_name":"Karen Thielert-Kr\u00f6mer","article_modified_time":"2023-08-15T19:09:42+00:00","twitter_card":"summary_large_image","twitter_misc":{"Gesch\u00e4tzte Lesezeit":"1\u00a0Minute"},"schema":{"@context":"https:\/\/schema.org","@graph":[{"@type":["Person","Organization"],"@id":"http:\/\/www.gut-geht-so.de\/03_wordpress\/#\/schema\/person\/193693457f65a6eacf7406f39ae38821","name":"Karen.Thielert-Kr\u00f6mer","image":{"@type":"ImageObject","inLanguage":"de","@id":"http:\/\/www.gut-geht-so.de\/03_wordpress\/#\/schema\/person\/image\/","url":"http:\/\/1.gravatar.com\/avatar\/ddf0d52816badacff52d22e89cdaa4d4?s=96&d=mm&r=g","contentUrl":"http:\/\/1.gravatar.com\/avatar\/ddf0d52816badacff52d22e89cdaa4d4?s=96&d=mm&r=g","caption":"Karen.Thielert-Kr\u00f6mer"},"logo":{"@id":"http:\/\/www.gut-geht-so.de\/03_wordpress\/#\/schema\/person\/image\/"},"sameAs":["http:\/\/www.gut-geht-so.de"]},{"@type":"WebSite","@id":"http:\/\/www.gut-geht-so.de\/03_wordpress\/#website","url":"http:\/\/www.gut-geht-so.de\/03_wordpress\/","name":"Karen Thielert-Kr\u00f6mer","description":"Gut-geht-so","publisher":{"@id":"http:\/\/www.gut-geht-so.de\/03_wordpress\/#\/schema\/person\/193693457f65a6eacf7406f39ae38821"},"potentialAction":[{"@type":"SearchAction","target":{"@type":"EntryPoint","urlTemplate":"http:\/\/www.gut-geht-so.de\/03_wordpress\/?s={search_term_string}"},"query-input":"required name=search_term_string"}],"inLanguage":"de"},{"@type":"WebPage","@id":"http:\/\/www.gut-geht-so.de\/03_wordpress\/karen-thielert-kroemer-2\/#webpage","url":"http:\/\/www.gut-geht-so.de\/03_wordpress\/karen-thielert-kroemer-2\/","name":"Meine Qualifikation - Karen Thielert-Kr\u00f6mer","isPartOf":{"@id":"http:\/\/www.gut-geht-so.de\/03_wordpress\/#website"},"datePublished":"2016-01-13T17:02:57+00:00","dateModified":"2023-08-15T19:09:42+00:00","description":"Karen Thielert-Kr\u00f6mer Meine Qualifikation","breadcrumb":{"@id":"http:\/\/www.gut-geht-so.de\/03_wordpress\/karen-thielert-kroemer-2\/#breadcrumb"},"inLanguage":"de","potentialAction":[{"@type":"ReadAction","target":["http:\/\/www.gut-geht-so.de\/03_wordpress\/karen-thielert-kroemer-2\/"]}]},{"@type":"BreadcrumbList","@id":"http:\/\/www.gut-geht-so.de\/03_wordpress\/karen-thielert-kroemer-2\/#breadcrumb","itemListElement":[{"@type":"ListItem","position":1,"name":"Startseite","item":"http:\/\/www.gut-geht-so.de\/03_wordpress\/"},{"@type":"ListItem","position":2,"name":"Meine Qualifikation"}]}]}},"_links":{"self":[{"href":"http:\/\/www.gut-geht-so.de\/03_wordpress\/wp-json\/wp\/v2\/pages\/154"}],"collection":[{"href":"http:\/\/www.gut-geht-so.de\/03_wordpress\/wp-json\/wp\/v2\/pages"}],"about":[{"href":"http:\/\/www.gut-geht-so.de\/03_wordpress\/wp-json\/wp\/v2\/types\/page"}],"author":[{"embeddable":true,"href":"http:\/\/www.gut-geht-so.de\/03_wordpress\/wp-json\/wp\/v2\/users\/1"}],"replies":[{"embeddable":true,"href":"http:\/\/www.gut-geht-so.de\/03_wordpress\/wp-json\/wp\/v2\/comments?post=154"}],"version-history":[{"count":52,"href":"http:\/\/www.gut-geht-so.de\/03_wordpress\/wp-json\/wp\/v2\/pages\/154\/revisions"}],"predecessor-version":[{"id":819,"href":"http:\/\/www.gut-geht-so.de\/03_wordpress\/wp-json\/wp\/v2\/pages\/154\/revisions\/819"}],"wp:attachment":[{"href":"http:\/\/www.gut-geht-so.de\/03_wordpress\/wp-json\/wp\/v2\/media?parent=154"}],"curies":[{"name":"wp","href":"https:\/\/api.w.org\/{rel}","templated":true}]}}