{"id":152,"date":"2016-01-13T18:02:02","date_gmt":"2016-01-13T17:02:02","guid":{"rendered":"http:\/\/www.gut-geht-so.de\/03_wordpress\/?page_id=152"},"modified":"2023-08-15T20:09:34","modified_gmt":"2023-08-15T18:09:34","slug":"impressum-2","status":"publish","type":"page","link":"http:\/\/www.gut-geht-so.de\/03_wordpress\/impressum-2\/","title":{"rendered":"<font color=\"black\">Impressum"},"content":{"rendered":"<p><span style=\"color: #000000;\">Impressum gem\u00e4\u00df\u00a0<span style=\"color: #000000;\">\u00a7 5\u00a0<\/span>Telemediengesetz (TMG)\u00a0und \u00a74 Abs. 3 Bundesdatenschutzgesetz (BDSG) und Datenschutz Grundverordnung (DS-GVO)<\/span><\/p>\n<p><span style=\"color: #000000;\">Hiermit widerspreche ich der Nutzung oder \u00dcbermittlung meiner Daten f\u00fcr Werbe, Markt- oder Meinungsforschungszwecken gem\u00e4\u00df \u00a7 28 Absatz 3 Bundesdatenschutzgesetz.<\/span><\/p>\n<h4><span style=\"color: #000000;\">Karen Thielert-Kr\u00f6mer <\/span><\/h4>\n<h4><span style=\"color: #000000;\">Heilpraktikerin f\u00fcr Psychotherapie (eingeschr\u00e4nkt auf Psychotherapie nach dem Heilpraktikergesetz), verliehen in der Bundesrepublik Deutschland<\/span><\/h4>\n<h4><span style=\"color: #000000;\">Praxisr\u00e4ume:<\/span><br \/>\n<span style=\"color: #000000;\"> Lessingstr. 6, 24576 Bad Bramstedt<br \/>\n<\/span><span style=\"color: #000000;\">K\u00e4tnerskamp 16, 24220 Flintbek<\/span><\/h4>\n<h4><span style=\"color: #000000;\">Telefon: 0174-4711 257, e-mail: Karen.Thielert-Kroemer@gut-geht-so.de<\/span><\/h4>\n<h4><span style=\"color: #000000;\">Die Erlaubnis wurde Frau Karen Thielert-Kr\u00f6mer durch den Kreis Bad Segeberg &#8211; Der Landrat &#8211; Fachdienst Gesundheit erteilt. Zust\u00e4ndige Gesundheitsbeh\u00f6rde: Kreis Bad Segeberg, Gesundheitsamt, Hamburger Strasse 30, 23795 Bad Segeberg, Deutschland<\/span><\/h4>\n<p><span style=\"color: #000000;\">Erg\u00e4nzende Angaben<\/span><\/p>\n<p><span style=\"color: #000000;\">Berufsverbandsmitgliedschaft in: Verband freier Psychotherapeuten, Heilpraktiker f\u00fcr Psychotherapie und Psychologischer Berater e.V.<\/span><\/p>\n<p><span style=\"color: #000000;\">Berufsordnung: Nachzulesen im Internet unter <a style=\"color: #000000;\" href=\"http:\/\/www.vfp.de\/images\/stories\/psy-vfp\/downloads\/berufsordnung-1-und-2.pdf\">http:\/\/www.vfp.de\/images\/stories\/psy-vfp\/downloads\/berufsordnung-1-und-2.pdf<\/a><\/span><\/p>\n<p><span style=\"color: #000000;\"><strong>Disclaimer<\/strong><\/span><\/p>\n<p><span style=\"color: #000000;\"><strong>Keine Gew\u00e4hr f\u00fcr Inhalte:<\/strong><\/span><\/p>\n<p><span style=\"color: #000000;\">Alle bereitgestellten Angaben und Informationen wurden von der Autorin nach bestem Wissen und Gewissen zusammengestellt. F\u00fcr die Richtigkeit, Vollst\u00e4ndigkeit und Aktualit\u00e4t kann die Autorin keine Gew\u00e4hr \u00fcbernehmen. Die bereitgestellten Informationen stellen keine individuelle Beratung dar und k\u00f6nnen diese nicht ersetzen.<\/span><br \/>\n<span style=\"color: #000000;\"> Gleiches gilt ebenso f\u00fcr alle anderen Internetseiten, auf die mittels Link verwiesen wird. Die Autorin ist nicht f\u00fcr den Inhalt und Gestaltung dieser verlinkten Internetseiten verantwortlich. Auch werden sich die Inhalte dieser Seiten nicht zu Eigen gemacht. Bei Bekanntwerden von entsprechenden Rechtsverletzungen werden wir diese Inhalte umgehend entfernen.<\/span><\/p>\n<p><strong><span style=\"color: #000000;\">Nutzung dieser Internetseite:<\/span><\/strong><br \/>\n<span style=\"color: #000000;\"> Inhalt, Struktur und Gestaltung dieser Internetseite sind urheberrechtlich gesch\u00fctzt. Auf den Internetseiten zur Verf\u00fcgung gestellte Texte, Textteile, Grafiken, Tabellen oder Bildmaterialien, ihr Inhalt und Ihre Kopien d\u00fcrfen ohne vorherige Zustimmung der Autorin auf keine Art ver\u00e4ndert, nicht vervielf\u00e4ltigt und nicht an Dritte verteilt oder \u00fcbermittelt werden. Alle Rechte an den auf dieser Website ver\u00f6ffentlichten Texten liegen bei Karen Thielert-Kr\u00f6mer, Lessingstr. 6, 24576 Bad Bramstedt. Auf die Internetangebote darf mittels Hyperlink verwiesen werden, wenn die aufgerufene Internetseite alleiniger Inhalt des Browserfensters wird. Verantwortlich f\u00fcr diese Internetpr\u00e4senz ist: Karen Thielert-Kr\u00f6mer<\/span><\/p>\n<p><strong><span style=\"color: #000000;\">Haftung f\u00fcr Links<\/span><\/strong><\/p>\n<p><span style=\"color: #000000;\">Unser Angebot enth\u00e4lt Links zu externen Webseiten Dritter, auf deren Inhalte wir keinen Einfluss haben. Deshalb k\u00f6nnen wir f\u00fcr diese fremden Inhalte auch keine Gew\u00e4hr \u00fcbernehmen. F\u00fcr die Inhalte der verlinkten Seiten ist stets der jeweilige Anbieter oder Betreiber der Seiten verantwortlich. Die verlinkten Seiten wurden zum Zeitpunkt der Verlinkung auf m\u00f6gliche Rechtsverst\u00f6\u00dfe \u00fcberpr\u00fcft. Rechtswidrige Inhalte waren zum Zeitpunkt der Verlinkung nicht erkennbar. Eine permanente inhaltliche Kontrolle der verlinkten Seiten ist jedoch ohne konkrete Anhaltspunkte einer Rechtsverletzung nicht zumutbar. Bei Bekanntwerden von Rechtsverletzungen werden wir derartige Links umgehend entfernen.<\/span><\/p>\n<p><strong><span style=\"color: #000000;\">Urheberrecht<\/span><\/strong><\/p>\n<p><span style=\"color: #000000;\">Die durch die Seitenbetreiber erstellten Inhalte und Werke auf diesen Seiten unterliegen dem deutschen Urheberrecht. Die Vervielf\u00e4ltigung, Bearbeitung, Verbreitung und jede Art der Verwertung au\u00dferhalb der Grenzen des Urheberrechtes bed\u00fcrfen der schriftlichen Zustimmung des jeweiligen Autors bzw. Erstellers. Downloads und Kopien dieser Seite sind nur f\u00fcr den privaten, nicht kommerziellen Gebrauch gestattet. Soweit die Inhalte auf dieser Seite nicht vom Betreiber erstellt wurden, werden die Urheberrechte Dritter beachtet. Insbesondere werden Inhalte Dritter als solche gekennzeichnet. Sollten Sie trotzdem auf eine Urheberrechtsverletzung aufmerksam werden, bitten wir um einen entsprechenden Hinweis. Bei Bekanntwerden von Rechtsverletzungen werden wir derartige Inhalte umgehend entfernen.<\/span><\/p>\n<p><strong><span style=\"color: #000000;\">Datenschutz<\/span><\/strong><\/p>\n<p><span style=\"color: #000000;\">In unserem Bundesland ist in allen Datenschutzangelegenheiten Ansprechpartner: Marit Hansen, <\/span><span style=\"color: #000000;\">Postfach 71 16, 24171 Kiel oder Holstenstra\u00dfe 98, 24103 Kiel,\u00a0Telefon: 04 31\/988-12 00, Telefax: 04 31\/988-12 23, <span lang=\"en-US\">E-Mail<\/span>: <a class=\"ContactData\" style=\"color: #000000;\" title=\"E-Mail an: mail@datenschutzzentrum.de\">mail@datenschutzzentrum.de<\/a>, <span lang=\"en-US\">Homepage<\/span>: <a class=\"RichTextExtLink ExternalLink\" style=\"color: #000000;\" title=\"Externer Link\u00a0ULD Schleswig-Holstein (\u00d6ffnet\u00a0neues\u00a0Fenster)\" href=\"http:\/\/www.datenschutzzentrum.de\/\" target=\"_blank\" rel=\"noopener\">http:\/\/www.datenschutzzentrum.de<\/a><\/span><\/p>\n<p><span style=\"color: #000000;\">Verantwortlich f\u00fcr die Verarbeitung der Patientendaten ist die Praxisinhaberin: <\/span><\/p>\n<p><span style=\"color: #000000;\">Karen Thielert-Kr\u00f6mer, Heilpraktikerin f\u00fcr Psychotherapie (eingeschr\u00e4nkt auf Psychotherapie nach dem Heilpraktikergesetz) \u2013 Lessingstrasse 6, 24576 Bad Bramstedt, +49 (0) 1744711257<\/span><\/p>\n<p><span style=\"color: #000000;\">Die Nutzung unserer Webseite ist in der Regel ohne Angabe personenbezogener Daten m\u00f6glich. Soweit auf unseren Seiten personenbezogene Daten (beispielsweise Name, Anschrift oder eMail-Adressen) erhoben werden, erfolgt dies, soweit m\u00f6glich, stets auf freiwilliger Basis. Diese Daten werden ohne Ihre ausdr\u00fcckliche Zustimmung nicht an Dritte weitergegeben.<\/span><br \/>\n<span style=\"color: #000000;\"> Wir weisen darauf hin, dass die Daten\u00fcbertragung im Internet (z.B. bei der Kommunikation per E-Mail) Sicherheitsl\u00fccken aufweisen kann. Ein l\u00fcckenloser Schutz der Daten vor dem Zugriff durch Dritte ist nicht m\u00f6glich.<\/span><br \/>\n<span style=\"color: #000000;\"> Der Nutzung von im Rahmen der Impressumspflicht ver\u00f6ffentlichten Kontaktdaten durch Dritte zur \u00dcbersendung von nicht ausdr\u00fccklich angeforderter Werbung und Informationsmaterialien wird hiermit ausdr\u00fccklich widersprochen. Die Betreiber der Seiten behalten sich ausdr\u00fccklich rechtliche Schritte im Falle der unverlangten Zusendung von Werbeinformationen, etwa durch Spam-Mails, vor.<\/span><\/p>\n<p><span style=\"color: #000000;\">Siehe erg\u00e4nzende Informationen auf der Seite Datenschutz<\/span><\/p>\n<p><span style=\"color: #000000;\"><strong>Keine Abmahnung ohne vorherigen Kontakt !<\/strong><\/span><\/p>\n<p><span style=\"color: #000000;\">Sollte der Inhalt oder die Aufmachung dieser Seite fremde Rechte Dritter oder gesetzliche Bestimmungen verletzen, so bitte ich um eine entsprechende Nachricht ohne Kostennote. Ich garantiere, dass Passagen, die zu Recht beanstandet werden, unverz\u00fcglich entfernt werden. Die Einschaltung eines Rechtsbeistandes ist hier nicht notwendig.<\/span><\/p>\n<p><span style=\"color: #000000;\">Kosten, die ohne vorherige Kontaktaufnahme ausgel\u00f6st werden, werde ich g\u00e4nzlich zur\u00fcckweisen und ggf. Gegenklage wegen Verletzung der vorgenannten Bedingungen einreichen.<\/span><\/p>\n<p><span style=\"color: #000000;\"><small><em><strong>Quelle:<\/strong>\u00a0eRecht24 DisclaimerQuelle:\u00a0Disclaimer\u00a0von S\u00f6ren Siebert &#8211;\u00a0Anwalt Internetrecht<\/em><\/small><\/span><\/p>\n<p><span style=\"color: #000000;\"><strong>Hinweis:\u00a0Ich behalte es mir ausdr\u00fccklich vor, Teile der Seiten oder das gesamte Angebot ohne gesonderte Ank\u00fcndigung zu ver\u00e4ndern, zu erg\u00e4nzen, zu l\u00f6schen oder die Ver\u00f6ffentlichung zeitweise oder endg\u00fcltig einzustellen.<\/strong><\/span><\/p>\n<h4><span style=\"color: #000000;\">\u00a9 Karen Thielert-Kr\u00f6mer \u2013 Heilpraktikerin eingeschr\u00e4nkt auf das Gebiet der Psychotherapie \u2013 Bad Bramstedt &#8211; Impressum<\/span><\/h4>\n<h4><a href=\"http:\/\/www.gut-geht-so.de\/03_wordpress\/\">zur\u00fcck<\/a><\/h4>\n","protected":false},"excerpt":{"rendered":"<p>Impressum gem\u00e4\u00df\u00a0\u00a7 5\u00a0Telemediengesetz (TMG)\u00a0und \u00a74 Abs. 3 Bundesdatenschutzgesetz (BDSG) und Datenschutz Grundverordnung (DS-GVO) Hiermit widerspreche ich der Nutzung oder \u00dcbermittlung meiner Daten f\u00fcr Werbe, Markt- oder Meinungsforschungszwecken gem\u00e4\u00df \u00a7 28 Absatz 3 Bundesdatenschutzgesetz. Karen Thielert-Kr\u00f6mer Heilpraktikerin f\u00fcr Psychotherapie (eingeschr\u00e4nkt auf Psychotherapie nach dem Heilpraktikergesetz), verliehen in der Bundesrepublik Deutschland Praxisr\u00e4ume: Lessingstr. 6, 24576 Bad Bramstedt [&hellip;]<\/p>\n","protected":false},"author":1,"featured_media":0,"parent":0,"menu_order":0,"comment_status":"open","ping_status":"open","template":"page-full-width.php","meta":{"footnotes":""},"yoast_head":"<!-- This site is optimized with the Yoast SEO plugin v18.9 - https:\/\/yoast.com\/wordpress\/plugins\/seo\/ -->\n<title>Impressum - Karen Thielert-Kr\u00f6mer<\/title>\n<meta name=\"description\" content=\"Karen Thielert-Kr\u00f6mer Impressum\" \/>\n<meta name=\"robots\" content=\"index, follow, max-snippet:-1, max-image-preview:large, max-video-preview:-1\" \/>\n<link rel=\"canonical\" href=\"http:\/\/www.gut-geht-so.de\/03_wordpress\/impressum-2\/\" \/>\n<meta property=\"og:locale\" content=\"de_DE\" \/>\n<meta property=\"og:type\" content=\"article\" \/>\n<meta property=\"og:title\" content=\"Impressum - Karen Thielert-Kr\u00f6mer\" \/>\n<meta property=\"og:description\" content=\"Karen Thielert-Kr\u00f6mer &lt;font color=&quot;black&quot;&gt;Impressum\" \/>\n<meta property=\"og:url\" content=\"http:\/\/www.gut-geht-so.de\/03_wordpress\/impressum-2\/\" \/>\n<meta property=\"og:site_name\" content=\"Karen Thielert-Kr\u00f6mer\" \/>\n<meta property=\"article:modified_time\" content=\"2023-08-15T18:09:34+00:00\" \/>\n<meta name=\"twitter:card\" content=\"summary_large_image\" \/>\n<meta name=\"twitter:label1\" content=\"Gesch\u00e4tzte Lesezeit\" \/>\n\t<meta name=\"twitter:data1\" content=\"5\u00a0Minuten\" \/>\n<script type=\"application\/ld+json\" class=\"yoast-schema-graph\">{\"@context\":\"https:\/\/schema.org\",\"@graph\":[{\"@type\":[\"Person\",\"Organization\"],\"@id\":\"http:\/\/www.gut-geht-so.de\/03_wordpress\/#\/schema\/person\/193693457f65a6eacf7406f39ae38821\",\"name\":\"Karen.Thielert-Kr\u00f6mer\",\"image\":{\"@type\":\"ImageObject\",\"inLanguage\":\"de\",\"@id\":\"http:\/\/www.gut-geht-so.de\/03_wordpress\/#\/schema\/person\/image\/\",\"url\":\"http:\/\/1.gravatar.com\/avatar\/ddf0d52816badacff52d22e89cdaa4d4?s=96&d=mm&r=g\",\"contentUrl\":\"http:\/\/1.gravatar.com\/avatar\/ddf0d52816badacff52d22e89cdaa4d4?s=96&d=mm&r=g\",\"caption\":\"Karen.Thielert-Kr\u00f6mer\"},\"logo\":{\"@id\":\"http:\/\/www.gut-geht-so.de\/03_wordpress\/#\/schema\/person\/image\/\"},\"sameAs\":[\"http:\/\/www.gut-geht-so.de\"]},{\"@type\":\"WebSite\",\"@id\":\"http:\/\/www.gut-geht-so.de\/03_wordpress\/#website\",\"url\":\"http:\/\/www.gut-geht-so.de\/03_wordpress\/\",\"name\":\"Karen Thielert-Kr\u00f6mer\",\"description\":\"Gut-geht-so\",\"publisher\":{\"@id\":\"http:\/\/www.gut-geht-so.de\/03_wordpress\/#\/schema\/person\/193693457f65a6eacf7406f39ae38821\"},\"potentialAction\":[{\"@type\":\"SearchAction\",\"target\":{\"@type\":\"EntryPoint\",\"urlTemplate\":\"http:\/\/www.gut-geht-so.de\/03_wordpress\/?s={search_term_string}\"},\"query-input\":\"required name=search_term_string\"}],\"inLanguage\":\"de\"},{\"@type\":\"WebPage\",\"@id\":\"http:\/\/www.gut-geht-so.de\/03_wordpress\/impressum-2\/#webpage\",\"url\":\"http:\/\/www.gut-geht-so.de\/03_wordpress\/impressum-2\/\",\"name\":\"Impressum - Karen Thielert-Kr\u00f6mer\",\"isPartOf\":{\"@id\":\"http:\/\/www.gut-geht-so.de\/03_wordpress\/#website\"},\"datePublished\":\"2016-01-13T17:02:02+00:00\",\"dateModified\":\"2023-08-15T18:09:34+00:00\",\"description\":\"Karen Thielert-Kr\u00f6mer Impressum\",\"breadcrumb\":{\"@id\":\"http:\/\/www.gut-geht-so.de\/03_wordpress\/impressum-2\/#breadcrumb\"},\"inLanguage\":\"de\",\"potentialAction\":[{\"@type\":\"ReadAction\",\"target\":[\"http:\/\/www.gut-geht-so.de\/03_wordpress\/impressum-2\/\"]}]},{\"@type\":\"BreadcrumbList\",\"@id\":\"http:\/\/www.gut-geht-so.de\/03_wordpress\/impressum-2\/#breadcrumb\",\"itemListElement\":[{\"@type\":\"ListItem\",\"position\":1,\"name\":\"Startseite\",\"item\":\"http:\/\/www.gut-geht-so.de\/03_wordpress\/\"},{\"@type\":\"ListItem\",\"position\":2,\"name\":\"Impressum\"}]}]}<\/script>\n<!-- \/ Yoast SEO plugin. -->","yoast_head_json":{"title":"Impressum - Karen Thielert-Kr\u00f6mer","description":"Karen Thielert-Kr\u00f6mer Impressum","robots":{"index":"index","follow":"follow","max-snippet":"max-snippet:-1","max-image-preview":"max-image-preview:large","max-video-preview":"max-video-preview:-1"},"canonical":"http:\/\/www.gut-geht-so.de\/03_wordpress\/impressum-2\/","og_locale":"de_DE","og_type":"article","og_title":"Impressum - Karen Thielert-Kr\u00f6mer","og_description":"Karen Thielert-Kr\u00f6mer <font color=\"black\">Impressum","og_url":"http:\/\/www.gut-geht-so.de\/03_wordpress\/impressum-2\/","og_site_name":"Karen Thielert-Kr\u00f6mer","article_modified_time":"2023-08-15T18:09:34+00:00","twitter_card":"summary_large_image","twitter_misc":{"Gesch\u00e4tzte Lesezeit":"5\u00a0Minuten"},"schema":{"@context":"https:\/\/schema.org","@graph":[{"@type":["Person","Organization"],"@id":"http:\/\/www.gut-geht-so.de\/03_wordpress\/#\/schema\/person\/193693457f65a6eacf7406f39ae38821","name":"Karen.Thielert-Kr\u00f6mer","image":{"@type":"ImageObject","inLanguage":"de","@id":"http:\/\/www.gut-geht-so.de\/03_wordpress\/#\/schema\/person\/image\/","url":"http:\/\/1.gravatar.com\/avatar\/ddf0d52816badacff52d22e89cdaa4d4?s=96&d=mm&r=g","contentUrl":"http:\/\/1.gravatar.com\/avatar\/ddf0d52816badacff52d22e89cdaa4d4?s=96&d=mm&r=g","caption":"Karen.Thielert-Kr\u00f6mer"},"logo":{"@id":"http:\/\/www.gut-geht-so.de\/03_wordpress\/#\/schema\/person\/image\/"},"sameAs":["http:\/\/www.gut-geht-so.de"]},{"@type":"WebSite","@id":"http:\/\/www.gut-geht-so.de\/03_wordpress\/#website","url":"http:\/\/www.gut-geht-so.de\/03_wordpress\/","name":"Karen Thielert-Kr\u00f6mer","description":"Gut-geht-so","publisher":{"@id":"http:\/\/www.gut-geht-so.de\/03_wordpress\/#\/schema\/person\/193693457f65a6eacf7406f39ae38821"},"potentialAction":[{"@type":"SearchAction","target":{"@type":"EntryPoint","urlTemplate":"http:\/\/www.gut-geht-so.de\/03_wordpress\/?s={search_term_string}"},"query-input":"required name=search_term_string"}],"inLanguage":"de"},{"@type":"WebPage","@id":"http:\/\/www.gut-geht-so.de\/03_wordpress\/impressum-2\/#webpage","url":"http:\/\/www.gut-geht-so.de\/03_wordpress\/impressum-2\/","name":"Impressum - Karen Thielert-Kr\u00f6mer","isPartOf":{"@id":"http:\/\/www.gut-geht-so.de\/03_wordpress\/#website"},"datePublished":"2016-01-13T17:02:02+00:00","dateModified":"2023-08-15T18:09:34+00:00","description":"Karen Thielert-Kr\u00f6mer Impressum","breadcrumb":{"@id":"http:\/\/www.gut-geht-so.de\/03_wordpress\/impressum-2\/#breadcrumb"},"inLanguage":"de","potentialAction":[{"@type":"ReadAction","target":["http:\/\/www.gut-geht-so.de\/03_wordpress\/impressum-2\/"]}]},{"@type":"BreadcrumbList","@id":"http:\/\/www.gut-geht-so.de\/03_wordpress\/impressum-2\/#breadcrumb","itemListElement":[{"@type":"ListItem","position":1,"name":"Startseite","item":"http:\/\/www.gut-geht-so.de\/03_wordpress\/"},{"@type":"ListItem","position":2,"name":"Impressum"}]}]}},"_links":{"self":[{"href":"http:\/\/www.gut-geht-so.de\/03_wordpress\/wp-json\/wp\/v2\/pages\/152"}],"collection":[{"href":"http:\/\/www.gut-geht-so.de\/03_wordpress\/wp-json\/wp\/v2\/pages"}],"about":[{"href":"http:\/\/www.gut-geht-so.de\/03_wordpress\/wp-json\/wp\/v2\/types\/page"}],"author":[{"embeddable":true,"href":"http:\/\/www.gut-geht-so.de\/03_wordpress\/wp-json\/wp\/v2\/users\/1"}],"replies":[{"embeddable":true,"href":"http:\/\/www.gut-geht-so.de\/03_wordpress\/wp-json\/wp\/v2\/comments?post=152"}],"version-history":[{"count":19,"href":"http:\/\/www.gut-geht-so.de\/03_wordpress\/wp-json\/wp\/v2\/pages\/152\/revisions"}],"predecessor-version":[{"id":782,"href":"http:\/\/www.gut-geht-so.de\/03_wordpress\/wp-json\/wp\/v2\/pages\/152\/revisions\/782"}],"wp:attachment":[{"href":"http:\/\/www.gut-geht-so.de\/03_wordpress\/wp-json\/wp\/v2\/media?parent=152"}],"curies":[{"name":"wp","href":"https:\/\/api.w.org\/{rel}","templated":true}]}}