{"id":150,"date":"2016-01-13T18:01:12","date_gmt":"2016-01-13T17:01:12","guid":{"rendered":"http:\/\/www.gut-geht-so.de\/03_wordpress\/?page_id=150"},"modified":"2020-11-02T12:37:07","modified_gmt":"2020-11-02T11:37:07","slug":"anfahrt-kontakt-2","status":"publish","type":"page","link":"http:\/\/www.gut-geht-so.de\/03_wordpress\/anfahrt-kontakt-2\/","title":{"rendered":"<font color=\"black\">Anfahrt \/ Kontakt"},"content":{"rendered":"<h3 class=\"auto-style5\">&nbsp;<\/h3>\n<h3 class=\"auto-style5\"><span style=\"color: #000000;\"><strong>Bad Bramstedt<\/strong><\/span><\/h3>\n<h4><span style=\"color: #000000;\">Lessingstrasse 6<br \/>\n<\/span><span style=\"color: #000000;\">24576 Bad Bramstedt&nbsp;<\/span><\/h4>\n<h3><span style=\"color: #000000;\"><strong>Flintbek<br \/>\n<\/strong><\/span><\/h3>\n<h4><span style=\"color: #000000;\">K\u00e4tnerskamp 16<\/span><br \/>\n<span style=\"color: #000000;\"> 24220 Flintbek<br \/>\n<\/span><\/h4>\n<p>&nbsp;<\/p>\n<h4><strong><span style=\"color: #000000;\">Tel.: 0174 &#8211; 4711 257<\/span><\/strong><\/h4>\n<h4><strong> <span style=\"color: #000000;\"> E-Mail: <a id=\"imMailLink\" style=\"color: #000000;\" title=\"E-Mail\" href=\"mailto:Karen.Thielert-Kroemer%40gut-geht-so.de\">Karen.Thielert-Kroemer@gut-geht-so.de<\/a><\/span><\/strong><\/h4>\n<p>&nbsp;<\/p>\n<h4><a href=\"http:\/\/www.gut-geht-so.de\/03_wordpress\/\">zur\u00fcck<\/a><\/h4>\n<p><script>\/\/ <![CDATA[ var map; function initialize() { var myLatlng = new google.maps.LatLng(54.2603203,10.062923400000045); var mapOptions = { zoom: 11, center: myLatlng }; map = new google.maps.Map(document.getElementById('map-canvas1'), mapOptions); var marker = new google.maps.Marker({ position: myLatlng, map: map, title: 'Praxis f\u00fcr Gesundheitsf\u00f6rderung Karen Thielert-Kr\u00f6mer' }); } google.maps.event.addDomListener(window, 'load', initialize); \/\/ ]]><\/script><\/p>\n","protected":false},"excerpt":{"rendered":"<p>&nbsp; Bad Bramstedt Lessingstrasse 6 24576 Bad Bramstedt&nbsp; Flintbek K\u00e4tnerskamp 16 24220 Flintbek &nbsp; Tel.: 0174 &#8211; 4711 257 E-Mail: Karen.Thielert-Kroemer@gut-geht-so.de &nbsp; zur\u00fcck<\/p>\n","protected":false},"author":1,"featured_media":0,"parent":0,"menu_order":0,"comment_status":"open","ping_status":"open","template":"page-full-width.php","meta":{"footnotes":""},"yoast_head":"<!-- This site is optimized with the Yoast SEO plugin v18.9 - https:\/\/yoast.com\/wordpress\/plugins\/seo\/ -->\n<title>Anfahrt \/ Kontakt - Karen Thielert-Kr\u00f6mer<\/title>\n<meta name=\"description\" content=\"Karen Thielert-Kr\u00f6mer Anfahrt \/ Kontakt\" \/>\n<meta name=\"robots\" content=\"index, follow, max-snippet:-1, max-image-preview:large, max-video-preview:-1\" \/>\n<link rel=\"canonical\" href=\"http:\/\/www.gut-geht-so.de\/03_wordpress\/anfahrt-kontakt-2\/\" \/>\n<meta property=\"og:locale\" content=\"de_DE\" \/>\n<meta property=\"og:type\" content=\"article\" \/>\n<meta property=\"og:title\" content=\"Anfahrt \/ Kontakt - Karen Thielert-Kr\u00f6mer\" \/>\n<meta property=\"og:description\" content=\"Karen Thielert-Kr\u00f6mer &lt;font color=&quot;black&quot;&gt;Anfahrt \/ Kontakt\" \/>\n<meta property=\"og:url\" content=\"http:\/\/www.gut-geht-so.de\/03_wordpress\/anfahrt-kontakt-2\/\" \/>\n<meta property=\"og:site_name\" content=\"Karen Thielert-Kr\u00f6mer\" \/>\n<meta property=\"article:modified_time\" content=\"2020-11-02T11:37:07+00:00\" \/>\n<meta name=\"twitter:card\" content=\"summary_large_image\" \/>\n<script type=\"application\/ld+json\" class=\"yoast-schema-graph\">{\"@context\":\"https:\/\/schema.org\",\"@graph\":[{\"@type\":[\"Person\",\"Organization\"],\"@id\":\"http:\/\/www.gut-geht-so.de\/03_wordpress\/#\/schema\/person\/193693457f65a6eacf7406f39ae38821\",\"name\":\"Karen.Thielert-Kr\u00f6mer\",\"image\":{\"@type\":\"ImageObject\",\"inLanguage\":\"de\",\"@id\":\"http:\/\/www.gut-geht-so.de\/03_wordpress\/#\/schema\/person\/image\/\",\"url\":\"http:\/\/1.gravatar.com\/avatar\/ddf0d52816badacff52d22e89cdaa4d4?s=96&d=mm&r=g\",\"contentUrl\":\"http:\/\/1.gravatar.com\/avatar\/ddf0d52816badacff52d22e89cdaa4d4?s=96&d=mm&r=g\",\"caption\":\"Karen.Thielert-Kr\u00f6mer\"},\"logo\":{\"@id\":\"http:\/\/www.gut-geht-so.de\/03_wordpress\/#\/schema\/person\/image\/\"},\"sameAs\":[\"http:\/\/www.gut-geht-so.de\"]},{\"@type\":\"WebSite\",\"@id\":\"http:\/\/www.gut-geht-so.de\/03_wordpress\/#website\",\"url\":\"http:\/\/www.gut-geht-so.de\/03_wordpress\/\",\"name\":\"Karen Thielert-Kr\u00f6mer\",\"description\":\"Gut-geht-so\",\"publisher\":{\"@id\":\"http:\/\/www.gut-geht-so.de\/03_wordpress\/#\/schema\/person\/193693457f65a6eacf7406f39ae38821\"},\"potentialAction\":[{\"@type\":\"SearchAction\",\"target\":{\"@type\":\"EntryPoint\",\"urlTemplate\":\"http:\/\/www.gut-geht-so.de\/03_wordpress\/?s={search_term_string}\"},\"query-input\":\"required name=search_term_string\"}],\"inLanguage\":\"de\"},{\"@type\":\"WebPage\",\"@id\":\"http:\/\/www.gut-geht-so.de\/03_wordpress\/anfahrt-kontakt-2\/#webpage\",\"url\":\"http:\/\/www.gut-geht-so.de\/03_wordpress\/anfahrt-kontakt-2\/\",\"name\":\"Anfahrt \/ Kontakt - Karen Thielert-Kr\u00f6mer\",\"isPartOf\":{\"@id\":\"http:\/\/www.gut-geht-so.de\/03_wordpress\/#website\"},\"datePublished\":\"2016-01-13T17:01:12+00:00\",\"dateModified\":\"2020-11-02T11:37:07+00:00\",\"description\":\"Karen Thielert-Kr\u00f6mer Anfahrt \/ Kontakt\",\"breadcrumb\":{\"@id\":\"http:\/\/www.gut-geht-so.de\/03_wordpress\/anfahrt-kontakt-2\/#breadcrumb\"},\"inLanguage\":\"de\",\"potentialAction\":[{\"@type\":\"ReadAction\",\"target\":[\"http:\/\/www.gut-geht-so.de\/03_wordpress\/anfahrt-kontakt-2\/\"]}]},{\"@type\":\"BreadcrumbList\",\"@id\":\"http:\/\/www.gut-geht-so.de\/03_wordpress\/anfahrt-kontakt-2\/#breadcrumb\",\"itemListElement\":[{\"@type\":\"ListItem\",\"position\":1,\"name\":\"Startseite\",\"item\":\"http:\/\/www.gut-geht-so.de\/03_wordpress\/\"},{\"@type\":\"ListItem\",\"position\":2,\"name\":\"Anfahrt \/ Kontakt\"}]}]}<\/script>\n<!-- \/ Yoast SEO plugin. -->","yoast_head_json":{"title":"Anfahrt \/ Kontakt - Karen Thielert-Kr\u00f6mer","description":"Karen Thielert-Kr\u00f6mer Anfahrt \/ Kontakt","robots":{"index":"index","follow":"follow","max-snippet":"max-snippet:-1","max-image-preview":"max-image-preview:large","max-video-preview":"max-video-preview:-1"},"canonical":"http:\/\/www.gut-geht-so.de\/03_wordpress\/anfahrt-kontakt-2\/","og_locale":"de_DE","og_type":"article","og_title":"Anfahrt \/ Kontakt - Karen Thielert-Kr\u00f6mer","og_description":"Karen Thielert-Kr\u00f6mer <font color=\"black\">Anfahrt \/ Kontakt","og_url":"http:\/\/www.gut-geht-so.de\/03_wordpress\/anfahrt-kontakt-2\/","og_site_name":"Karen Thielert-Kr\u00f6mer","article_modified_time":"2020-11-02T11:37:07+00:00","twitter_card":"summary_large_image","schema":{"@context":"https:\/\/schema.org","@graph":[{"@type":["Person","Organization"],"@id":"http:\/\/www.gut-geht-so.de\/03_wordpress\/#\/schema\/person\/193693457f65a6eacf7406f39ae38821","name":"Karen.Thielert-Kr\u00f6mer","image":{"@type":"ImageObject","inLanguage":"de","@id":"http:\/\/www.gut-geht-so.de\/03_wordpress\/#\/schema\/person\/image\/","url":"http:\/\/1.gravatar.com\/avatar\/ddf0d52816badacff52d22e89cdaa4d4?s=96&d=mm&r=g","contentUrl":"http:\/\/1.gravatar.com\/avatar\/ddf0d52816badacff52d22e89cdaa4d4?s=96&d=mm&r=g","caption":"Karen.Thielert-Kr\u00f6mer"},"logo":{"@id":"http:\/\/www.gut-geht-so.de\/03_wordpress\/#\/schema\/person\/image\/"},"sameAs":["http:\/\/www.gut-geht-so.de"]},{"@type":"WebSite","@id":"http:\/\/www.gut-geht-so.de\/03_wordpress\/#website","url":"http:\/\/www.gut-geht-so.de\/03_wordpress\/","name":"Karen Thielert-Kr\u00f6mer","description":"Gut-geht-so","publisher":{"@id":"http:\/\/www.gut-geht-so.de\/03_wordpress\/#\/schema\/person\/193693457f65a6eacf7406f39ae38821"},"potentialAction":[{"@type":"SearchAction","target":{"@type":"EntryPoint","urlTemplate":"http:\/\/www.gut-geht-so.de\/03_wordpress\/?s={search_term_string}"},"query-input":"required name=search_term_string"}],"inLanguage":"de"},{"@type":"WebPage","@id":"http:\/\/www.gut-geht-so.de\/03_wordpress\/anfahrt-kontakt-2\/#webpage","url":"http:\/\/www.gut-geht-so.de\/03_wordpress\/anfahrt-kontakt-2\/","name":"Anfahrt \/ Kontakt - Karen Thielert-Kr\u00f6mer","isPartOf":{"@id":"http:\/\/www.gut-geht-so.de\/03_wordpress\/#website"},"datePublished":"2016-01-13T17:01:12+00:00","dateModified":"2020-11-02T11:37:07+00:00","description":"Karen Thielert-Kr\u00f6mer Anfahrt \/ Kontakt","breadcrumb":{"@id":"http:\/\/www.gut-geht-so.de\/03_wordpress\/anfahrt-kontakt-2\/#breadcrumb"},"inLanguage":"de","potentialAction":[{"@type":"ReadAction","target":["http:\/\/www.gut-geht-so.de\/03_wordpress\/anfahrt-kontakt-2\/"]}]},{"@type":"BreadcrumbList","@id":"http:\/\/www.gut-geht-so.de\/03_wordpress\/anfahrt-kontakt-2\/#breadcrumb","itemListElement":[{"@type":"ListItem","position":1,"name":"Startseite","item":"http:\/\/www.gut-geht-so.de\/03_wordpress\/"},{"@type":"ListItem","position":2,"name":"Anfahrt \/ Kontakt"}]}]}},"_links":{"self":[{"href":"http:\/\/www.gut-geht-so.de\/03_wordpress\/wp-json\/wp\/v2\/pages\/150"}],"collection":[{"href":"http:\/\/www.gut-geht-so.de\/03_wordpress\/wp-json\/wp\/v2\/pages"}],"about":[{"href":"http:\/\/www.gut-geht-so.de\/03_wordpress\/wp-json\/wp\/v2\/types\/page"}],"author":[{"embeddable":true,"href":"http:\/\/www.gut-geht-so.de\/03_wordpress\/wp-json\/wp\/v2\/users\/1"}],"replies":[{"embeddable":true,"href":"http:\/\/www.gut-geht-so.de\/03_wordpress\/wp-json\/wp\/v2\/comments?post=150"}],"version-history":[{"count":15,"href":"http:\/\/www.gut-geht-so.de\/03_wordpress\/wp-json\/wp\/v2\/pages\/150\/revisions"}],"predecessor-version":[{"id":732,"href":"http:\/\/www.gut-geht-so.de\/03_wordpress\/wp-json\/wp\/v2\/pages\/150\/revisions\/732"}],"wp:attachment":[{"href":"http:\/\/www.gut-geht-so.de\/03_wordpress\/wp-json\/wp\/v2\/media?parent=150"}],"curies":[{"name":"wp","href":"https:\/\/api.w.org\/{rel}","templated":true}]}}